{"id":1000,"date":"2019-04-11T15:39:26","date_gmt":"2019-04-11T18:39:26","guid":{"rendered":"http:\/\/protevel.com.br\/protevel\/?page_id=1000"},"modified":"2019-04-11T16:20:30","modified_gmt":"2019-04-11T19:20:30","slug":"deltaplus","status":"publish","type":"page","link":"http:\/\/protevel.com.br\/protevel\/produtos\/protecao-ao-olhos-e-face\/deltaplus\/","title":{"rendered":"DeltaPlus"},"content":{"rendered":"<h1 style=\"text-align: center;\"><\/h1>\n<h1 style=\"text-align: center;\">\u00d3culos Sky Clear &#8211; C.A.\u00a0 39.878<\/h1>\n<p><img loading=\"lazy\" decoding=\"async\" class=\"alignleft\" src=\"https:\/\/www.deltaplusbrasil.com.br\/wp-content\/uploads\/2018\/07\/Sky-Incolor.jpg\" width=\"300\" height=\"200\" \/><\/p>\n<p>&nbsp;<\/p>\n<p>\u00d3culos com lente \u00fanica em policarbonato. Arma\u00e7\u00e3o sem pinos met\u00e1licos. Hastes em policarbonato tipo esp\u00e1tula, com orif\u00edcio nas pontas para coloca\u00e7\u00e3o de cord\u00e3o<\/p>\n<p>&nbsp;<\/p>\n<p>&nbsp;<\/p>\n<p>&nbsp;<\/p>\n<p>&nbsp;<\/p>\n<h1 style=\"text-align: center;\">\u00d3culos Sky Smoke &#8211; C.A. 39.878<\/h1>\n<p><img loading=\"lazy\" decoding=\"async\" class=\"alignleft\" src=\"https:\/\/www.deltaplusbrasil.com.br\/wp-content\/uploads\/2018\/07\/Sky-Fume.jpg\" width=\"300\" height=\"200\" \/><\/p>\n<p>\u00d3culos com lente \u00fanica em policarbonato. Arma\u00e7\u00e3o sem pinos met\u00e1licos. Hastes do tipo esp\u00e1tula em policarbonato com orif\u00edcio nas pontas para coloca\u00e7\u00e3o de cord\u00e3o<\/p>\n<p>&nbsp;<\/p>\n<p>&nbsp;<\/p>\n<p>&nbsp;<\/p>\n<p>&nbsp;<\/p>\n<p>&nbsp;<\/p>\n<h1 style=\"text-align: center;\">\u00d3culos Summer Clear &#8211; C.A. 19.176<\/h1>\n<p><img loading=\"lazy\" decoding=\"async\" class=\"alignleft\" src=\"https:\/\/www.deltaplusbrasil.com.br\/wp-content\/uploads\/2018\/07\/Summer-Clear-1.jpg\" width=\"300\" height=\"200\" \/><\/p>\n<p>\u00d3culos com lente \u00fanica em policarbonato. Arma\u00e7\u00e3o sem pinos met\u00e1licos. Hastes em policarbonato tipo esp\u00e1tula.<\/p>\n<p>&nbsp;<\/p>\n<p>&nbsp;<\/p>\n<p>&nbsp;<\/p>\n<p>&nbsp;<\/p>\n<p>&nbsp;<\/p>\n<p>&nbsp;<\/p>\n<h1 style=\"text-align: center;\">\u00d3culos Summer Smoke &#8211; C.A. 19.176<\/h1>\n<p><img loading=\"lazy\" decoding=\"async\" class=\"alignleft\" src=\"https:\/\/www.deltaplusbrasil.com.br\/wp-content\/uploads\/2018\/07\/Summer-Smoke-1.jpg\" width=\"300\" height=\"200\" \/><\/p>\n<p>\u00d3culos com lente \u00fanica em policarbonato. Arma\u00e7\u00e3o sem pinos met\u00e1licos. Hastes do tipo esp\u00e1tula em policarbonato.<\/p>\n<p>&nbsp;<\/p>\n<p>&nbsp;<\/p>\n<p>&nbsp;<\/p>\n<p>&nbsp;<\/p>\n<p>&nbsp;<\/p>\n<p>&nbsp;<\/p>\n<h1 style=\"text-align: center;\">\u00d3culos Vulcano2 Smoke &#8211; C.A. 35.267<\/h1>\n<p><img loading=\"lazy\" decoding=\"async\" class=\"alignleft\" src=\"https:\/\/www.deltaplusbrasil.com.br\/wp-content\/uploads\/2018\/07\/VULCANO2-SMOKE-2.jpg\" width=\"300\" height=\"200\" \/><\/p>\n<p>\u00d3culos com lente \u00fanica em policarbonato. Prote\u00e7\u00e3o lateral, UV-400 (UVA e UVB), antirrisco e antiemba\u00e7ante. Arma\u00e7\u00e3o com pinos met\u00e1licos. Hastes em Nylon tipo esp\u00e1tula, ajust\u00e1veis e inclin\u00e1veis. Ponte nasal em TPE macio para extra conforto.<\/p>\n<p>&nbsp;<\/p>\n<p>&nbsp;<\/p>\n<p>&nbsp;<\/p>\n<p>&nbsp;<\/p>\n<p>&nbsp;<\/p>\n<h1 style=\"text-align: center;\">\u00d3culos Meia Smoke &#8211; C.A. 38.251<\/h1>\n<p><img loading=\"lazy\" decoding=\"async\" class=\"alignleft\" src=\"https:\/\/www.deltaplusbrasil.com.br\/wp-content\/uploads\/2018\/07\/MEIA-SMOKE.jpg\" width=\"300\" height=\"200\" \/><\/p>\n<p>\u00d3culos com lente \u00fanica em policarbonato. Prote\u00e7\u00e3o UV-400 (UVA e UVB) e antirrisco. Arma\u00e7\u00e3o com pinos met\u00e1licos. Ponte nasal integrada em policarbonato. Hastes em policarbonato com pontas antideslizantes em PVC.<\/p>\n<p>&nbsp;<\/p>\n<p>&nbsp;<\/p>\n<p>&nbsp;<\/p>\n<p>&nbsp;<\/p>\n<p>&nbsp;<\/p>\n<h1 style=\"text-align: center;\">\u00d3culos Egon Smoke &#8211; C.A. 38.175<\/h1>\n<p><img loading=\"lazy\" decoding=\"async\" class=\"alignleft\" src=\"https:\/\/www.deltaplusbrasil.com.br\/wp-content\/uploads\/2018\/07\/EGON-SMOKE-1.jpg\" width=\"300\" height=\"200\" \/><\/p>\n<p>\u00d3culos ergon\u00f4nimo em policarbonato. Prote\u00e7\u00e3o lateral, UV-400 (UVA e UVB), antirrisco e antiemba\u00e7ante. Arma\u00e7\u00e3o sem pinos met\u00e1licos. Design esportivo. Hastes em policarbonato e Nylon extra flex\u00edvel. Apoio nasal em TPE macio para maior conforto.<\/p>\n<p>&nbsp;<\/p>\n<p>&nbsp;<\/p>\n<p>&nbsp;<\/p>\n<p>&nbsp;<\/p>\n<p>&nbsp;<\/p>\n<h1 style=\"text-align: center;\">\u00d3culos Ma\u00e7ariqueiro &#8211; C.A.<\/h1>\n<p><img loading=\"lazy\" decoding=\"async\" class=\"alignleft\" src=\"https:\/\/www.deltaplusbrasil.com.br\/wp-content\/uploads\/2018\/07\/Oculos_Macariqueiro.jpg\" width=\"300\" height=\"200\" \/><\/p>\n<p>\u00d3culos ma\u00e7ariqueiro, arma\u00e7\u00e3o \u00fanica em PVC com ventila\u00e7\u00e3o indireta atrav\u00e9s de quatro v\u00e1lvulas, lente de cobertura em material pl\u00e1stico, filtro de luz em policarbonato tonalidade 6.0 com 50 mm de di\u00e2metro e tirante el\u00e1stico ajust\u00e1vel.<\/p>\n","protected":false},"excerpt":{"rendered":"<p>\u00d3culos Sky Clear &#8211; C.A.\u00a0 39.878 &nbsp; \u00d3culos com lente \u00fanica em policarbonato. Arma\u00e7\u00e3o sem pinos met\u00e1licos. Hastes em policarbonato tipo esp\u00e1tula, com orif\u00edcio nas pontas para coloca\u00e7\u00e3o de cord\u00e3o &nbsp; &nbsp; &nbsp; &nbsp; \u00d3culos Sky Smoke &#8211; C.A. 39.878 \u00d3culos com lente \u00fanica em policarbonato. Arma\u00e7\u00e3o sem pinos met\u00e1licos. Hastes do tipo esp\u00e1tula em ..<br \/><a href=\"http:\/\/protevel.com.br\/protevel\/produtos\/protecao-ao-olhos-e-face\/deltaplus\/\" title=\"Read more\">Read more<\/a><\/p>\n","protected":false},"author":2,"featured_media":0,"parent":582,"menu_order":0,"comment_status":"closed","ping_status":"closed","template":"","meta":{"om_disable_all_campaigns":false,"footnotes":""},"class_list":["post-1000","page","type-page","status-publish","hentry"],"aioseo_notices":[],"_links":{"self":[{"href":"http:\/\/protevel.com.br\/protevel\/wp-json\/wp\/v2\/pages\/1000","targetHints":{"allow":["GET"]}}],"collection":[{"href":"http:\/\/protevel.com.br\/protevel\/wp-json\/wp\/v2\/pages"}],"about":[{"href":"http:\/\/protevel.com.br\/protevel\/wp-json\/wp\/v2\/types\/page"}],"author":[{"embeddable":true,"href":"http:\/\/protevel.com.br\/protevel\/wp-json\/wp\/v2\/users\/2"}],"replies":[{"embeddable":true,"href":"http:\/\/protevel.com.br\/protevel\/wp-json\/wp\/v2\/comments?post=1000"}],"version-history":[{"count":16,"href":"http:\/\/protevel.com.br\/protevel\/wp-json\/wp\/v2\/pages\/1000\/revisions"}],"predecessor-version":[{"id":1019,"href":"http:\/\/protevel.com.br\/protevel\/wp-json\/wp\/v2\/pages\/1000\/revisions\/1019"}],"up":[{"embeddable":true,"href":"http:\/\/protevel.com.br\/protevel\/wp-json\/wp\/v2\/pages\/582"}],"wp:attachment":[{"href":"http:\/\/protevel.com.br\/protevel\/wp-json\/wp\/v2\/media?parent=1000"}],"curies":[{"name":"wp","href":"https:\/\/api.w.org\/{rel}","templated":true}]}}