{"id":1031,"date":"2019-05-16T15:44:48","date_gmt":"2019-05-16T18:44:48","guid":{"rendered":"http:\/\/protevel.com.br\/protevel\/?page_id=1031"},"modified":"2019-05-16T17:16:24","modified_gmt":"2019-05-16T20:16:24","slug":"camper","status":"publish","type":"page","link":"http:\/\/protevel.com.br\/protevel\/produtos\/protecao-respiratoria\/camper\/","title":{"rendered":"Camper"},"content":{"rendered":"\n<h2 class=\"wp-block-heading\">RESPIRADOR PFF2 SEM V\u00c1LVULA -C.A. 38.942<\/h2>\n\n\n\n<p><\/p>\n\n\n\n<div class=\"wp-block-image\"><figure class=\"alignleft\"><a href=\"http:\/\/www.camperepi.com.br\/wp-content\/uploads\/2019\/01\/Respiratorio-sem-valvula.jpg\"><img decoding=\"async\" src=\"http:\/\/www.camperepi.com.br\/wp-content\/uploads\/2019\/01\/Respiratorio-sem-valvula-360x240.jpg\" alt=\"\"\/><\/a><\/figure><\/div>\n\n\n\n<h2 class=\"wp-block-heading\"><br><\/h2>\n\n\n\n<p>Prote\u00e7\u00e3o contra poeiras e n\u00e9voas<br> Descri\u00e7\u00e3o: Respirador purificador de ar, tipo pe\u00e7a semi-facial filtrante para part\u00edculas, classe PFF2 (S), dobr\u00e1vel. <\/p>\n\n\n\n<p>\u2022 Clipe nasal interno para maior conforto<\/p>\n\n\n\n<p>\u2022 El\u00e1stico fixado diretamente ao respirador<\/p>\n\n\n\n<p>\u2022 Estrutura com 3 camadas <\/p>\n\n\n\n<p>Indica\u00e7\u00e3o de uso: Indicado para prote\u00e7\u00e3o das vias respirat\u00f3rias contra poeiras, nevoas e fumos, tais como: Carv\u00e3o mineral, min\u00e9rio de alum\u00ednio, min\u00e9rio de ferro, fibras t\u00eaxteis, cimento refinado, cal, talco, soda c\u00e1ustica, sab\u00e3o em p\u00f3, poeiras vegetais, poeiras de lixamento e esmerilhamento, entre outros. <\/p>\n\n\n\n<hr class=\"wp-block-separator is-style-wide\"\/>\n\n\n\n<h2 class=\"wp-block-heading\">RESPIRADOR PFF2 COM V\u00c1LVULA -C.A. 38.944<\/h2>\n\n\n\n<div class=\"wp-block-image\"><figure class=\"alignleft\"><a href=\"http:\/\/www.camperepi.com.br\/wp-content\/uploads\/2019\/01\/Respiratorio-com-valvula.jpg\"><img decoding=\"async\" src=\"http:\/\/www.camperepi.com.br\/wp-content\/uploads\/2019\/01\/Respiratorio-com-valvula-360x240.jpg\" alt=\"\"\/><\/a><\/figure><\/div>\n\n\n\n<p> Prote\u00e7\u00e3o contra poeiras e n\u00e9voas<br> Descri\u00e7\u00e3o: Respirador purificador de ar, tipo pe\u00e7a semi-facial filtrante para part\u00edculas, classe PFF2 (S), dobr\u00e1vel, com v\u00e1lvula de exala\u00e7\u00e3o.<\/p>\n\n\n\n<p>\u2022 Clipe nasal interno para maior conforto<\/p>\n\n\n\n<p>\u2022 El\u00e1stico fixado diretamente ao respirador<\/p>\n\n\n\n<p>\u2022 Estrutura com 3 camadas <\/p>\n\n\n\n<p>Indica\u00e7\u00e3o de uso: Indicado para prote\u00e7\u00e3o das vias respirat\u00f3rias contra poeiras, nevoas e fumos, tais como: Carv\u00e3o mineral, min\u00e9rio de alum\u00ednio, min\u00e9rio de ferro, fibras t\u00eaxteis, cimento refinado, cal, talco, soda c\u00e1ustica, sab\u00e3o em p\u00f3, poeiras vegetais, poeiras de lixamento e esmerilhamento, entre outros. <\/p>\n\n\n\n<hr class=\"wp-block-separator is-style-wide\"\/>\n\n\n\n<h2 class=\"wp-block-heading\">RESPIRADOR PFF2 SEM V\u00c1LVULA CO -C.A. 38.945<\/h2>\n\n\n\n<div class=\"wp-block-image\"><figure class=\"alignleft\"><a href=\"http:\/\/www.camperepi.com.br\/wp-content\/uploads\/2019\/01\/Respiratorio-sem-valvula-1.jpg\"><img decoding=\"async\" src=\"http:\/\/www.camperepi.com.br\/wp-content\/uploads\/2019\/01\/Respiratorio-sem-valvula-1-360x240.jpg\" alt=\"\"\/><\/a><\/figure><\/div>\n\n\n\n<p>Prote\u00e7\u00e3o contra poeiras, n\u00e9voas, fumos e certos odores de vapores org\u00e2nicos. <\/p>\n\n\n\n<p>Descri\u00e7\u00e3o: Respirador purificador de ar, tipo pe\u00e7a semi-facial filtrante para part\u00edculas, classe PFF2 (S), com manta de carv\u00e3o, dobr\u00e1vel, sem v\u00e1lvula de exala\u00e7\u00e3o. <\/p>\n\n\n\n<p>\u2022 Clipe nasal interno para maior conforto<\/p>\n\n\n\n<p>\u2022 El\u00e1stico fixado diretamente ao respirador<\/p>\n\n\n\n<p>\u2022 Estrutura com 4 camadas<\/p>\n\n\n\n<p> Indica\u00e7\u00e3o de uso: Indicado para prote\u00e7\u00e3o das vias respirat\u00f3rias contra poeiras, nevoas e fumos, tais como: Carv\u00e3o mineral, min\u00e9rio de alum\u00ednio, min\u00e9rio de ferro, fibras t\u00eaxteis, cimento refinado, cal, talco, soda c\u00e1ustica, sab\u00e3o em p\u00f3, poeiras vegetais, poeiras de lixamento e esmerilhamento, entre outros.  <\/p>\n\n\n\n<hr class=\"wp-block-separator is-style-wide\"\/>\n\n\n\n<h2 class=\"wp-block-heading\">RESPIRADOR PFF2 COM V\u00c1LVULA CO -C.A. 38.943<\/h2>\n\n\n\n<div class=\"wp-block-image\"><figure class=\"alignleft\"><a href=\"http:\/\/www.camperepi.com.br\/wp-content\/uploads\/2019\/01\/Respiratorio-com-valvula.jpg\"><img decoding=\"async\" src=\"http:\/\/www.camperepi.com.br\/wp-content\/uploads\/2019\/01\/Respiratorio-com-valvula-360x240.jpg\" alt=\"\"\/><\/a><\/figure><\/div>\n\n\n<p><br>\n<br>\n<!--StartFragment--><\/p>\n\n\n<p>Prote\u00e7\u00e3o contra poeiras, n\u00e9voas, fumos e certos odores de vapores org\u00e2nicos. <\/p>\n\n\n\n<p>Descri\u00e7\u00e3o: Respirador purificador de ar, tipo pe\u00e7a semi-facial filtrante para part\u00edculas, classe PFF2 (S), com manta de carv\u00e3o, dobr\u00e1vel, com v\u00e1lvula de exala\u00e7\u00e3o. <\/p>\n\n\n\n<p>\u2022 Clipe nasal interno para maior conforto<\/p>\n\n\n\n<p>\u2022 El\u00e1stico fixado diretamente ao respirador<\/p>\n\n\n\n<p>\u2022 Estrutura com 4 camadas<\/p>\n\n\n\n<p> Indica\u00e7\u00e3o de uso: Indicado para prote\u00e7\u00e3o das vias respirat\u00f3rias contra poeiras, nevoas e fumos, tais como: Carv\u00e3o mineral, min\u00e9rio de alum\u00ednio, min\u00e9rio de ferro, fibras t\u00eaxteis, cimento refinado, cal, talco, soda c\u00e1ustica, sab\u00e3o em p\u00f3, poeiras vegetais, poeiras de lixamento e esmerilhamento, entre outros.  <\/p>\n","protected":false},"excerpt":{"rendered":"<p>RESPIRADOR PFF2 SEM V\u00c1LVULA -C.A. 38.942 Prote\u00e7\u00e3o contra poeiras e n\u00e9voas Descri\u00e7\u00e3o: Respirador purificador de ar, tipo pe\u00e7a semi-facial filtrante para part\u00edculas, classe PFF2 (S), dobr\u00e1vel. \u2022 Clipe nasal interno para maior conforto \u2022 El\u00e1stico fixado diretamente ao respirador \u2022 Estrutura com 3 camadas Indica\u00e7\u00e3o de uso: Indicado para prote\u00e7\u00e3o das vias respirat\u00f3rias contra poeiras, ..<br \/><a href=\"http:\/\/protevel.com.br\/protevel\/produtos\/protecao-respiratoria\/camper\/\" title=\"Read more\">Read more<\/a><\/p>\n","protected":false},"author":2,"featured_media":0,"parent":660,"menu_order":0,"comment_status":"closed","ping_status":"closed","template":"","meta":{"om_disable_all_campaigns":false,"footnotes":""},"class_list":["post-1031","page","type-page","status-publish","hentry"],"aioseo_notices":[],"_links":{"self":[{"href":"http:\/\/protevel.com.br\/protevel\/wp-json\/wp\/v2\/pages\/1031","targetHints":{"allow":["GET"]}}],"collection":[{"href":"http:\/\/protevel.com.br\/protevel\/wp-json\/wp\/v2\/pages"}],"about":[{"href":"http:\/\/protevel.com.br\/protevel\/wp-json\/wp\/v2\/types\/page"}],"author":[{"embeddable":true,"href":"http:\/\/protevel.com.br\/protevel\/wp-json\/wp\/v2\/users\/2"}],"replies":[{"embeddable":true,"href":"http:\/\/protevel.com.br\/protevel\/wp-json\/wp\/v2\/comments?post=1031"}],"version-history":[{"count":10,"href":"http:\/\/protevel.com.br\/protevel\/wp-json\/wp\/v2\/pages\/1031\/revisions"}],"predecessor-version":[{"id":1048,"href":"http:\/\/protevel.com.br\/protevel\/wp-json\/wp\/v2\/pages\/1031\/revisions\/1048"}],"up":[{"embeddable":true,"href":"http:\/\/protevel.com.br\/protevel\/wp-json\/wp\/v2\/pages\/660"}],"wp:attachment":[{"href":"http:\/\/protevel.com.br\/protevel\/wp-json\/wp\/v2\/media?parent=1031"}],"curies":[{"name":"wp","href":"https:\/\/api.w.org\/{rel}","templated":true}]}}