{"id":1049,"date":"2019-05-17T16:36:11","date_gmt":"2019-05-17T19:36:11","guid":{"rendered":"http:\/\/protevel.com.br\/protevel\/?page_id=1049"},"modified":"2020-03-16T08:13:22","modified_gmt":"2020-03-16T11:13:22","slug":"f350","status":"publish","type":"page","link":"http:\/\/protevel.com.br\/protevel\/produtos\/botas\/f350\/","title":{"rendered":"F350"},"content":{"rendered":"\n<h2 class=\"wp-block-heading\">BEPEC &#8211; C.A. 35100<\/h2>\n\n\n\n<div class=\"wp-block-image\"><figure class=\"alignleft is-resized\"><img loading=\"lazy\" decoding=\"async\" src=\"http:\/\/f350epi.com.br\/wp-content\/uploads\/2019\/02\/f350bepec.png\" alt=\"\" width=\"274\" height=\"205\"\/><\/figure><\/div>\n\n\n\n<p>Couro curtido no cromo com estampa relax, forra\u00e7\u00e3o em n\u00e3o tecido, sistema de calce r\u00e1pido, com el\u00e1sticos laterais, solado em duas camadas de poliuretano (PU) expandido bi-densidade, injetado diretamente no cabedal, sendo a 1\u00aa camada (entressola) mais macia e leve proporcionando maior conforto e a 2\u00aa camada \u00e9 a mais resistente a objetos cortantes, perfurantes e a abras\u00e3o por ser a mais compacta.<\/p>\n","protected":false},"excerpt":{"rendered":"<p>BEPEC &#8211; C.A. 35100 Couro curtido no cromo com estampa relax, forra\u00e7\u00e3o em n\u00e3o tecido, sistema de calce r\u00e1pido, com el\u00e1sticos laterais, solado em duas camadas de poliuretano (PU) expandido bi-densidade, injetado diretamente no cabedal, sendo a 1\u00aa camada (entressola) mais macia e leve proporcionando maior conforto e a 2\u00aa camada \u00e9 a mais resistente ..<br \/><a href=\"http:\/\/protevel.com.br\/protevel\/produtos\/botas\/f350\/\" title=\"Read more\">Read more<\/a><\/p>\n","protected":false},"author":2,"featured_media":0,"parent":17,"menu_order":0,"comment_status":"closed","ping_status":"closed","template":"","meta":{"om_disable_all_campaigns":false,"footnotes":""},"class_list":["post-1049","page","type-page","status-publish","hentry"],"aioseo_notices":[],"_links":{"self":[{"href":"http:\/\/protevel.com.br\/protevel\/wp-json\/wp\/v2\/pages\/1049","targetHints":{"allow":["GET"]}}],"collection":[{"href":"http:\/\/protevel.com.br\/protevel\/wp-json\/wp\/v2\/pages"}],"about":[{"href":"http:\/\/protevel.com.br\/protevel\/wp-json\/wp\/v2\/types\/page"}],"author":[{"embeddable":true,"href":"http:\/\/protevel.com.br\/protevel\/wp-json\/wp\/v2\/users\/2"}],"replies":[{"embeddable":true,"href":"http:\/\/protevel.com.br\/protevel\/wp-json\/wp\/v2\/comments?post=1049"}],"version-history":[{"count":1,"href":"http:\/\/protevel.com.br\/protevel\/wp-json\/wp\/v2\/pages\/1049\/revisions"}],"predecessor-version":[{"id":1050,"href":"http:\/\/protevel.com.br\/protevel\/wp-json\/wp\/v2\/pages\/1049\/revisions\/1050"}],"up":[{"embeddable":true,"href":"http:\/\/protevel.com.br\/protevel\/wp-json\/wp\/v2\/pages\/17"}],"wp:attachment":[{"href":"http:\/\/protevel.com.br\/protevel\/wp-json\/wp\/v2\/media?parent=1049"}],"curies":[{"name":"wp","href":"https:\/\/api.w.org\/{rel}","templated":true}]}}