{"id":11,"date":"2016-03-16T01:59:01","date_gmt":"2016-03-16T01:59:01","guid":{"rendered":"http:\/\/protevel.com.br\/protevel\/?page_id=11"},"modified":"2024-12-13T14:31:28","modified_gmt":"2024-12-13T17:31:28","slug":"produtos","status":"publish","type":"page","link":"http:\/\/protevel.com.br\/protevel\/produtos\/","title":{"rendered":"Produtos"},"content":{"rendered":"<p>Nossa Linha de Produtos:<\/p>\n<p><a href=\"http:\/\/protevel.com.br\/protevel\/home-2\/botas\/\">Cal\u00e7ado<\/a><\/p>\n<p><a href=\"http:\/\/protevel.com.br\/protevel\/produtos\/protecao-a-pele\/\">Prote\u00e7\u00e3o a pele<\/a><\/p>\n<p><a href=\"http:\/\/protevel.com.br\/protevel\/produtos\/luvas\/\">Prote\u00e7\u00e3o as m\u00e3os<\/a><\/p>\n<p><a href=\"http:\/\/protevel.com.br\/protevel\/produtos\/protecao-auditiva\/\">Prote\u00e7\u00e3o auditiva<\/a><\/p>\n<p><a href=\"http:\/\/protevel.com.br\/protevel\/produtos\/protecao-ao-olhos-e-face\/\">Prote\u00e7\u00e3o olhos e face<\/a><\/p>\n<p><a href=\"http:\/\/protevel.com.br\/protevel\/produtos\/protecao-respiratoria\/\">Prote\u00e7\u00e3o respirat\u00f3ria<\/a><\/p>\n<p><a href=\"http:\/\/protevel.com.br\/protevel\/produtos\/trabalho-em-altura\/\">Trabalho em altura<\/a><\/p>\n","protected":false},"excerpt":{"rendered":"<p>Nossa Linha de Produtos: Cal\u00e7ado Prote\u00e7\u00e3o a pele Prote\u00e7\u00e3o as m\u00e3os Prote\u00e7\u00e3o auditiva Prote\u00e7\u00e3o olhos e face Prote\u00e7\u00e3o respirat\u00f3ria Trabalho em altura<\/p>\n","protected":false},"author":1,"featured_media":0,"parent":0,"menu_order":3,"comment_status":"closed","ping_status":"closed","template":"","meta":{"om_disable_all_campaigns":false,"footnotes":""},"class_list":["post-11","page","type-page","status-publish","hentry"],"aioseo_notices":[],"_links":{"self":[{"href":"http:\/\/protevel.com.br\/protevel\/wp-json\/wp\/v2\/pages\/11","targetHints":{"allow":["GET"]}}],"collection":[{"href":"http:\/\/protevel.com.br\/protevel\/wp-json\/wp\/v2\/pages"}],"about":[{"href":"http:\/\/protevel.com.br\/protevel\/wp-json\/wp\/v2\/types\/page"}],"author":[{"embeddable":true,"href":"http:\/\/protevel.com.br\/protevel\/wp-json\/wp\/v2\/users\/1"}],"replies":[{"embeddable":true,"href":"http:\/\/protevel.com.br\/protevel\/wp-json\/wp\/v2\/comments?post=11"}],"version-history":[{"count":8,"href":"http:\/\/protevel.com.br\/protevel\/wp-json\/wp\/v2\/pages\/11\/revisions"}],"predecessor-version":[{"id":1028,"href":"http:\/\/protevel.com.br\/protevel\/wp-json\/wp\/v2\/pages\/11\/revisions\/1028"}],"wp:attachment":[{"href":"http:\/\/protevel.com.br\/protevel\/wp-json\/wp\/v2\/media?parent=11"}],"curies":[{"name":"wp","href":"https:\/\/api.w.org\/{rel}","templated":true}]}}