{"id":17,"date":"2016-03-15T02:02:36","date_gmt":"2016-03-15T05:02:36","guid":{"rendered":"http:\/\/protevel.com.br\/protevel\/?page_id=17"},"modified":"2024-12-13T14:32:25","modified_gmt":"2024-12-13T17:32:25","slug":"botas","status":"publish","type":"page","link":"http:\/\/protevel.com.br\/protevel\/produtos\/botas\/","title":{"rendered":"Cal\u00e7ados"},"content":{"rendered":"\n<div class=\"wp-block-group\"><div class=\"wp-block-group__inner-container is-layout-flow wp-block-group-is-layout-flow\">\n<div class=\"wp-block-group has-vivid-cyan-blue-background-color has-background\"><div class=\"wp-block-group__inner-container is-layout-flow wp-block-group-is-layout-flow\">\n<h2 class=\"has-luminous-vivid-amber-color has-text-color has-text-align-center wp-block-heading\">Sapato Bompel 9005 AE &#8211; C.A. 15294<\/h2>\n\n\n\n<div class=\"wp-block-image\"><figure class=\"aligncenter size-large is-resized\"><img loading=\"lazy\" decoding=\"async\" src=\"http:\/\/protevel.com.br\/protevel\/wp-content\/uploads\/2019\/12\/sapato-9005-ae-1.png\" alt=\"\" class=\"wp-image-1077\" width=\"261\" height=\"261\" srcset=\"http:\/\/protevel.com.br\/protevel\/wp-content\/uploads\/2019\/12\/sapato-9005-ae-1.png 331w, http:\/\/protevel.com.br\/protevel\/wp-content\/uploads\/2019\/12\/sapato-9005-ae-1-300x300.png 300w, http:\/\/protevel.com.br\/protevel\/wp-content\/uploads\/2019\/12\/sapato-9005-ae-1-150x150.png 150w\" sizes=\"auto, (max-width: 261px) 100vw, 261px\" \/><\/figure><\/div>\n<\/div><\/div>\n<\/div><\/div>\n\n\n\n<p class=\"has-text-color has-medium-font-size has-vivid-cyan-blue-color\">Cal\u00e7ado ocupacional, tipo cal\u00e7ado baixo, confeccionado em couro vaqueta relax, fechamento em el\u00e1stico, palmilha de montagem, palmilha higi\u00eanica remov\u00edvel e lav\u00e1vel, solado de poliuretano bidensidade resistente a \u00f3leos combust\u00edveis, injetado direto no cabedal, para uso eletricista.<\/p>\n\n\n\n<div class=\"wp-block-group has-vivid-cyan-blue-background-color has-background\"><div class=\"wp-block-group__inner-container is-layout-flow wp-block-group-is-layout-flow\">\n<div class=\"wp-block-group\"><div class=\"wp-block-group__inner-container is-layout-flow wp-block-group-is-layout-flow\">\n<h2 class=\"has-luminous-vivid-amber-color has-text-color has-text-align-center wp-block-heading\">Sapato Fox TWLE-P  &#8211; C.A. 30303<\/h2>\n\n\n\n<p class=\"has-text-color has-large-font-size has-vivid-cyan-blue-color\"><\/p>\n\n\n\n<p><\/p>\n\n\n\n<div class=\"wp-block-image\"><figure class=\"aligncenter size-large is-resized\"><img loading=\"lazy\" decoding=\"async\" src=\"http:\/\/protevel.com.br\/protevel\/wp-content\/uploads\/2016\/06\/imagem_TWLE_ok.jpg\" alt=\"\" class=\"wp-image-378\" width=\"364\" height=\"180\" srcset=\"http:\/\/protevel.com.br\/protevel\/wp-content\/uploads\/2016\/06\/imagem_TWLE_ok.jpg 696w, http:\/\/protevel.com.br\/protevel\/wp-content\/uploads\/2016\/06\/imagem_TWLE_ok-300x149.jpg 300w\" sizes=\"auto, (max-width: 364px) 100vw, 364px\" \/><\/figure><\/div>\n\n\n\n<p class=\"has-text-color has-vivid-cyan-blue-color\">AAA<\/p>\n<\/div><\/div>\n<\/div><\/div>\n\n\n\n<p><\/p>\n\n\n\n<p><\/p>\n","protected":false},"excerpt":{"rendered":"<p>Sapato Bompel 9005 AE &#8211; C.A. 15294 Cal\u00e7ado ocupacional, tipo cal\u00e7ado baixo, confeccionado em couro vaqueta relax, fechamento em el\u00e1stico, palmilha de montagem, palmilha higi\u00eanica remov\u00edvel e lav\u00e1vel, solado de poliuretano bidensidade resistente a \u00f3leos combust\u00edveis, injetado direto no cabedal, para uso eletricista. Sapato Fox TWLE-P &#8211; C.A. 30303 AAA<\/p>\n","protected":false},"author":1,"featured_media":0,"parent":11,"menu_order":0,"comment_status":"closed","ping_status":"closed","template":"","meta":{"om_disable_all_campaigns":false,"footnotes":""},"class_list":["post-17","page","type-page","status-publish","hentry"],"aioseo_notices":[],"_links":{"self":[{"href":"http:\/\/protevel.com.br\/protevel\/wp-json\/wp\/v2\/pages\/17","targetHints":{"allow":["GET"]}}],"collection":[{"href":"http:\/\/protevel.com.br\/protevel\/wp-json\/wp\/v2\/pages"}],"about":[{"href":"http:\/\/protevel.com.br\/protevel\/wp-json\/wp\/v2\/types\/page"}],"author":[{"embeddable":true,"href":"http:\/\/protevel.com.br\/protevel\/wp-json\/wp\/v2\/users\/1"}],"replies":[{"embeddable":true,"href":"http:\/\/protevel.com.br\/protevel\/wp-json\/wp\/v2\/comments?post=17"}],"version-history":[{"count":80,"href":"http:\/\/protevel.com.br\/protevel\/wp-json\/wp\/v2\/pages\/17\/revisions"}],"predecessor-version":[{"id":1111,"href":"http:\/\/protevel.com.br\/protevel\/wp-json\/wp\/v2\/pages\/17\/revisions\/1111"}],"up":[{"embeddable":true,"href":"http:\/\/protevel.com.br\/protevel\/wp-json\/wp\/v2\/pages\/11"}],"wp:attachment":[{"href":"http:\/\/protevel.com.br\/protevel\/wp-json\/wp\/v2\/media?parent=17"}],"curies":[{"name":"wp","href":"https:\/\/api.w.org\/{rel}","templated":true}]}}