{"id":2,"date":"2016-03-16T01:50:32","date_gmt":"2016-03-16T01:50:32","guid":{"rendered":"http:\/\/protevel.com.br\/protevel\/?page_id=2"},"modified":"2024-12-13T14:28:33","modified_gmt":"2024-12-13T17:28:33","slug":"home","status":"publish","type":"page","link":"http:\/\/protevel.com.br\/protevel\/","title":{"rendered":"Home"},"content":{"rendered":"<p><img loading=\"lazy\" decoding=\"async\" class=\"wp-image-153 alignleft\" src=\"http:\/\/protevel.com.br\/protevel\/wp-content\/uploads\/2016\/03\/protevel-logo.gif\" alt=\"protevel logo\" width=\"345\" height=\"289\" \/><\/p>\n<p>Empresa Especializada em Equipamentos de Prote\u00e7\u00e3o Individual.<\/p>\n<p>H\u00e1 mais de 10 anos no mercado atendendo em Cascavel e toda Regi\u00e3o.<\/p>\n<p>Protevel uma empresa com Responsabilidade, sempre buscando inova\u00e7\u00f5es e seguran\u00e7a para o Trabalhador.<\/p>\n<p><a href=\"http:\/\/protevel.com.br\/protevel\/contato\/\">Solicite uma Cota\u00e7\u00e3o sem Compromisso aqui.<\/a><\/p>\n<p><strong>Algumas Marcas:<\/strong><\/p>\n<p><strong><img loading=\"lazy\" decoding=\"async\" class=\"wp-image-82 alignleft\" src=\"http:\/\/protevel.com.br\/protevel\/wp-content\/uploads\/2016\/03\/Bompel.png\" alt=\"Bompel\" width=\"117\" height=\"135\" \/><\/strong><\/p>\n<p><strong><img loading=\"lazy\" decoding=\"async\" class=\" wp-image-83 alignleft\" src=\"http:\/\/protevel.com.br\/protevel\/wp-content\/uploads\/2016\/03\/msa.png\" alt=\"msa\" width=\"137\" height=\"65\" srcset=\"http:\/\/protevel.com.br\/protevel\/wp-content\/uploads\/2016\/03\/msa.png 151w, http:\/\/protevel.com.br\/protevel\/wp-content\/uploads\/2016\/03\/msa-150x71.png 150w\" sizes=\"auto, (max-width: 137px) 100vw, 137px\" \/> <\/strong><\/p>\n<p><img loading=\"lazy\" decoding=\"async\" class=\"alignnone size-full wp-image-368\" src=\"http:\/\/protevel.com.br\/protevel\/wp-content\/uploads\/2016\/06\/logofox.jpg\" alt=\"logofox\" width=\"150\" height=\"140\" \/><\/p>\n<p>Endere\u00e7o: Rua Palotina, 849 | Pacaembu<\/p>\n<p>Cascavel | PR | CEP: 85816-600<\/p>\n<p>Fone: (45) 3227-5622 | 3225-6090 | 3227-4032<\/p>\n<p>E-mail: <a href=\"mailto:protevel@protevel.com.br\">protevel@protevel.com.br<\/a><\/p>\n<p>Copyright 2011 |\u00a0<a href=\"http:\/\/www.jcsite.com.br\" target=\"_blank\" rel=\"noopener noreferrer\">Jabes Servi\u00e7os<\/a> | Direitos Reservados<\/p>\n","protected":false},"excerpt":{"rendered":"<p>Empresa Especializada em Equipamentos de Prote\u00e7\u00e3o Individual. H\u00e1 mais de 10 anos no mercado atendendo em Cascavel e toda Regi\u00e3o. Protevel uma empresa com Responsabilidade, sempre buscando inova\u00e7\u00f5es e seguran\u00e7a para o Trabalhador. Solicite uma Cota\u00e7\u00e3o sem Compromisso aqui. Algumas Marcas: Endere\u00e7o: Rua Palotina, 849 | Pacaembu Cascavel | PR | CEP: 85816-600 Fone: (45) ..<br \/><a href=\"http:\/\/protevel.com.br\/protevel\/\" title=\"Read more\">Read more<\/a><\/p>\n","protected":false},"author":1,"featured_media":0,"parent":0,"menu_order":0,"comment_status":"closed","ping_status":"open","template":"","meta":{"om_disable_all_campaigns":false,"footnotes":""},"class_list":["post-2","page","type-page","status-publish","hentry"],"aioseo_notices":[],"_links":{"self":[{"href":"http:\/\/protevel.com.br\/protevel\/wp-json\/wp\/v2\/pages\/2","targetHints":{"allow":["GET"]}}],"collection":[{"href":"http:\/\/protevel.com.br\/protevel\/wp-json\/wp\/v2\/pages"}],"about":[{"href":"http:\/\/protevel.com.br\/protevel\/wp-json\/wp\/v2\/types\/page"}],"author":[{"embeddable":true,"href":"http:\/\/protevel.com.br\/protevel\/wp-json\/wp\/v2\/users\/1"}],"replies":[{"embeddable":true,"href":"http:\/\/protevel.com.br\/protevel\/wp-json\/wp\/v2\/comments?post=2"}],"version-history":[{"count":32,"href":"http:\/\/protevel.com.br\/protevel\/wp-json\/wp\/v2\/pages\/2\/revisions"}],"predecessor-version":[{"id":1138,"href":"http:\/\/protevel.com.br\/protevel\/wp-json\/wp\/v2\/pages\/2\/revisions\/1138"}],"wp:attachment":[{"href":"http:\/\/protevel.com.br\/protevel\/wp-json\/wp\/v2\/media?parent=2"}],"curies":[{"name":"wp","href":"https:\/\/api.w.org\/{rel}","templated":true}]}}