{"id":415,"date":"2016-06-16T15:31:05","date_gmt":"2016-06-16T18:31:05","guid":{"rendered":"http:\/\/protevel.com.br\/protevel\/?page_id=415"},"modified":"2020-03-16T08:17:28","modified_gmt":"2020-03-16T11:17:28","slug":"bompel","status":"publish","type":"page","link":"http:\/\/protevel.com.br\/protevel\/produtos\/botas\/bompel\/","title":{"rendered":"Bompel"},"content":{"rendered":"<h2 style=\"text-align: center;\">BOTINA 9003A &#8211; C.A. 11.972<\/h2>\n<p><img loading=\"lazy\" decoding=\"async\" class=\"size-full wp-image-1112 alignleft\" src=\"http:\/\/protevel.com.br\/protevel\/wp-content\/uploads\/2020\/03\/bompel.jpg\" alt=\"\" width=\"273\" height=\"184\" \/><\/p>\n<p>Cal\u00e7ado ocupacional, tipo botina, confeccionado em vaqueta relax, fechamento em el\u00e1stico, palmilha de montagem, palmilha interna inteira remov\u00edvel, solado de poliuretano bidensidade injetada direto no cabedal.<\/p>\n<ul class=\"products-details-topics\">\n<li><i class=\"fa fa-check\"><\/i>Solado Pu Bidensidade<\/li>\n<li><i class=\"fa fa-check\"><\/i>Vaqueta relax<\/li>\n<\/ul>\n<div class=\"col-12 products-details-segment clearfix\">\n<p><strong>SEGMENTOS<\/strong><\/p>\n<ul class=\"products-details-segments clearfix\">\n<li>Constru\u00e7\u00e3o Civil<\/li>\n<li>Engenharia<\/li>\n<\/ul>\n<\/div>\n<h2><\/h2>\n<h2 style=\"text-align: center;\">BOTA 9009 &#8211; C.A. 17.629<\/h2>\n<p style=\"text-align: center;\"><img loading=\"lazy\" decoding=\"async\" class=\"alignleft\" src=\"https:\/\/images.tcdn.com.br\/img\/img_prod\/673323\/9009_bota_cano_3_4_sem_bico_de_aco_47_1_20181227142134.jpg\" alt=\"Resultado de imagem para BOTA 9009 BOMPEL\" width=\"273\" height=\"338\" \/><\/p>\n<p>Cal\u00e7ado ocupacional, tipo bota meio cano, confeccionado em vaqueta, fechamento total, com puxador, palmilha de montagem, palmilha interna inteira remov\u00edvel, solado de poliuretano bidensidade injetado direto no cabedal para uso eletricista.<\/p>\n<ul class=\"products-details-topics\">\n<li><i class=\"fa fa-check\"><\/i>Solado Pu Bidensidade<\/li>\n<li><i class=\"fa fa-check\"><\/i>Vaqueta lisa<\/li>\n<\/ul>\n<h2 style=\"text-align: center;\">COTURNO 9007 &#8211; C.A. 8687<\/h2>\n<p style=\"text-align: center;\"><img loading=\"lazy\" decoding=\"async\" class=\"alignleft\" src=\"https:\/\/images.tcdn.com.br\/img\/img_prod\/673323\/9007_s_coturno_lona_ziper_45_1_20181227141118.jpg\" alt=\"Resultado de imagem para coturno 9007 bompel\" width=\"301\" height=\"411\" \/><\/p>\n<p style=\"text-align: left;\">Cal\u00e7ado ocupacional, tipo bota abaixo do joelho, confeccionada em vaqueta hidrofugada lisa, fechamento em cadar\u00e7o, palmilha de montagem, palmilha interna remov\u00edvel, solado em poliuretano bidensidade, resistente a \u00f3leos combust\u00edveis, injetada direto no cabedal.<\/p>\n<ul class=\"products-details-topics\">\n<li><i class=\"fa fa-check\"><\/i>Sem Biqueira<\/li>\n<li><i class=\"fa fa-check\"><\/i>Solado Pu Bidensidade<\/li>\n<li><i class=\"fa fa-check\"><\/i>Vaqueta Hidrofugada Lisa<\/li>\n<\/ul>\n<div class=\"col-12 products-details-segment clearfix\">\n<p><strong>SEGMENTOS<\/strong><\/p>\n<ul class=\"products-details-segments clearfix\">\n<li><i class=\"fa fa-circle\"><\/i> Militar<\/li>\n<\/ul>\n<\/div>\n<h2 style=\"text-align: center;\">SAPATO 9005AE &#8211; C.A. 15.294<\/h2>\n<div class=\"products-details-slider-thumbs\"><\/div>\n<div class=\"products-details-main-image\">\n<div id=\"image_zoom\" class=\"product-main-image\">\n<div class=\"zoom\"><img loading=\"lazy\" decoding=\"async\" class=\"alignleft\" src=\"https:\/\/images.tcdn.com.br\/img\/img_prod\/673323\/ex_9005_ae_sapato_elastico_sem_bico_de_aco_33_1_20181227101715.jpg\" alt=\"Resultado de imagem para sapato 9005ae\" width=\"371\" height=\"345\" \/><\/div>\n<\/div>\n<\/div>\n<p>Cal\u00e7ado ocupacional, tipo cal\u00e7ado baixo, confeccionado em couro vaqueta relax, fechamento em el\u00e1stico, palmilha de montagem, palmilha interna higi\u00eanica remov\u00edvel e lav\u00e1vel, solado de poliuretano bidensidade resistente a \u00f3leos combust\u00edveis, injetado direto no cabedal, para uso eletricista.<\/p>\n<ul class=\"products-details-topics\">\n<li><i class=\"fa fa-check\"><\/i>Sem Biqueira<\/li>\n<li><i class=\"fa fa-check\"><\/i>Solado Pu Bidensidade<\/li>\n<li><i class=\"fa fa-check\"><\/i>Vaqueta relax<\/li>\n<\/ul>\n","protected":false},"excerpt":{"rendered":"<p>BOTINA 9003A &#8211; C.A. 11.972 Cal\u00e7ado ocupacional, tipo botina, confeccionado em vaqueta relax, fechamento em el\u00e1stico, palmilha de montagem, palmilha interna inteira remov\u00edvel, solado de poliuretano bidensidade injetada direto no cabedal. Solado Pu Bidensidade Vaqueta relax SEGMENTOS Constru\u00e7\u00e3o Civil Engenharia BOTA 9009 &#8211; C.A. 17.629 Cal\u00e7ado ocupacional, tipo bota meio cano, confeccionado em vaqueta, fechamento ..<br \/><a href=\"http:\/\/protevel.com.br\/protevel\/produtos\/botas\/bompel\/\" title=\"Read more\">Read more<\/a><\/p>\n","protected":false},"author":2,"featured_media":0,"parent":17,"menu_order":0,"comment_status":"closed","ping_status":"closed","template":"","meta":{"om_disable_all_campaigns":false,"footnotes":""},"class_list":["post-415","page","type-page","status-publish","hentry"],"aioseo_notices":[],"_links":{"self":[{"href":"http:\/\/protevel.com.br\/protevel\/wp-json\/wp\/v2\/pages\/415","targetHints":{"allow":["GET"]}}],"collection":[{"href":"http:\/\/protevel.com.br\/protevel\/wp-json\/wp\/v2\/pages"}],"about":[{"href":"http:\/\/protevel.com.br\/protevel\/wp-json\/wp\/v2\/types\/page"}],"author":[{"embeddable":true,"href":"http:\/\/protevel.com.br\/protevel\/wp-json\/wp\/v2\/users\/2"}],"replies":[{"embeddable":true,"href":"http:\/\/protevel.com.br\/protevel\/wp-json\/wp\/v2\/comments?post=415"}],"version-history":[{"count":23,"href":"http:\/\/protevel.com.br\/protevel\/wp-json\/wp\/v2\/pages\/415\/revisions"}],"predecessor-version":[{"id":1113,"href":"http:\/\/protevel.com.br\/protevel\/wp-json\/wp\/v2\/pages\/415\/revisions\/1113"}],"up":[{"embeddable":true,"href":"http:\/\/protevel.com.br\/protevel\/wp-json\/wp\/v2\/pages\/17"}],"wp:attachment":[{"href":"http:\/\/protevel.com.br\/protevel\/wp-json\/wp\/v2\/media?parent=415"}],"curies":[{"name":"wp","href":"https:\/\/api.w.org\/{rel}","templated":true}]}}