{"id":424,"date":"2016-06-16T16:10:42","date_gmt":"2016-06-16T19:10:42","guid":{"rendered":"http:\/\/protevel.com.br\/protevel\/?page_id=424"},"modified":"2020-03-16T08:13:41","modified_gmt":"2020-03-16T11:13:41","slug":"softwork","status":"publish","type":"page","link":"http:\/\/protevel.com.br\/protevel\/produtos\/botas\/softwork\/","title":{"rendered":"Soft Works"},"content":{"rendered":"<h2 style=\"text-align: center;\">Sapato BB65 &#8211; C.A. 31.898<\/h2>\n<p style=\"text-align: center;\">(dispon\u00edvel nas cores branca ou preta)<\/p>\n<p style=\"text-align: center;\"><img decoding=\"async\" class=\"alignleft\" src=\"http:\/\/www.softworksepi.com.br\/images\/profissional%20bb65%20mat%20eva%20preto%20copiar.png?crc=4064604916\"><\/p>\n<div class=\"item\"><\/div>\n<div class=\"item\">\n<div class=\"box4 floatL\">\n<div class=\"box4 floatL\">Cal\u00e7ado ocupacional de uso profissional tipo sapato, confeccionado em EVA, nas cores preta ou branca, solado de borracha antiderrapante, resistente ao escorregamento em piso cer\u00e2mico com solu\u00e7\u00e3o detergente e em piso de a\u00e7o com solu\u00e7\u00e3o de glicerol, resistente ao \u00f3leo combust\u00edvel e \u00e0 absor\u00e7\u00e3o de energia na regi\u00e3o do salto<\/div>\n<\/div>\n<div class=\"box4 floatL\">\n<p>Prote\u00e7\u00e3o dos p\u00e9s do usu\u00e1rio contra riscos de natureza leve, contra agentes abrasivos e escoriantes e contra<br \/>\numidade proveniente de opera\u00e7\u00f5es com uso de \u00e1gua.<\/p>\n<\/div>\n<\/div>\n<p>&nbsp;<\/p>\n<p>&nbsp;<\/p>\n<h2 style=\"text-align: center;\">Sapato BB66 &#8211; C.A. 41.554<\/h2>\n<p style=\"text-align: center;\">(Dispon\u00edvel na cor preta)<\/p>\n<p><img decoding=\"async\" class=\"alignleft\" src=\"http:\/\/www.softworksepi.com.br\/images\/bb66%20preto.png?crc=3962068025\"><\/p>\n<p>Cal\u00e7ado de prote\u00e7\u00e3o com biqueira de composite tipo sapato (PB), fechado na parte do calcanhar e na parte superior (NR32), confeccionado em EVA na cor preta, solado de EVA e borracha antiderrapante, resistente ao escorregamento em piso cer\u00e2mico com solu\u00e7\u00e3o de detergente e em piso de a\u00e7o com solu\u00e7\u00e3o de glicerol (SRC), resistente ao \u00f3leo combust\u00edvel (FO) e a absor\u00e7\u00e3o de energia na regi\u00e3o do salto (E).<\/p>\n<p>&nbsp;<\/p>\n<p>&nbsp;<\/p>\n<p>&nbsp;<\/p>\n<p>&nbsp;<\/p>\n<p>&nbsp;<\/p>\n<h4 style=\"text-align: center;\"><\/h4>\n<h2 style=\"text-align: center;\">Sapato BB67 &#8211; C.A. 42.508<\/h2>\n<p style=\"text-align: center;\">(dispon\u00edvel nas cores branca ou preta)<\/p>\n<p style=\"text-align: center;\"><img decoding=\"async\" class=\"alignleft\" src=\"http:\/\/www.softworksepi.com.br\/images\/bb66%20preto.png?crc=3962068025\"><\/p>\n<p>Cal\u00e7ado ocupacional de uso profissional tipo sapato, inteiro imperme\u00e1vel, confeccionado em EVA, fechado na parte do calcanhar e na parte superior, resistente ao frio, solado em EVA com borracha antiderrapante, resistente ao escorregamento em piso cer\u00e2mico com solu\u00e7\u00e3o de detergente e em piso de a\u00e7o com solu\u00e7\u00e3o de glicerol, absor\u00e7\u00e3o de energia na regi\u00e3o do salto, resistente ao \u00f3leo combust\u00edvel, com palmilha interna.<\/p>\n<p>&nbsp;<\/p>\n<p>&nbsp;<\/p>\n<p>&nbsp;<\/p>\n<p>&nbsp;<\/p>\n<h4 style=\"text-align: center;\"><\/h4>\n<h2 style=\"text-align: center;\">T\u00eanis BB80 &#8211; C.A. 37.212<\/h2>\n<p style=\"text-align: center;\">(dispon\u00edvel nas cores branca ou preta)<\/p>\n<h4 style=\"text-align: center;\"><img decoding=\"async\" class=\"alignleft\" src=\"http:\/\/www.softworksepi.com.br\/images\/tenis%20works%20bb80%20preto%202%20copiar.png?crc=184442136\"><\/h4>\n<p>Cal\u00e7ado ocupacional de uso profissional tipo t\u00eanis, confeccionado em EVA na cor branca ou preta, solado de borracha antiderrapante, resistente ao escorregamento em piso cer\u00e2mico com solu\u00e7\u00e3o detergente e piso de a\u00e7o com solu\u00e7\u00e3o de glicerol, resistente ao \u00f3leo combust\u00edvel<\/p>\n<p>&nbsp;<\/p>\n<p>&nbsp;<\/p>\n<p>&nbsp;<\/p>\n<p>&nbsp;<\/p>\n<h2 style=\"text-align: center;\">Light Boot &#8211; C.A. 37.390<\/h2>\n<p style=\"text-align: center;\">(dispon\u00edvel nas cores branca ou preta)<\/p>\n<div class=\"box4 floatL\"><\/div>\n<div style=\"text-align: center;\"><img decoding=\"async\" class=\"alignleft\" src=\"http:\/\/www.softworksepi.com.br\/images\/light%20boot%20bb85%20preto%20copiar.png?crc=210845018\"><\/div>\n<div>Prote\u00e7\u00e3o dos p\u00e9s do usu\u00e1rio contra riscos de natureza leve, contra agentes abrasivos e escoriantes, contra<br \/>\numidade proveniente de opera\u00e7\u00f5es com uso de \u00e1gua, contra agentes t\u00e9rmicos (frio) e contra riscos de origem<br \/>\nqu\u00edmica.<\/div>\n<div>Cal\u00e7ado ocupacional tipo bota, confeccionado em EVA, solado de borracha antiderrapante, resistente ao escorregamento em piso cer\u00e2mico com solu\u00e7\u00e3o de detergente e em piso de a\u00e7o com solu\u00e7\u00e3o de glicerol,<br \/>\nresistente \u00e0 absor\u00e7\u00e3o de energia na \u00e1rea do salto, \u00e0 isola\u00e7\u00e3o el\u00e9trica (I), isola\u00e7\u00e3o contra o frio (CI) e a<br \/>\nprodutos qu\u00edmicos &#8211; Diclorometano (D); Hidr\u00f3xido de S\u00f3dio 30% (K); Solu\u00e7\u00e3o de am\u00f4nia (25 \u00b1 1)% (O);<br \/>\nPer\u00f3xido de hidrog\u00eanio (30 \u00b1 1) % (P); Hipoclorito de s\u00f3dio (13 \u00b1 1)% (R).<\/div>\n","protected":false},"excerpt":{"rendered":"<p>Sapato BB65 &#8211; C.A. 31.898 (dispon\u00edvel nas cores branca ou preta) Cal\u00e7ado ocupacional de uso profissional tipo sapato, confeccionado em EVA, nas cores preta ou branca, solado de borracha antiderrapante, resistente ao escorregamento em piso cer\u00e2mico com solu\u00e7\u00e3o detergente e em piso de a\u00e7o com solu\u00e7\u00e3o de glicerol, resistente ao \u00f3leo combust\u00edvel e \u00e0 absor\u00e7\u00e3o ..<br \/><a href=\"http:\/\/protevel.com.br\/protevel\/produtos\/botas\/softwork\/\" title=\"Read more\">Read more<\/a><\/p>\n","protected":false},"author":2,"featured_media":0,"parent":17,"menu_order":0,"comment_status":"closed","ping_status":"closed","template":"","meta":{"om_disable_all_campaigns":false,"footnotes":""},"class_list":["post-424","page","type-page","status-publish","hentry"],"aioseo_notices":[],"_links":{"self":[{"href":"http:\/\/protevel.com.br\/protevel\/wp-json\/wp\/v2\/pages\/424","targetHints":{"allow":["GET"]}}],"collection":[{"href":"http:\/\/protevel.com.br\/protevel\/wp-json\/wp\/v2\/pages"}],"about":[{"href":"http:\/\/protevel.com.br\/protevel\/wp-json\/wp\/v2\/types\/page"}],"author":[{"embeddable":true,"href":"http:\/\/protevel.com.br\/protevel\/wp-json\/wp\/v2\/users\/2"}],"replies":[{"embeddable":true,"href":"http:\/\/protevel.com.br\/protevel\/wp-json\/wp\/v2\/comments?post=424"}],"version-history":[{"count":26,"href":"http:\/\/protevel.com.br\/protevel\/wp-json\/wp\/v2\/pages\/424\/revisions"}],"predecessor-version":[{"id":1057,"href":"http:\/\/protevel.com.br\/protevel\/wp-json\/wp\/v2\/pages\/424\/revisions\/1057"}],"up":[{"embeddable":true,"href":"http:\/\/protevel.com.br\/protevel\/wp-json\/wp\/v2\/pages\/17"}],"wp:attachment":[{"href":"http:\/\/protevel.com.br\/protevel\/wp-json\/wp\/v2\/media?parent=424"}],"curies":[{"name":"wp","href":"https:\/\/api.w.org\/{rel}","templated":true}]}}