{"id":440,"date":"2016-06-16T17:02:20","date_gmt":"2016-06-16T20:02:20","guid":{"rendered":"http:\/\/protevel.com.br\/protevel\/?page_id=440"},"modified":"2020-03-16T08:13:48","modified_gmt":"2020-03-16T11:13:48","slug":"vulcabras","status":"publish","type":"page","link":"http:\/\/protevel.com.br\/protevel\/produtos\/botas\/vulcabras\/","title":{"rendered":"Vulcabras"},"content":{"rendered":"<div id=\"boxGeralHome\">\n<div class=\"colEsq\" style=\"text-align: center;\"><span style=\"font-size: 26px; font-weight: bold;\">BPCC28 &#8211; C.A. 27.223<\/span><\/div>\n<\/div>\n<div class=\"colEsq\" style=\"text-align: center;\"><\/div>\n<div class=\"colEsq\" style=\"text-align: center;\"><img loading=\"lazy\" decoding=\"async\" width=\"300\" height=\"300\" class=\"size-medium wp-image-444 alignleft\" alt=\"prod_3_grd_94330102012BOTA_borracha_branca_total_vulcabras_02\" src=\"http:\/\/protevel.com.br\/protevel\/wp-content\/uploads\/2016\/06\/prod_3_grd_94330102012BOTA_borracha_branca_total_vulcabras_02-300x300.jpg\" srcset=\"http:\/\/protevel.com.br\/protevel\/wp-content\/uploads\/2016\/06\/prod_3_grd_94330102012BOTA_borracha_branca_total_vulcabras_02-300x300.jpg 300w, http:\/\/protevel.com.br\/protevel\/wp-content\/uploads\/2016\/06\/prod_3_grd_94330102012BOTA_borracha_branca_total_vulcabras_02-150x150.jpg 150w, http:\/\/protevel.com.br\/protevel\/wp-content\/uploads\/2016\/06\/prod_3_grd_94330102012BOTA_borracha_branca_total_vulcabras_02.jpg 400w\" sizes=\"auto, (max-width: 300px) 100vw, 300px\" \/><\/div>\n<div class=\"colEsq\" style=\"text-align: center;\"><span style=\"text-align: left;\">Bota de PVC na cor branca, cano curto, sem revestimento interno (sem forro).<\/span><\/div>\n<div class=\"colEsq\" style=\"text-align: center;\">\n<p style=\"text-align: left;\"><strong>Material:<\/strong>&nbsp;PVC Injetado<br \/>\n<strong>Altura do cano:<\/strong>&nbsp;Cano Curto: 240 mm<br \/>\n<strong>Revestimento Interno:<\/strong>&nbsp;Sem forro<br \/>\n<strong>Solado:<\/strong>&nbsp;Desenho antiderrapante de f\u00e1cil limpeza e higieniza\u00e7\u00e3o<br \/>\n<strong>Numera\u00e7\u00e3o:<\/strong>&nbsp;36 ao 43 (numera\u00e7\u00e3o simples) 34\/35 e 44\/45 (numera\u00e7\u00e3o conjunta)<br \/>\n<strong>Uso:<\/strong>&nbsp;Destinada a ind\u00fastrias\/empresas de alimentos, latic\u00ednios, granjas, biscoitos, aviculturas, cl\u00ednicas, hospitais, laborat\u00f3rios, jardinagem, feiras livres, paisagismo e ao uso dom\u00e9stico em geral.<br \/>\n<strong>Indicado para:<\/strong>&nbsp;Atividades em p\u00e9, sentado, com movimenta\u00e7\u00e3o moderada durante jornada de trabalho.<\/p>\n<p>&nbsp;<\/p>\n<\/div>\n<h1 style=\"text-align: center;\">BPCL11 &#8211; C.A. 36.942<\/h1>\n<p style=\"text-align: center;\"><img loading=\"lazy\" decoding=\"async\" width=\"274\" height=\"300\" class=\"size-medium wp-image-446 alignleft\" alt=\"BPCL11-Vulcabras\" src=\"http:\/\/protevel.com.br\/protevel\/wp-content\/uploads\/2016\/06\/BPCL11-Vulcabras-274x300.jpg\" srcset=\"http:\/\/protevel.com.br\/protevel\/wp-content\/uploads\/2016\/06\/BPCL11-Vulcabras-274x300.jpg 274w, http:\/\/protevel.com.br\/protevel\/wp-content\/uploads\/2016\/06\/BPCL11-Vulcabras.jpg 548w\" sizes=\"auto, (max-width: 274px) 100vw, 274px\" \/><\/p>\n<p>Cal\u00e7ado ocupacional tipo bota imperme\u00e1vel, cano longo, confeccionado em PVC nas cores branca , solado com relevo antiderrapante.<\/p>\n<p><strong>Material:<\/strong>&nbsp;PVC Injetado<br \/>\n<strong>Altura do cano:<\/strong>&nbsp;Cano Longo: 325 mm<br \/>\n<strong>Revestimento Interno:<\/strong>&nbsp;Forro em poli\u00e9ster<br \/>\n<strong>Solado:<\/strong>&nbsp;Desenho antiderrapante de f\u00e1cil limpeza e higieniza\u00e7\u00e3o<br \/>\n<strong>Numera\u00e7\u00e3o:<\/strong>&nbsp;37 ao 43 (numera\u00e7\u00e3o simples) 44\/45 e 46\/47 (numera\u00e7\u00e3o conjunta)<br \/>\n<strong>Uso:<\/strong>&nbsp;Resistente ao contato com sangue e gordura animal (aves, bovinos e su\u00ednos), graxas, produtos qu\u00edmicos, \u00e1cidos, solventes, hidrocarbonetos (derivados de petr\u00f3leo), fungos e bact\u00e9rias. Ind\u00fastria aliment\u00edcia como frigor\u00edficos, abatedouros, latic\u00ednios, fabricantes de bebidas, e cozinhas industriais.<br \/>\n<strong>Indicado para:<\/strong>&nbsp;Atividades em p\u00e9, sentado, com movimenta\u00e7\u00e3o moderada durante jornada de trabalho e que N\u00c3O exigem puxar, levantar, ou tracionar m\u00e1quinas\/equipamentos.<\/p>\n<h1 style=\"text-align: center;\">BPCC30 &#8211; C.A. 27.223<\/h1>\n<p style=\"text-align: center;\"><img loading=\"lazy\" decoding=\"async\" width=\"300\" height=\"270\" class=\"size-medium wp-image-448 alignleft\" alt=\"slide0012_image115-800x720\" src=\"http:\/\/protevel.com.br\/protevel\/wp-content\/uploads\/2016\/06\/slide0012_image115-800x720-300x270.jpg\" srcset=\"http:\/\/protevel.com.br\/protevel\/wp-content\/uploads\/2016\/06\/slide0012_image115-800x720-300x270.jpg 300w, http:\/\/protevel.com.br\/protevel\/wp-content\/uploads\/2016\/06\/slide0012_image115-800x720-768x691.jpg 768w, http:\/\/protevel.com.br\/protevel\/wp-content\/uploads\/2016\/06\/slide0012_image115-800x720.jpg 800w\" sizes=\"auto, (max-width: 300px) 100vw, 300px\" \/><\/p>\n<p>Cal\u00e7ado ocupacional tipo bota imperme\u00e1vel, cano curto, sem forro, confeccionado em PVC na cor preta, solado com desenho antiderrapante.<\/p>\n<p><strong>Material:<\/strong>&nbsp;Polim\u00e9rico Termopl\u00e1stico Imperme\u00e1vel Emborrachado<br \/>\n<strong>Altura do cano:<\/strong>&nbsp;Cano Curto: 240 mm<br \/>\n<strong>Revestimento Interno:<\/strong>&nbsp;Sem forro<br \/>\n<strong>Solado:<\/strong>&nbsp;Desenho antiderrapante de f\u00e1cil limpeza e higieniza\u00e7\u00e3o<br \/>\n<strong>Numera\u00e7\u00e3o:<\/strong>&nbsp;36 ao 43 (numera\u00e7\u00e3o simples) 34\/35 e 44\/45 (numera\u00e7\u00e3o conjunta)<br \/>\n<strong>Uso:<\/strong>&nbsp;Constru\u00e7\u00e3o civil, lavoura, postos de combust\u00edveis, locais \u00famidos, lamacentos e encharcados.<br \/>\n<strong>Indicado para:<\/strong>&nbsp;Atividades em p\u00e9, sentado, com movimenta\u00e7\u00e3o moderada durante jornada de trabalho e que N\u00c3O exigem puxar, levantar ou tracionar m\u00e1quinas\/equipamentos.<\/p>\n<h1 style=\"text-align: center;\">BPCL21 &#8211; C.A. 36.942<\/h1>\n<p style=\"text-align: center;\"><img loading=\"lazy\" decoding=\"async\" width=\"300\" height=\"300\" class=\"size-medium wp-image-450 alignleft\" alt=\"Bota-Pvc-Cano-Longo-Bpcl21-Vulcabras--45-5549678\" src=\"http:\/\/protevel.com.br\/protevel\/wp-content\/uploads\/2016\/06\/Bota-Pvc-Cano-Longo-Bpcl21-Vulcabras-45-5549678-300x300.jpg\" srcset=\"http:\/\/protevel.com.br\/protevel\/wp-content\/uploads\/2016\/06\/Bota-Pvc-Cano-Longo-Bpcl21-Vulcabras-45-5549678-300x300.jpg 300w, http:\/\/protevel.com.br\/protevel\/wp-content\/uploads\/2016\/06\/Bota-Pvc-Cano-Longo-Bpcl21-Vulcabras-45-5549678-150x150.jpg 150w, http:\/\/protevel.com.br\/protevel\/wp-content\/uploads\/2016\/06\/Bota-Pvc-Cano-Longo-Bpcl21-Vulcabras-45-5549678-768x768.jpg 768w, http:\/\/protevel.com.br\/protevel\/wp-content\/uploads\/2016\/06\/Bota-Pvc-Cano-Longo-Bpcl21-Vulcabras-45-5549678.jpg 1000w\" sizes=\"auto, (max-width: 300px) 100vw, 300px\" \/><\/p>\n<p>Cal\u00e7ado ocupacional tipo bota imperme\u00e1vel, cano longo, confeccionado em PVC nas cores preta, solado com relevo antiderrapante.<\/p>\n<p><strong>Material:<\/strong>&nbsp;PVC Injetado<br \/>\n<strong>Altura do cano:<\/strong>&nbsp;Cano Longo: 325 mm<br \/>\n<strong>Revestimento Interno:<\/strong>&nbsp;Forro em poli\u00e9ster<br \/>\n<strong>Solado:<\/strong>&nbsp;Desenho antiderrapante de f\u00e1cil limpeza e higieniza\u00e7\u00e3o<br \/>\n<strong>Numera\u00e7\u00e3o:<\/strong>&nbsp;37 ao 43 (numera\u00e7\u00e3o simples) 44\/45 e 46\/47 (numera\u00e7\u00e3o conjunta)<br \/>\n<strong>Uso:<\/strong>&nbsp;Resistente ao contato com sangue e gordura animal (aves, bovinos e su\u00ednos), graxas, produtos qu\u00edmicos, \u00e1cidos, solventes, hidrocarbonetos (derivados de petr\u00f3leo), fungos e bact\u00e9rias. Ind\u00fastria aliment\u00edcia como frigor\u00edficos, abatedouros, latic\u00ednios, fabricantes de bebidas, e cozinhas industriais.<br \/>\n<strong>Indicado para:<\/strong>&nbsp;Atividades em p\u00e9, sentado, com movimenta\u00e7\u00e3o moderada durante jornada de trabalho e que N\u00c3O exigem puxar, levantar, ou tracionar m\u00e1quinas\/equipamentos.<\/p>\n<h1 style=\"text-align: center;\">BECC08 &#8211; C.A. 33.534<\/h1>\n<p style=\"text-align: center;\"><img loading=\"lazy\" decoding=\"async\" width=\"210\" height=\"210\" class=\"size-full wp-image-452 alignleft\" alt=\"920611-MLB20598215042_022016-Y\" src=\"http:\/\/protevel.com.br\/protevel\/wp-content\/uploads\/2016\/06\/920611-MLB20598215042_022016-Y.jpg\" srcset=\"http:\/\/protevel.com.br\/protevel\/wp-content\/uploads\/2016\/06\/920611-MLB20598215042_022016-Y.jpg 210w, http:\/\/protevel.com.br\/protevel\/wp-content\/uploads\/2016\/06\/920611-MLB20598215042_022016-Y-150x150.jpg 150w\" sizes=\"auto, (max-width: 210px) 100vw, 210px\" \/><\/p>\n<p>Cal\u00e7ado ocupacional tipo bota imperme\u00e1vel cano curto, cor branca, sem forro, cabedal e solado confeccionados em EVA, solado antiderrapante, resistente \u00e0 absor\u00e7\u00e3o de energia.<\/p>\n<p><strong>Material:<\/strong>&nbsp;Solado e cabedal em EVA<br \/>\n<strong>Altura do cano:<\/strong>&nbsp;Cano Curto: 280 mm<br \/>\n<strong>Revestimento Interno:<\/strong>&nbsp;Sem forro<br \/>\n<strong>Solado:<\/strong>&nbsp;Em EVA com desenho antiderrapante<br \/>\n<strong>Numera\u00e7\u00e3o:<\/strong>&nbsp;36 ao 43 (numera\u00e7\u00e3o simples) 34\/35 e 44\/45 (numera\u00e7\u00e3o conjunta)<br \/>\n<strong>Uso:<\/strong>&nbsp;Ind\u00fastrias, empresas de alimentos como frigor\u00edficos, abatedouros, latic\u00ednios, cozinhas industriais, shoppings, granjas e colheita de frutas.<br \/>\n<strong>Indicado para:<\/strong>&nbsp;Atividades em p\u00e9, sentado, com movimenta\u00e7\u00e3o moderada durante jornada de trabalho e que N\u00c3O exigem puxar, levantar ou tracionar m\u00e1quinas\/equipamentos.<\/p>\n<h1 style=\"text-align: center;\">BPCL35 &#8211; C.A. 39.929<\/h1>\n<p>&nbsp;<\/p>\n<p><img loading=\"lazy\" decoding=\"async\" width=\"314\" height=\"362\" class=\"alignleft\" src=\"http:\/\/www.botasvulcabras.com.br\/wp-content\/uploads\/2018\/09\/2-5.png\"><\/p>\n<p><strong>Material:<\/strong>&nbsp;PVC Injetado, com extens\u00e3o de Polaina em laminado imperme\u00e1vel e fechamento com atacador (cadar\u00e7o) para ajuste.<br \/>\n<strong>Altura do cano:<\/strong>&nbsp;Cano Extra Longo: 416 mm<br \/>\n<strong>Revestimento Interno:<\/strong>&nbsp;Com forro em poli\u00e9ster.<br \/>\n<strong>Solado:<\/strong>&nbsp;Resistente a \u00f3leo combust\u00edvel, com desenho antiderrapante de f\u00e1cil limpeza e higieniza\u00e7\u00e3o.<br \/>\n<strong>Numera\u00e7\u00e3o:<\/strong>&nbsp;37 ao 43 (numera\u00e7\u00e3o simples) 44\/45 e 46\/47 (numera\u00e7\u00e3o conjunta)<br \/>\n<strong>Uso:<\/strong>&nbsp;Agr\u00edcola, veterin\u00e1ria, latic\u00ednios, granjas, constru\u00e7\u00e3o civil, ind\u00fastria de alimentos, postos de combust\u00edveis, saneamento, locais \u00famidos, lamacentos e encharcados.<br \/>\n<strong>Indicado para:<\/strong>&nbsp;Atividades em p\u00e9, sentado, com movimenta\u00e7\u00e3o moderada, com umidade e sujidade extrema, que poder\u00e1 haver contato com \u00f3leo combust\u00edvel.<\/p>\n<p>&nbsp;<\/p>\n<p>&nbsp;<\/p>\n<p>&nbsp;<\/p>\n<h1 style=\"text-align: center;\">BECC22 &#8211; C.A. 40.580<\/h1>\n<p><img loading=\"lazy\" decoding=\"async\" width=\"367\" height=\"424\" class=\"alignleft\" src=\"http:\/\/www.botasvulcabras.com.br\/wp-content\/uploads\/2018\/09\/1-7.png\"><\/p>\n<p>Cal\u00e7ado ocupacional de uso profissional tipo sapato, imperme\u00e1vel, confeccionado em material polim\u00e9rico (EVA), soleta de borracha antiderrapante, resistente ao \u00f3leo combust\u00edvel e \u00e0 absor\u00e7\u00e3o de energia.<\/p>\n<p><strong>Material:<\/strong>&nbsp;Cabedal em EVA especial, com formula\u00e7\u00e3o bactericida, produzido com a mesma tecnologia aplicada aos cal\u00e7ados esportivos fabricados pela Vulcabras Azaleia. Solado em borracha na cor preta formulada especialmente para obter alto \u00edndice de ader\u00eancia (SRC), resistente a \u00f3leo combust\u00edvel. Absor\u00e7\u00e3o de Energia na \u00e1rea do Salto (E).<br \/>\n<strong>Altura do cano:<\/strong>&nbsp;Cal\u00e7ado Baixo 55 mm<br \/>\n<strong>Revestimento Interno:<\/strong>&nbsp;Sem forro para melhor higieniza\u00e7\u00e3o (lava e seca f\u00e1cil).<br \/>\n<strong>Solado:<\/strong>&nbsp;Overgrip, agarra em qualquer piso<br \/>\n<strong>Numera\u00e7\u00e3o:<\/strong>&nbsp;33 ao 43 (numera\u00e7\u00e3o simples) e 44\/45 (numera\u00e7\u00e3o conjunta)<br \/>\n<strong>Uso:<\/strong>&nbsp;Destinado aos mais diversos segmentos, o Lite Safe, pode ser utilizado em cozinhas industriais, restaurantes, lanchonetes, hotelaria, supermercados, hospitais, laborat\u00f3rios, cl\u00ednicas, latic\u00ednios, ind\u00fastrias de alimentos, granjas e ao uso dom\u00e9stico em geral.<br \/>\n<strong>Indicado para:<\/strong>&nbsp;Atividades com alta movimenta\u00e7\u00e3o, e com pisos com alto \u00edndice de escorregamento, com l\u00edquidos, gorduras, \u00f3leos ou graxas.<\/p>\n","protected":false},"excerpt":{"rendered":"<p>BPCC28 &#8211; C.A. 27.223 Bota de PVC na cor branca, cano curto, sem revestimento interno (sem forro). Material:&nbsp;PVC Injetado Altura do cano:&nbsp;Cano Curto: 240 mm Revestimento Interno:&nbsp;Sem forro Solado:&nbsp;Desenho antiderrapante de f\u00e1cil limpeza e higieniza\u00e7\u00e3o Numera\u00e7\u00e3o:&nbsp;36 ao 43 (numera\u00e7\u00e3o simples) 34\/35 e 44\/45 (numera\u00e7\u00e3o conjunta) Uso:&nbsp;Destinada a ind\u00fastrias\/empresas de alimentos, latic\u00ednios, granjas, biscoitos, aviculturas, cl\u00ednicas, ..<br \/><a href=\"http:\/\/protevel.com.br\/protevel\/produtos\/botas\/vulcabras\/\" title=\"Read more\">Read more<\/a><\/p>\n","protected":false},"author":2,"featured_media":0,"parent":17,"menu_order":0,"comment_status":"closed","ping_status":"closed","template":"","meta":{"om_disable_all_campaigns":false,"footnotes":""},"class_list":["post-440","page","type-page","status-publish","hentry"],"aioseo_notices":[],"_links":{"self":[{"href":"http:\/\/protevel.com.br\/protevel\/wp-json\/wp\/v2\/pages\/440","targetHints":{"allow":["GET"]}}],"collection":[{"href":"http:\/\/protevel.com.br\/protevel\/wp-json\/wp\/v2\/pages"}],"about":[{"href":"http:\/\/protevel.com.br\/protevel\/wp-json\/wp\/v2\/types\/page"}],"author":[{"embeddable":true,"href":"http:\/\/protevel.com.br\/protevel\/wp-json\/wp\/v2\/users\/2"}],"replies":[{"embeddable":true,"href":"http:\/\/protevel.com.br\/protevel\/wp-json\/wp\/v2\/comments?post=440"}],"version-history":[{"count":18,"href":"http:\/\/protevel.com.br\/protevel\/wp-json\/wp\/v2\/pages\/440\/revisions"}],"predecessor-version":[{"id":1058,"href":"http:\/\/protevel.com.br\/protevel\/wp-json\/wp\/v2\/pages\/440\/revisions\/1058"}],"up":[{"embeddable":true,"href":"http:\/\/protevel.com.br\/protevel\/wp-json\/wp\/v2\/pages\/17"}],"wp:attachment":[{"href":"http:\/\/protevel.com.br\/protevel\/wp-json\/wp\/v2\/media?parent=440"}],"curies":[{"name":"wp","href":"https:\/\/api.w.org\/{rel}","templated":true}]}}