{"id":467,"date":"2016-06-20T15:08:54","date_gmt":"2016-06-20T18:08:54","guid":{"rendered":"http:\/\/protevel.com.br\/protevel\/?page_id=467"},"modified":"2019-03-19T16:08:37","modified_gmt":"2019-03-19T19:08:37","slug":"volk","status":"publish","type":"page","link":"http:\/\/protevel.com.br\/protevel\/produtos\/luvas\/volk\/","title":{"rendered":"Volk"},"content":{"rendered":"<h1 style=\"text-align: center;\"><span class=\"titulo\">LUVA GRIP &#8211; C.A. 18.007<\/span><\/h1>\n<p>&nbsp;<\/p>\n<p><img loading=\"lazy\" decoding=\"async\" class=\" wp-image-476 alignleft\" src=\"http:\/\/protevel.com.br\/protevel\/wp-content\/uploads\/2016\/06\/GRIP-300x232.jpeg\" alt=\"GRIP\" width=\"301\" height=\"233\" srcset=\"http:\/\/protevel.com.br\/protevel\/wp-content\/uploads\/2016\/06\/GRIP-300x232.jpeg 300w, http:\/\/protevel.com.br\/protevel\/wp-content\/uploads\/2016\/06\/GRIP.jpeg 532w\" sizes=\"auto, (max-width: 301px) 100vw, 301px\" \/>Luva de seguran\u00e7a, tricotada com fios de poli\u00e9ster e algod\u00e3o; revestida na palma, face palmar e pontas dos dedos com l\u00e1tex natural, palma antiderrapante, acabamento rugoso.<\/p>\n<p>Indicada em trabalhos leves e m\u00e9dios, para prote\u00e7\u00e3o das m\u00e3os dos trabalhadores contra agentes mec\u00e2nicos, nas atividades em canteiros de obra, manuseio e movimenta\u00e7\u00e3o de materiais de constru\u00e7\u00e3o, vergalh\u00f5es, cordas, cabos, movimenta\u00e7\u00e3o de andaimes, carpintaria e marcenaria, arma\u00e7\u00e3o, alvenaria, coloca\u00e7\u00e3o de telhas e azulejos, coleta de res\u00edduos, reciclagem, agricultura, jardinagem e paisagismo, manuten\u00e7\u00e3o e uso geral.<\/p>\n<p>&nbsp;<\/p>\n<p>&nbsp;<\/p>\n<h1><\/h1>\n<h1 style=\"text-align: center;\"><span class=\"titulo\">LUVA GRIP COMFORT &#8211; C.A. 38.293<\/span><\/h1>\n<p>&nbsp;<\/p>\n<p><img loading=\"lazy\" decoding=\"async\" class=\"alignleft\" src=\"https:\/\/volkdobrasil.com.br\/common\/function\/thumbNew.php?largura=532&amp;altura=625&amp;url=..\/..\/upload\/imagem\/2016110111362638.jpeg\" width=\"301\" height=\"234\" \/><\/p>\n<p>Luva de seguran\u00e7a confeccionada em fibras sint\u00e9ticas, 13 gauge, revestida em l\u00e1tex corrugado na face palmar e ponta dos dedos, punho com fibras el\u00e1sticas, acabamento em fibras sint\u00e9ticas.<\/p>\n<p>Ideal para ind\u00fastrias, manuseio de pequenas pe\u00e7as e ferramentas, na constru\u00e7\u00e3o civil e na montagem e manuten\u00e7\u00e3o de autom\u00f3veis. Tecnologia inovadora do suporte e banho da luva, conferem alto n\u00edvel de destreza e ader\u00eancia contra agentes abrasivos. Excelente ader\u00eancia na manipula\u00e7\u00e3o de caixas. Na constru\u00e7\u00e3o civil \u00f3timo desempenho e seguran\u00e7a em diversas atividades evitando o calce e descalce da luva para manipula\u00e7\u00e3o de pe\u00e7as pequenas como por exemplo, manuseando a chave turquesa e ao mesmo tempo amarrando vergalh\u00f5es com arame recozido.<\/p>\n<p>&nbsp;<\/p>\n<p>&nbsp;<\/p>\n<h1 style=\"text-align: center;\"><span class=\"titulo\">LUVA THERMA GRIP &#8211; C.A. 18.663<\/span><\/h1>\n<p>&nbsp;<\/p>\n<p><img loading=\"lazy\" decoding=\"async\" class=\"wp-image-497 alignleft\" src=\"http:\/\/protevel.com.br\/protevel\/wp-content\/uploads\/2016\/06\/THERMA-GRIP-300x232.jpeg\" alt=\"THERMA GRIP\" width=\"303\" height=\"234\" srcset=\"http:\/\/protevel.com.br\/protevel\/wp-content\/uploads\/2016\/06\/THERMA-GRIP-300x232.jpeg 300w, http:\/\/protevel.com.br\/protevel\/wp-content\/uploads\/2016\/06\/THERMA-GRIP.jpeg 532w\" sizes=\"auto, (max-width: 303px) 100vw, 303px\" \/><\/p>\n<p>Luva de seguran\u00e7a tricotada com fio sint\u00e9tico; revestida na palma, face palmar e pontas dos dedos com l\u00e1tex natural; palma antiderrapante; acabamento rugoso; punho com elastano.<\/p>\n<p>Indicada para trabalhos leves e m\u00e9dios, protegendo o\u00a0usu\u00e1rio contra agentes mec\u00e2nicos e atividades sob temperaturas de at\u00e9 -25\u00b0C,\u00a0com intermit\u00eancia de 15 segundos. Utilizada nos setores operacionais de ind\u00fastrias aliment\u00edcias, frigor\u00edficas, armaz\u00e9ns, portos e terminais de cargas frias, manipula\u00e7\u00e3o de pe\u00e7as frias, empilhadeiras em ambientes refrigerados, atividades desenvolvidas em ambientes frios, controlados e outras.<\/p>\n<p>&nbsp;<\/p>\n<p>&nbsp;<\/p>\n<h1 style=\"text-align: center;\"><span class=\"titulo\">LUVA NITRIL FULL &#8211; C.A. 25.280<\/span><\/h1>\n<p>&nbsp;<\/p>\n<p><img loading=\"lazy\" decoding=\"async\" class=\"alignleft\" src=\"https:\/\/volkdobrasil.com.br\/common\/function\/thumbNew.php?largura=532&amp;altura=625&amp;url=..\/..\/upload\/imagem\/2016010419140724.jpeg\" width=\"301\" height=\"233\" \/><\/p>\n<p>Luva de seguran\u00e7a tricotada em fios de poliamida, sem costura, revestida em borracha nitr\u00edlica na palma, dedos e dorso at\u00e9 parte do punho, palma antiderrapante, punho com elastano.<\/p>\n<p>Indicada para trabalhos de precis\u00e3o, leves e m\u00e9dios, com necessidade de moderada a\u00a0alta sensibilidade t\u00e1til, elasticidade e flexibilidade de movimentos, realizadas em ambientes secos e \u00famidos, sob temperatura ambiente. Para prote\u00e7\u00e3o contra pequenas e m\u00e9dias agress\u00f5es, com riscos mec\u00e2nicos (abras\u00e3o, corte, rasgamento e perfura\u00e7\u00e3o). Em opera\u00e7\u00f5es onde haja necessidade de manusear materiais e produtos impregnados ou n\u00e3o com \u00f3leos ou graxas.<\/p>\n<p>&nbsp;<\/p>\n<p>&nbsp;<\/p>\n<h1 style=\"text-align: center;\"><span class=\"titulo\">LUVA T\u00c1TIL BLACK &#8211; C.A. 30.916<\/span><\/h1>\n<p>&nbsp;<\/p>\n<p><img loading=\"lazy\" decoding=\"async\" class=\" wp-image-495 alignleft\" src=\"http:\/\/protevel.com.br\/protevel\/wp-content\/uploads\/2016\/06\/TATIL-300x232.jpeg\" alt=\"TATIL\" width=\"303\" height=\"234\" srcset=\"http:\/\/protevel.com.br\/protevel\/wp-content\/uploads\/2016\/06\/TATIL-300x232.jpeg 300w, http:\/\/protevel.com.br\/protevel\/wp-content\/uploads\/2016\/06\/TATIL.jpeg 532w\" sizes=\"auto, (max-width: 303px) 100vw, 303px\" \/><\/p>\n<p>Luva de seguran\u00e7a tricotada com fios de poliamida; sem costura; revestida na face palmar, dedos e pontas dos dedos com poliuretano, punho com elastano.<\/p>\n<p>Indicada para trabalhos de precis\u00e3o com pequenas e m\u00e9dias agress\u00f5es e que exijam alta destreza e sensibilidade t\u00e1til em trabalhos de montagem e manuten\u00e7\u00e3o, inspe\u00e7\u00e3o de qualidade, montagem de embalagens, montagem de sistemas n\u00e3o energizados (cabeamento\/chicote), circu\u00edtos e pain\u00e9is, manuseio de pe\u00e7as pequenas e outras.<\/p>\n<p>&nbsp;<\/p>\n<p>&nbsp;<\/p>\n<p>&nbsp;<\/p>\n<h1 style=\"text-align: center;\"><span class=\"titulo\">LUVA L\u00c1TEX RANHURADA &#8211; C.A. 15.100<\/span><\/h1>\n<p>&nbsp;<\/p>\n<p><img loading=\"lazy\" decoding=\"async\" class=\"wp-image-483 alignleft\" src=\"http:\/\/protevel.com.br\/protevel\/wp-content\/uploads\/2016\/06\/RANHURADA-300x232.jpeg\" alt=\"RANHURADA\" width=\"303\" height=\"234\" srcset=\"http:\/\/protevel.com.br\/protevel\/wp-content\/uploads\/2016\/06\/RANHURADA-300x232.jpeg 300w, http:\/\/protevel.com.br\/protevel\/wp-content\/uploads\/2016\/06\/RANHURADA.jpeg 532w\" sizes=\"auto, (max-width: 303px) 100vw, 303px\" \/><\/p>\n<p>Luva de seguran\u00e7a confeccionada em borracha natural (l\u00e1tex) super refor\u00e7ada; sem revestimento interno; antiderrapante na face palmar, nos dedos e na ponta dos dedos.<\/p>\n<p>Remo\u00e7\u00e3o de\u00a0pelos do animal, retirada de pelos do sof\u00e1, bancos de carro e outros. Servi\u00e7os de higieniza\u00e7\u00e3o, conserva\u00e7\u00e3o e limpeza, jardinagem e paisagismo, saneamento b\u00e1sico (ETE\/ETA). Ind\u00fastria aliment\u00edcia, frigor\u00edficos (aves, su\u00ednos, peixes e bovinos), hospitais e laborat\u00f3rios (centrais de materiais). Constru\u00e7\u00e3o civil, ind\u00fastria metalmec\u00e2nica, e outras.<\/p>\n<p>&nbsp;<\/p>\n<p>&nbsp;<\/p>\n<p>&nbsp;<\/p>\n<h1 style=\"text-align: center;\"><span class=\"titulo\">LUVA L\u00c1TEX VERNIZ SILVER AMARELA &#8211; C.A. 16.312<\/span><\/h1>\n<p>&nbsp;<\/p>\n<p><img loading=\"lazy\" decoding=\"async\" class=\"wp-image-485 alignleft\" src=\"http:\/\/protevel.com.br\/protevel\/wp-content\/uploads\/2016\/06\/SILVER-300x232.jpeg\" alt=\"SILVER\" width=\"303\" height=\"234\" srcset=\"http:\/\/protevel.com.br\/protevel\/wp-content\/uploads\/2016\/06\/SILVER-300x232.jpeg 300w, http:\/\/protevel.com.br\/protevel\/wp-content\/uploads\/2016\/06\/SILVER.jpeg 532w\" sizes=\"auto, (max-width: 303px) 100vw, 303px\" \/><\/p>\n<p>Luva de seguran\u00e7a, confeccionada em borracha natural, revestimento interno em verniz silver, superf\u00edcie externa antiderrapante na palma e face palmar dos dedos, lisa na face dorsal e punho.<\/p>\n<p>Indicada para trabalhos gerais leves e m\u00e9dios, protegendo o trabalhador em ambientes secos e \u00famidos, sob temperatura ambiente ou controlada em servi\u00e7os de higiene e limpeza, cozinhas industriais, em postos de trabalho na ind\u00fastria aliment\u00edcia (massas, biscoitos, bolos, p\u00e3es),\u00a0frigor\u00edfica (aves, su\u00ednos, pesca e bovinos), na sangria, abate, escaldagem, depenagem, espostejamento, eviscera\u00e7\u00e3o, sala de cortes e embalagem prim\u00e1ria. Pode ser utilizada sobrepondo as luvas resistentes a corte ou t\u00e9rmica para uma prote\u00e7\u00e3o imperme\u00e1vel.<\/p>\n<p>&nbsp;<\/p>\n<p>&nbsp;<\/p>\n<h1 style=\"text-align: center;\"><span class=\"titulo\">LUVA L\u00c1TEX DESCART\u00c1VEL &#8211; C.A. 15.112<\/span><\/h1>\n<p>&nbsp;<\/p>\n<p><img loading=\"lazy\" decoding=\"async\" class=\"wp-image-478 alignleft\" src=\"http:\/\/protevel.com.br\/protevel\/wp-content\/uploads\/2016\/06\/LATEX-PROCEDIMENTO-300x232.jpeg\" alt=\"LATEX PROCEDIMENTO\" width=\"301\" height=\"233\" srcset=\"http:\/\/protevel.com.br\/protevel\/wp-content\/uploads\/2016\/06\/LATEX-PROCEDIMENTO-300x232.jpeg 300w, http:\/\/protevel.com.br\/protevel\/wp-content\/uploads\/2016\/06\/LATEX-PROCEDIMENTO.jpeg 532w\" sizes=\"auto, (max-width: 301px) 100vw, 301px\" \/><\/p>\n<p>Luva de seguran\u00e7a confeccionada em l\u00e1tex (borracha natural), superf\u00edcie lisa; pulverizada internamente com p\u00f3 de amido, n\u00e3o esterilizada, ambidestra.<\/p>\n<p>Usos gerais para trabalhos leves e m\u00e9dios, protegendo o usu\u00e1rio em opera\u00e7\u00f5es, como manuseio de pe\u00e7as pequenas, manuseio de alimentos, inspe\u00e7\u00f5es e controle de qualidade, limpeza e conserva\u00e7\u00e3o, manicure e pedicure, pesquisas, manipula\u00e7\u00e3o de ess\u00eancias e outros.<\/p>\n<p>&nbsp;<\/p>\n<p>&nbsp;<\/p>\n<p>&nbsp;<\/p>\n<p>&nbsp;<\/p>\n<h1 style=\"text-align: center;\"><span class=\"titulo\">LUVA SENSIVOLK SOFT SEM AMIDO &#8211; C.A. 35.633<\/span><\/h1>\n<p>&nbsp;<\/p>\n<p><img loading=\"lazy\" decoding=\"async\" class=\"wp-image-493 alignleft\" src=\"http:\/\/protevel.com.br\/protevel\/wp-content\/uploads\/2016\/06\/SENSIVOLK-SOFT-300x232.jpeg\" alt=\"SENSIVOLK SOFT\" width=\"301\" height=\"233\" srcset=\"http:\/\/protevel.com.br\/protevel\/wp-content\/uploads\/2016\/06\/SENSIVOLK-SOFT-300x232.jpeg 300w, http:\/\/protevel.com.br\/protevel\/wp-content\/uploads\/2016\/06\/SENSIVOLK-SOFT.jpeg 532w\" sizes=\"auto, (max-width: 301px) 100vw, 301px\" \/><\/p>\n<p>Luva de seguran\u00e7a confeccionada em borracha nitr\u00edlica, sem pulveriza\u00e7\u00e3o interna de amido de milho, ambidestra, superf\u00edcie externa lisa.<\/p>\n<p>Indicada para trabalhos de precis\u00e3o, protegendo o trabalhador contra agentes qu\u00edmicos. Prote\u00e7\u00e3o qu\u00edmica ideal para manuten\u00e7\u00f5es mec\u00e2nicas de m\u00e1quinas, motores, rotores e demais pe\u00e7as met\u00e1licas com alto teor de \u00f3leo, graxa, flu\u00eddos e lubrificantes. Utilizadas tamb\u00e9m nos setores operacionais de ind\u00fastrias aliment\u00edcias, frigor\u00edfica (aves, su\u00ednos, pesca e bovinos), high-tech, automotivas, metalmec\u00e2nica, pl\u00e1stica, aeron\u00e1utica, eletroeletr\u00f4nica, perif\u00e9ricos, microprocessadores, componentes eletr\u00f4nicos, eletrodom\u00e9sticos, e outras.<\/p>\n<p>&nbsp;<\/p>\n<p>&nbsp;<\/p>\n<h1 style=\"text-align: center;\"><span class=\"titulo\">LUVA VINIL SEM AMIDO SA\u00daDE &#8211; C.A. 21.088<\/span><\/h1>\n<p>&nbsp;<\/p>\n<p><img loading=\"lazy\" decoding=\"async\" class=\" wp-image-503 alignleft\" src=\"http:\/\/protevel.com.br\/protevel\/wp-content\/uploads\/2016\/06\/VINIL-VOLK-SAUDE-300x232.jpeg\" alt=\"VINIL VOLK SAUDE\" width=\"303\" height=\"234\" srcset=\"http:\/\/protevel.com.br\/protevel\/wp-content\/uploads\/2016\/06\/VINIL-VOLK-SAUDE-300x232.jpeg 300w, http:\/\/protevel.com.br\/protevel\/wp-content\/uploads\/2016\/06\/VINIL-VOLK-SAUDE.jpeg 532w\" sizes=\"auto, (max-width: 303px) 100vw, 303px\" \/><\/p>\n<p>Luva de seguran\u00e7a para procedimentos n\u00e3o-cir\u00fargicos, confeccionada em resina vin\u00edlica, n\u00e3o esterilizada, sem pulveriza\u00e7\u00e3o interna de p\u00f3 bioabsorv\u00edvel (amido de milho), ambidestra, superf\u00edcie externa lisa.<\/p>\n<p>Usos gerais para trabalhos leves e m\u00e9dios, protegendo o usu\u00e1rio em opera\u00e7\u00f5es tais como: m\u00e9dicos hospitalares, laboratoriais, cosm\u00e9ticos, odontol\u00f3gicos, ambulatoriais, pesquisa e outros.<\/p>\n<p>&nbsp;<\/p>\n<p>&nbsp;<\/p>\n<p>&nbsp;<\/p>\n<p>&nbsp;<\/p>\n<h1 style=\"text-align: center;\"><span class=\"titulo\">LUVA L\u00c1TEX E NEOPRENE BICOLOR &#8211; C.A. 16.779<\/span><\/h1>\n<p>&nbsp;<\/p>\n<p><img loading=\"lazy\" decoding=\"async\" class=\" wp-image-480 alignleft\" src=\"http:\/\/protevel.com.br\/protevel\/wp-content\/uploads\/2016\/06\/NEOPRENE-300x232.jpeg\" alt=\"NEOPRENE\" width=\"303\" height=\"234\" srcset=\"http:\/\/protevel.com.br\/protevel\/wp-content\/uploads\/2016\/06\/NEOPRENE-300x232.jpeg 300w, http:\/\/protevel.com.br\/protevel\/wp-content\/uploads\/2016\/06\/NEOPRENE.jpeg 532w\" sizes=\"auto, (max-width: 303px) 100vw, 303px\" \/><\/p>\n<p>Luva de seguran\u00e7a confeccionada em l\u00e1tex\/neoprene, forrada com flocos de algod\u00e3o, superf\u00edcie externa antiderrapante (tipo colmeia) na palma e dedos.<\/p>\n<p>Indicada para trabalhos gerais m\u00e9dios e severos, protegendo o trabalhador contra agentes qu\u00edmicos. Em processamento, manipula\u00e7\u00e3o e transporte de produtos qu\u00edmicos e agroquimicos, desengorduramento, pintura, limpeza e manuten\u00e7\u00e3o. Utilizada nos setores operacionais de ind\u00fastrias automotivas, aliment\u00edcias, frigor\u00edfica (aves, su\u00ednos, pescas e bovinos), higiene e limpeza, saneamento, m\u00e9dico-hospitalar, metalmec\u00e2nica, naval, constru\u00e7\u00e3o civil, uso dom\u00e9stico e outras.<\/p>\n<p>&nbsp;<\/p>\n<p>&nbsp;<\/p>\n<h1 style=\"text-align: center;\"><span class=\"titulo\">LUVA ADERE &#8211; C.A. 18.670<\/span><\/h1>\n<p><img loading=\"lazy\" decoding=\"async\" class=\" wp-image-471 alignleft\" src=\"http:\/\/protevel.com.br\/protevel\/wp-content\/uploads\/2016\/06\/2016011112390150_l-532_a-625_e-300x232.jpeg\" alt=\"2016011112390150_l-532_a-625_e\" width=\"303\" height=\"234\" srcset=\"http:\/\/protevel.com.br\/protevel\/wp-content\/uploads\/2016\/06\/2016011112390150_l-532_a-625_e-300x232.jpeg 300w, http:\/\/protevel.com.br\/protevel\/wp-content\/uploads\/2016\/06\/2016011112390150_l-532_a-625_e.jpeg 532w\" sizes=\"auto, (max-width: 303px) 100vw, 303px\" \/><\/p>\n<p>Luva de seguran\u00e7a confeccionada \u00e0 base de l\u00e1tex natural; forrada com algod\u00e3o; palma antiderrapante; acabamento corrugado.<\/p>\n<p>Indicada para trabalhos gerais m\u00e9dios e pesados, protegendo o trabalhador em ambientes com agentes mec\u00e2nicos e qu\u00edmicos, no manuseio e movimenta\u00e7\u00e3o de vidros, pain\u00e9is, chapas met\u00e1licas, madeira, enlatamentos, atividades de pesca, atividades nos setores operacionais das ind\u00fastrias frigor\u00edficas (aves, su\u00ednos, pesca e bovinos), movimenta\u00e7\u00e3o e transporte de produtos congelados e outros.<\/p>\n<p>&nbsp;<\/p>\n<p>&nbsp;<\/p>\n<h1 style=\"text-align: center;\"><span class=\"titulo\">LUVA FRIO &#8211; C.A. 18.664<\/span><\/h1>\n<p>&nbsp;<\/p>\n<p><img loading=\"lazy\" decoding=\"async\" class=\" wp-image-474 alignleft\" src=\"http:\/\/protevel.com.br\/protevel\/wp-content\/uploads\/2016\/06\/FRIO-VOLK-300x232.jpeg\" alt=\"FRIO VOLK\" width=\"303\" height=\"234\" srcset=\"http:\/\/protevel.com.br\/protevel\/wp-content\/uploads\/2016\/06\/FRIO-VOLK-300x232.jpeg 300w, http:\/\/protevel.com.br\/protevel\/wp-content\/uploads\/2016\/06\/FRIO-VOLK.jpeg 532w\" sizes=\"auto, (max-width: 303px) 100vw, 303px\" \/><\/p>\n<p>Luva de seguran\u00e7a confeccionada em PVC (Policloreto de Vinila), palma e dorso antiderrapante, revestida internamente com malha de fio sint\u00e9tico felpudo sem costura<\/p>\n<p>Indicada para trabalhos leves e m\u00e9dios, protegendo o usu\u00e1rio contra agentes mec\u00e2nicos e atividades sob temperaturas\u00a0de at\u00e9 -35\u00b0C, com intermit\u00eancia de 15 segundos. No manuseio de pe\u00e7as frias, em atividades desenvolvidas em ambientes frios ou controlados. Utilizada nos setores operacionais de ind\u00fastrias aliment\u00edcias, armaz\u00e9ns, portos e terminais de cargas frias, frigor\u00edficos e outras.<\/p>\n<p>&nbsp;<\/p>\n<p>&nbsp;<\/p>\n<h1 style=\"text-align: center;\"><span class=\"titulo\">LUVA THERMA &#8211; C.A. 17.924<\/span><\/h1>\n<p>&nbsp;<\/p>\n<p><img loading=\"lazy\" decoding=\"async\" class=\" wp-image-499 alignleft\" src=\"http:\/\/protevel.com.br\/protevel\/wp-content\/uploads\/2016\/06\/THERMA-VOLK-300x232.jpeg\" alt=\"THERMA VOLK\" width=\"299\" height=\"231\" srcset=\"http:\/\/protevel.com.br\/protevel\/wp-content\/uploads\/2016\/06\/THERMA-VOLK-300x232.jpeg 300w, http:\/\/protevel.com.br\/protevel\/wp-content\/uploads\/2016\/06\/THERMA-VOLK.jpeg 532w\" sizes=\"auto, (max-width: 299px) 100vw, 299px\" \/><\/p>\n<p>Luva de seguran\u00e7a, cinco dedos, ambidestra, tricotada em fios thermostat, ambidestra, cinco dedos, sem emendas.<\/p>\n<p>Indicada para trabalhos leves e m\u00e9dios, protegendo o usu\u00e1rio contra agentes mec\u00e2nicos e t\u00e9rmicos (Quente e Frio) de at\u00e9 -18\u00b0C (Menos vinte e cinco graus Celsius) \u00e0 107\u00baC (Cento e Sete graus Celsius), com intermit\u00eancia de 10 segundos. Utilizada nos setores operacionais de Ind\u00fastrias Aliment\u00edcias, Armaz\u00e9ns, Portos e Terminais de Cargas Frias, Manipula\u00e7\u00e3o de pe\u00e7as frias, Empilhadeiras em ambientes refrigerados, atividades desenvolvidas em ambientes frios, controlados e outras. Para maior vida \u00fatil, utilizar luvas de sobrepor.<\/p>\n<p>&nbsp;<\/p>\n<p>&nbsp;<\/p>\n<h1 style=\"text-align: center;\"><span class=\"titulo\">LUVA WELD PREMIUM &#8211; C.A. 17.158\u00a0<\/span><\/h1>\n<p>&nbsp;<\/p>\n<p><img loading=\"lazy\" decoding=\"async\" class=\"size-medium wp-image-505 alignleft\" src=\"http:\/\/protevel.com.br\/protevel\/wp-content\/uploads\/2016\/06\/WELD-PREMUIM-300x232.jpeg\" alt=\"WELD PREMUIM\" width=\"300\" height=\"232\" srcset=\"http:\/\/protevel.com.br\/protevel\/wp-content\/uploads\/2016\/06\/WELD-PREMUIM-300x232.jpeg 300w, http:\/\/protevel.com.br\/protevel\/wp-content\/uploads\/2016\/06\/WELD-PREMUIM.jpeg 532w\" sizes=\"auto, (max-width: 300px) 100vw, 300px\" \/><\/p>\n<p>Luva de seguran\u00e7a confeccionada em raspa, refor\u00e7o em couro na palma e polegar, forrada com tecido de algod\u00e3o e espuma na palma e dorso, costurada em linha de aramida.<\/p>\n<p>Indicada para trabalhos com altas agress\u00f5es, protegendo o usu\u00e1rio contra agentes mec\u00e2nicos e t\u00e9rmicos. O projeto de fabrica\u00e7\u00e3o da Luva Weld foi elaborado com o prop\u00f3sito de oferecer efetiva prote\u00e7\u00e3o, conforto e seguran\u00e7a em soldas diversas (Eletrodos, MIG, Oxi-Acetil\u00eanica, dentre outro processos). Utilizada nos setores soldagens e manuten\u00e7\u00f5es das ind\u00fastrias.<\/p>\n<p>&nbsp;<\/p>\n","protected":false},"excerpt":{"rendered":"<p>LUVA GRIP &#8211; C.A. 18.007 &nbsp; Luva de seguran\u00e7a, tricotada com fios de poli\u00e9ster e algod\u00e3o; revestida na palma, face palmar e pontas dos dedos com l\u00e1tex natural, palma antiderrapante, acabamento rugoso. Indicada em trabalhos leves e m\u00e9dios, para prote\u00e7\u00e3o das m\u00e3os dos trabalhadores contra agentes mec\u00e2nicos, nas atividades em canteiros de obra, manuseio e ..<br \/><a href=\"http:\/\/protevel.com.br\/protevel\/produtos\/luvas\/volk\/\" title=\"Read more\">Read more<\/a><\/p>\n","protected":false},"author":2,"featured_media":0,"parent":193,"menu_order":0,"comment_status":"closed","ping_status":"closed","template":"","meta":{"om_disable_all_campaigns":false,"footnotes":""},"class_list":["post-467","page","type-page","status-publish","hentry"],"aioseo_notices":[],"_links":{"self":[{"href":"http:\/\/protevel.com.br\/protevel\/wp-json\/wp\/v2\/pages\/467","targetHints":{"allow":["GET"]}}],"collection":[{"href":"http:\/\/protevel.com.br\/protevel\/wp-json\/wp\/v2\/pages"}],"about":[{"href":"http:\/\/protevel.com.br\/protevel\/wp-json\/wp\/v2\/types\/page"}],"author":[{"embeddable":true,"href":"http:\/\/protevel.com.br\/protevel\/wp-json\/wp\/v2\/users\/2"}],"replies":[{"embeddable":true,"href":"http:\/\/protevel.com.br\/protevel\/wp-json\/wp\/v2\/comments?post=467"}],"version-history":[{"count":41,"href":"http:\/\/protevel.com.br\/protevel\/wp-json\/wp\/v2\/pages\/467\/revisions"}],"predecessor-version":[{"id":915,"href":"http:\/\/protevel.com.br\/protevel\/wp-json\/wp\/v2\/pages\/467\/revisions\/915"}],"up":[{"embeddable":true,"href":"http:\/\/protevel.com.br\/protevel\/wp-json\/wp\/v2\/pages\/193"}],"wp:attachment":[{"href":"http:\/\/protevel.com.br\/protevel\/wp-json\/wp\/v2\/media?parent=467"}],"curies":[{"name":"wp","href":"https:\/\/api.w.org\/{rel}","templated":true}]}}