{"id":507,"date":"2016-06-20T16:20:27","date_gmt":"2016-06-20T19:20:27","guid":{"rendered":"http:\/\/protevel.com.br\/protevel\/?page_id=507"},"modified":"2019-03-20T17:07:11","modified_gmt":"2019-03-20T20:07:11","slug":"kalipso","status":"publish","type":"page","link":"http:\/\/protevel.com.br\/protevel\/produtos\/luvas\/kalipso\/","title":{"rendered":"Kalipso"},"content":{"rendered":"<p style=\"text-align: center;\">LUVA DE L\u00c1TEX NATURAL AMARELA &#8211; C.A. 13.959<\/p>\n<p>&nbsp;<\/p>\n<p><img loading=\"lazy\" decoding=\"async\" class=\"size-medium wp-image-509 alignleft\" src=\"http:\/\/protevel.com.br\/protevel\/wp-content\/uploads\/2016\/06\/KALIPSO-luva-Latex-amarela-300x199.jpg\" alt=\"KALIPSO-luva-Latex-amarela\" width=\"300\" height=\"199\" srcset=\"http:\/\/protevel.com.br\/protevel\/wp-content\/uploads\/2016\/06\/KALIPSO-luva-Latex-amarela-300x199.jpg 300w, http:\/\/protevel.com.br\/protevel\/wp-content\/uploads\/2016\/06\/KALIPSO-luva-Latex-amarela.jpg 678w\" sizes=\"auto, (max-width: 300px) 100vw, 300px\" \/><\/p>\n<p><b>Descri\u00e7\u00e3o: <\/b><\/p>\n<ul>Luva de seguran\u00e7a confeccionada em l\u00e1tex natural, forrada internamente com flocos de algod\u00e3o; com acabamento antiderrapante na palma, face palmar dos dedos e ponta dos dedos<\/ul>\n<ul>\n<li style=\"list-style-type: none;\">\n<ul>Este modelo de luva pode ser utilizado em diversos segmentos, tais como:<\/ul>\n<\/li>\n<li style=\"list-style-type: none;\">\n<ul>Constru\u00e7\u00e3o civil, ind\u00fastria qu\u00edmica, ind\u00fastria metal-mec\u00e2nica, ind\u00fastria da minera\u00e7\u00e3o, servi\u00e7os de hotelaria, servi\u00e7os de limpeza (dom\u00e9stica e industrial), servi\u00e7os hospitalares, ind\u00fastria automotiva \/ montadoras, ind\u00fastria agr\u00edcola, servi\u00e7os gerais, linha branca, saneamento, defensivos agr\u00edcolas, pintura, entre outros.<\/ul>\n<\/li>\n<\/ul>\n<p>&nbsp;<\/p>\n<p style=\"text-align: center;\">LUVA DE L\u00c1TEX NITR\u00cdLICO NITRILI-KA 10 &#8211; C.A. 11.769<\/p>\n<p><img loading=\"lazy\" decoding=\"async\" class=\"size-medium wp-image-513 alignleft\" src=\"http:\/\/protevel.com.br\/protevel\/wp-content\/uploads\/2016\/06\/KALIPSO-luva-Nitrili-KA10-300x199.jpg\" alt=\"KALIPSO-luva-Nitrili-KA10\" width=\"300\" height=\"199\" srcset=\"http:\/\/protevel.com.br\/protevel\/wp-content\/uploads\/2016\/06\/KALIPSO-luva-Nitrili-KA10-300x199.jpg 300w, http:\/\/protevel.com.br\/protevel\/wp-content\/uploads\/2016\/06\/KALIPSO-luva-Nitrili-KA10.jpg 678w\" sizes=\"auto, (max-width: 300px) 100vw, 300px\" \/><\/p>\n<p><b>Descri\u00e7\u00e3o: <\/b><\/p>\n<ul>Luva de seguran\u00e7a, confeccionada em l\u00e1tex nitr\u00edlico, forrada internamente com flocos de algod\u00e3o, palma antiderrapante.<\/ul>\n<p>Esta luva se destina a diversas atividades profissionais que requer do usu\u00e1rio prote\u00e7\u00e3o contra agentes mec\u00e2nicos e qu\u00edmicos.<\/p>\n<p><b>Aplica\u00e7\u00e3o:<\/b><\/p>\n<p>Constru\u00e7\u00e3o civil, log\u00edstica, ind\u00fastria qu\u00edmica, ind\u00fastria metal-mec\u00e2nica, ind\u00fastria petrol\u00edfera, ind\u00fastria pesqueira, servi\u00e7os de hotelaria, servi\u00e7os de limpeza, limpeza industrial pesada, limpeza de m\u00e1quinas e equipamentos,<br \/>\nmanuseio e lavagem de pe\u00e7as oleosas, manuseio de tambores e res\u00edduos industriais, servi\u00e7os hospitalares, ind\u00fastria frigorifica, ind\u00fastria da avia\u00e7\u00e3o, ind\u00fastria automotiva \/ montadoras, coleta seletiva (materiais n\u00e3o cortantes),<br \/>\nind\u00fastria agr\u00edcola, linha branca, saneamento, ind\u00fastria farmac\u00eautica, colheita, manuseio de defensivos agr\u00edcolas, inseticidas, agrot\u00f3xicos, pintura industrial,ind\u00fastria gr\u00e1fica, entre outros.<\/p>\n<p>&nbsp;<\/p>\n<p style=\"text-align: center;\">NITRILI-KA 30 &#8211; C.A. 35.954<\/p>\n<p><img loading=\"lazy\" decoding=\"async\" class=\"alignleft\" src=\"http:\/\/kalipso.com.br\/_up\/KALIPSO-luva-Nitrili-KA30.jpg\" alt=\"Luva Nitrili-KA30\" width=\"308\" height=\"205\" \/><\/p>\n<p><b>Descri\u00e7\u00e3o:\u00a0<\/b><\/p>\n<ul>\n<li style=\"list-style-type: none\">\n<ul>\n<li style=\"list-style-type: none;\">\n<ul>Luvas de seguran\u00e7a,\u00a0confeccionadas em malha de algod\u00e3o,\u00a0 com revestimento em l\u00e1tex nitr\u00edlico na palma, dedos, dorso e punho em malha de algod\u00e3o.<\/ul>\n<\/li>\n<\/ul>\n<\/li>\n<\/ul>\n<p><b>Aplica\u00e7\u00e3o:<\/b><\/p>\n<p>Este modelo de luva pode ser utilizado em diversos segmentos, tais como:<br \/>\nChaparias, manuseio de pe\u00e7as, ferragens, produtos met\u00e1licos com rebarbas,<br \/>\nind\u00fastria qu\u00edmica, ind\u00fastria metal-mec\u00e2nica, ind\u00fastria petrol\u00edfera, constru\u00e7\u00e3o<br \/>\ncivil, log\u00edstica, ind\u00fastria da minera\u00e7\u00e3o, ind\u00fastria pesqueira, servi\u00e7os de limpeza,<br \/>\nmanuten\u00e7\u00e3o industrial, ind\u00fastria da avia\u00e7\u00e3o, ind\u00fastria automotiva \/ montadoras,<br \/>\ncoleta de res\u00edduos, ind\u00fastria florestal, ind\u00fastria do vidro, ind\u00fastria agr\u00edcola,<br \/>\ncolheita, saneamento, pintura, ind\u00fastria da cer\u00e2mica, entre outros.<\/p>\n","protected":false},"excerpt":{"rendered":"<p>LUVA DE L\u00c1TEX NATURAL AMARELA &#8211; C.A. 13.959 &nbsp; Descri\u00e7\u00e3o: Luva de seguran\u00e7a confeccionada em l\u00e1tex natural, forrada internamente com flocos de algod\u00e3o; com acabamento antiderrapante na palma, face palmar dos dedos e ponta dos dedos Este modelo de luva pode ser utilizado em diversos segmentos, tais como: Constru\u00e7\u00e3o civil, ind\u00fastria qu\u00edmica, ind\u00fastria metal-mec\u00e2nica, ind\u00fastria ..<br \/><a href=\"http:\/\/protevel.com.br\/protevel\/produtos\/luvas\/kalipso\/\" title=\"Read more\">Read more<\/a><\/p>\n","protected":false},"author":2,"featured_media":0,"parent":193,"menu_order":0,"comment_status":"closed","ping_status":"closed","template":"","meta":{"om_disable_all_campaigns":false,"footnotes":""},"class_list":["post-507","page","type-page","status-publish","hentry"],"aioseo_notices":[],"_links":{"self":[{"href":"http:\/\/protevel.com.br\/protevel\/wp-json\/wp\/v2\/pages\/507","targetHints":{"allow":["GET"]}}],"collection":[{"href":"http:\/\/protevel.com.br\/protevel\/wp-json\/wp\/v2\/pages"}],"about":[{"href":"http:\/\/protevel.com.br\/protevel\/wp-json\/wp\/v2\/types\/page"}],"author":[{"embeddable":true,"href":"http:\/\/protevel.com.br\/protevel\/wp-json\/wp\/v2\/users\/2"}],"replies":[{"embeddable":true,"href":"http:\/\/protevel.com.br\/protevel\/wp-json\/wp\/v2\/comments?post=507"}],"version-history":[{"count":10,"href":"http:\/\/protevel.com.br\/protevel\/wp-json\/wp\/v2\/pages\/507\/revisions"}],"predecessor-version":[{"id":945,"href":"http:\/\/protevel.com.br\/protevel\/wp-json\/wp\/v2\/pages\/507\/revisions\/945"}],"up":[{"embeddable":true,"href":"http:\/\/protevel.com.br\/protevel\/wp-json\/wp\/v2\/pages\/193"}],"wp:attachment":[{"href":"http:\/\/protevel.com.br\/protevel\/wp-json\/wp\/v2\/media?parent=507"}],"curies":[{"name":"wp","href":"https:\/\/api.w.org\/{rel}","templated":true}]}}