{"id":518,"date":"2016-06-20T16:37:38","date_gmt":"2016-06-20T19:37:38","guid":{"rendered":"http:\/\/protevel.com.br\/protevel\/?page_id=518"},"modified":"2019-03-20T17:02:19","modified_gmt":"2019-03-20T20:02:19","slug":"mucambomapa","status":"publish","type":"page","link":"http:\/\/protevel.com.br\/protevel\/produtos\/luvas\/mucambomapa\/","title":{"rendered":"Mapa \/ Mucambo"},"content":{"rendered":"<h1 style=\"text-align: center;\">Luva Nitr\u00edlica 46 cm StanSolv A-18 &#8211; C.A. 31369<\/h1>\n<p><img loading=\"lazy\" decoding=\"async\" class=\"wp-image-535 alignleft\" src=\"http:\/\/protevel.com.br\/protevel\/wp-content\/uploads\/2016\/06\/A-18-206x300.jpg\" width=\"205\" height=\"299\" srcset=\"http:\/\/protevel.com.br\/protevel\/wp-content\/uploads\/2016\/06\/A-18-206x300.jpg 206w, http:\/\/protevel.com.br\/protevel\/wp-content\/uploads\/2016\/06\/A-18.jpg 236w\" sizes=\"auto, (max-width: 205px) 100vw, 205px\" \/><\/p>\n<p>&nbsp;<\/p>\n<p><span style=\"font-size: 24px; font-weight: bold;\">Prote\u00e7\u00e3o qu\u00edmica ultra longa<\/span><\/p>\n<div class=\"specific_advantage\">\n<ul>\n<li>Vida \u00fatil otimizada: excelente resist\u00eancia mec\u00e2nica (abras\u00e3o, perfura\u00e7\u00e3o)<\/li>\n<li>Excelente prote\u00e7\u00e3o durante manuseio intensivo de produtos qu\u00edmicos de alto risco<\/li>\n<li>Boa ader\u00eancia para segurar objetos escorregadios, gra\u00e7as \u00e0 textura em relevo<\/li>\n<\/ul>\n<\/div>\n<p style=\"text-align: center;\"><span style=\"font-size: 22px; font-weight: bold;\">Aplica\u00e7\u00f5es<\/span><\/p>\n<p style=\"text-align: left;\">Ind\u00fastria automotiva \/ mec\u00e2nica; Tratamento\/desengraxe de metais com solventes agressivos; Ind\u00fastria Qu\u00edmica; Manuseio de tambores de produtos qu\u00edmicos; Aplica\u00e7\u00e3o de pesticidas; Limpeza de cartuchos de impress\u00e3o; Manuten\u00e7\u00e3o; Tratamento e acabamento de madeira.<\/p>\n<p>&nbsp;<\/p>\n<h1 style=\"text-align: center;\">Luva Harpon 321 &#8211; C.A. 10.387<\/h1>\n<p><img loading=\"lazy\" decoding=\"async\" class=\"size-medium wp-image-531 alignleft\" src=\"http:\/\/protevel.com.br\/protevel\/wp-content\/uploads\/2016\/06\/HARPON-206x300.jpg\" alt=\"HARPON\" width=\"206\" height=\"300\" srcset=\"http:\/\/protevel.com.br\/protevel\/wp-content\/uploads\/2016\/06\/HARPON-206x300.jpg 206w, http:\/\/protevel.com.br\/protevel\/wp-content\/uploads\/2016\/06\/HARPON.jpg 236w\" sizes=\"auto, (max-width: 206px) 100vw, 206px\" \/><\/p>\n<p>&nbsp;<\/p>\n<p><span style=\"font-size: 24px;\">Conforto e seguran\u00e7a ao segurar objetos escorregadios, pesados ou \u00e1speros em ambientes altamente agressivos<\/span><\/p>\n<div class=\"specific_advantage\">\n<ul>\n<li>Adequado para uso de longa dura\u00e7\u00e3o, gra\u00e7as ao conforto do <dfn><a href=\"http:\/\/www.mapa-pro.com.br\/centro-de-informacoes\/glossario\/src\/default\/term\/suporte-textil.html\">suporte t\u00eaxtil<\/a><\/dfn> e bom isolamento t\u00e9rmico<\/li>\n<li>Vida \u00fatil otimizada: alta resist\u00eancia \u00e0 abras\u00e3o<\/li>\n<\/ul>\n<h4 style=\"text-align: center;\">Aplica\u00e7\u00f5es<\/h4>\n<\/div>\n<div class=\"glove_applications\">\n<p>Pesca, Manuseio de peixes,\u00a0Fazenda de ostras,\u00a0Trabalho com produtos congelados<\/p>\n<\/div>\n<p>&nbsp;<\/p>\n<h2 style=\"text-align: center;\">MUCAMBO PRO 310 &#8211; C.A. 32.138<\/h2>\n<p><img loading=\"lazy\" decoding=\"async\" class=\"alignleft\" src=\"http:\/\/www.mucambopro.com.br\/wp-content\/uploads\/2013\/09\/mucambo-pro-310-Grande01.jpg\" alt=\"Image 2\" width=\"309\" height=\"299\" \/><\/p>\n<p>Luva com forro em algod\u00e3o, revestimento em l\u00e1tex natural, dorso ventilado, acabamento antiderrapante, punho em malha com el\u00e1stico.<\/p>\n<h3 style=\"text-align: center;\">Aplica\u00e7\u00f5es<\/h3>\n<p>Coleta de res\u00edduos urbana, industrial e coleta seletiva; Colheita de legumes e frutos; Carga e descarga de materiais; Manuseio de ferramentas manuais e utens\u00edlios; Constru\u00e7\u00e3o civil; Inspe\u00e7\u00e3o e manuseio de pe\u00e7as e materiais; Manuten\u00e7\u00e3o, limpeza e servi\u00e7os em geral; Atividades abrasivas com pedras, blocos, cimento e concreto.<\/p>\n","protected":false},"excerpt":{"rendered":"<p>Luva Nitr\u00edlica 46 cm StanSolv A-18 &#8211; C.A. 31369 &nbsp; Prote\u00e7\u00e3o qu\u00edmica ultra longa Vida \u00fatil otimizada: excelente resist\u00eancia mec\u00e2nica (abras\u00e3o, perfura\u00e7\u00e3o) Excelente prote\u00e7\u00e3o durante manuseio intensivo de produtos qu\u00edmicos de alto risco Boa ader\u00eancia para segurar objetos escorregadios, gra\u00e7as \u00e0 textura em relevo Aplica\u00e7\u00f5es Ind\u00fastria automotiva \/ mec\u00e2nica; Tratamento\/desengraxe de metais com solventes agressivos; ..<br \/><a href=\"http:\/\/protevel.com.br\/protevel\/produtos\/luvas\/mucambomapa\/\" title=\"Read more\">Read more<\/a><\/p>\n","protected":false},"author":2,"featured_media":0,"parent":193,"menu_order":0,"comment_status":"closed","ping_status":"closed","template":"","meta":{"om_disable_all_campaigns":false,"footnotes":""},"class_list":["post-518","page","type-page","status-publish","hentry"],"aioseo_notices":[],"_links":{"self":[{"href":"http:\/\/protevel.com.br\/protevel\/wp-json\/wp\/v2\/pages\/518","targetHints":{"allow":["GET"]}}],"collection":[{"href":"http:\/\/protevel.com.br\/protevel\/wp-json\/wp\/v2\/pages"}],"about":[{"href":"http:\/\/protevel.com.br\/protevel\/wp-json\/wp\/v2\/types\/page"}],"author":[{"embeddable":true,"href":"http:\/\/protevel.com.br\/protevel\/wp-json\/wp\/v2\/users\/2"}],"replies":[{"embeddable":true,"href":"http:\/\/protevel.com.br\/protevel\/wp-json\/wp\/v2\/comments?post=518"}],"version-history":[{"count":17,"href":"http:\/\/protevel.com.br\/protevel\/wp-json\/wp\/v2\/pages\/518\/revisions"}],"predecessor-version":[{"id":944,"href":"http:\/\/protevel.com.br\/protevel\/wp-json\/wp\/v2\/pages\/518\/revisions\/944"}],"up":[{"embeddable":true,"href":"http:\/\/protevel.com.br\/protevel\/wp-json\/wp\/v2\/pages\/193"}],"wp:attachment":[{"href":"http:\/\/protevel.com.br\/protevel\/wp-json\/wp\/v2\/media?parent=518"}],"curies":[{"name":"wp","href":"https:\/\/api.w.org\/{rel}","templated":true}]}}