{"id":538,"date":"2016-06-20T17:18:40","date_gmt":"2016-06-20T20:18:40","guid":{"rendered":"http:\/\/protevel.com.br\/protevel\/?page_id=538"},"modified":"2019-03-19T16:08:12","modified_gmt":"2019-03-19T19:08:12","slug":"promat","status":"publish","type":"page","link":"http:\/\/protevel.com.br\/protevel\/produtos\/luvas\/promat\/","title":{"rendered":"Promat"},"content":{"rendered":"<h3 class=\"t\" style=\"text-align: center;\">Luva Nitrilon 688 &#8211; C.A. 34.728<\/h3>\n<p><img loading=\"lazy\" decoding=\"async\" class=\"size-medium wp-image-553 alignleft\" src=\"http:\/\/protevel.com.br\/protevel\/wp-content\/uploads\/2016\/06\/nitrilon-688-300x225.png\" alt=\"nitrilon 688\" width=\"300\" height=\"225\" srcset=\"http:\/\/protevel.com.br\/protevel\/wp-content\/uploads\/2016\/06\/nitrilon-688-300x225.png 300w, http:\/\/protevel.com.br\/protevel\/wp-content\/uploads\/2016\/06\/nitrilon-688.png 768w\" sizes=\"auto, (max-width: 300px) 100vw, 300px\" \/><\/p>\n<p>Revestimento \u00be no dorso oferece conforto ao\u00a0usu\u00e1rio; Flexibilidade, tato e ader\u00eancia aos materiais; O banho nitr\u00edlico permite trabalhar na presen\u00e7a de\u00a0graxas e \u00f3leos.<\/p>\n<p><strong>Aplica\u00e7\u00f5es:<\/strong><\/p>\n<p>Constru\u00e7\u00e3o civil, Ind\u00fastria metal-mec\u00e2nica, manuten\u00e7\u00e3o industrial, Manuseio de pe\u00e7as \u00famidas ou oleosas, manuseio de agentes abrasivos, coleta de res\u00edduos urbanos e industriais, carga e descarga de materiais.<\/p>\n<h3 class=\"t\" style=\"text-align: center;\"><\/h3>\n","protected":false},"excerpt":{"rendered":"<p>Luva Nitrilon 688 &#8211; C.A. 34.728 Revestimento \u00be no dorso oferece conforto ao\u00a0usu\u00e1rio; Flexibilidade, tato e ader\u00eancia aos materiais; O banho nitr\u00edlico permite trabalhar na presen\u00e7a de\u00a0graxas e \u00f3leos. Aplica\u00e7\u00f5es: Constru\u00e7\u00e3o civil, Ind\u00fastria metal-mec\u00e2nica, manuten\u00e7\u00e3o industrial, Manuseio de pe\u00e7as \u00famidas ou oleosas, manuseio de agentes abrasivos, coleta de res\u00edduos urbanos e industriais, carga e descarga ..<br \/><a href=\"http:\/\/protevel.com.br\/protevel\/produtos\/luvas\/promat\/\" title=\"Read more\">Read more<\/a><\/p>\n","protected":false},"author":2,"featured_media":0,"parent":193,"menu_order":0,"comment_status":"closed","ping_status":"closed","template":"","meta":{"om_disable_all_campaigns":false,"footnotes":""},"class_list":["post-538","page","type-page","status-publish","hentry"],"aioseo_notices":[],"_links":{"self":[{"href":"http:\/\/protevel.com.br\/protevel\/wp-json\/wp\/v2\/pages\/538","targetHints":{"allow":["GET"]}}],"collection":[{"href":"http:\/\/protevel.com.br\/protevel\/wp-json\/wp\/v2\/pages"}],"about":[{"href":"http:\/\/protevel.com.br\/protevel\/wp-json\/wp\/v2\/types\/page"}],"author":[{"embeddable":true,"href":"http:\/\/protevel.com.br\/protevel\/wp-json\/wp\/v2\/users\/2"}],"replies":[{"embeddable":true,"href":"http:\/\/protevel.com.br\/protevel\/wp-json\/wp\/v2\/comments?post=538"}],"version-history":[{"count":15,"href":"http:\/\/protevel.com.br\/protevel\/wp-json\/wp\/v2\/pages\/538\/revisions"}],"predecessor-version":[{"id":914,"href":"http:\/\/protevel.com.br\/protevel\/wp-json\/wp\/v2\/pages\/538\/revisions\/914"}],"up":[{"embeddable":true,"href":"http:\/\/protevel.com.br\/protevel\/wp-json\/wp\/v2\/pages\/193"}],"wp:attachment":[{"href":"http:\/\/protevel.com.br\/protevel\/wp-json\/wp\/v2\/media?parent=538"}],"curies":[{"name":"wp","href":"https:\/\/api.w.org\/{rel}","templated":true}]}}