{"id":585,"date":"2016-06-27T13:51:54","date_gmt":"2016-06-27T16:51:54","guid":{"rendered":"http:\/\/protevel.com.br\/protevel\/?page_id=585"},"modified":"2019-04-11T15:41:37","modified_gmt":"2019-04-11T18:41:37","slug":"kalipso","status":"publish","type":"page","link":"http:\/\/protevel.com.br\/protevel\/produtos\/protecao-ao-olhos-e-face\/kalipso\/","title":{"rendered":"Kalipso"},"content":{"rendered":"<h1><\/h1>\n<h1 style=\"text-align: center;\"><em><strong>\u00d3culos Jaguar (fum\u00ea \/ incolor) &#8211; C.A. 10.346<\/strong><\/em><\/h1>\n<p style=\"text-align: left;\"><img loading=\"lazy\" decoding=\"async\" class=\" wp-image-592 alignleft\" src=\"http:\/\/protevel.com.br\/protevel\/wp-content\/uploads\/2016\/06\/jaguar-cinza-300x199.jpg\" alt=\"jaguar cinza\" width=\"280\" height=\"186\" srcset=\"http:\/\/protevel.com.br\/protevel\/wp-content\/uploads\/2016\/06\/jaguar-cinza-300x199.jpg 300w, http:\/\/protevel.com.br\/protevel\/wp-content\/uploads\/2016\/06\/jaguar-cinza.jpg 678w\" sizes=\"auto, (max-width: 280px) 100vw, 280px\" \/><img loading=\"lazy\" decoding=\"async\" class=\" wp-image-593 alignright\" src=\"http:\/\/protevel.com.br\/protevel\/wp-content\/uploads\/2016\/06\/jaguar-incolor-300x199.jpg\" alt=\"jaguar incolor\" width=\"280\" height=\"186\" srcset=\"http:\/\/protevel.com.br\/protevel\/wp-content\/uploads\/2016\/06\/jaguar-incolor-300x199.jpg 300w, http:\/\/protevel.com.br\/protevel\/wp-content\/uploads\/2016\/06\/jaguar-incolor.jpg 678w\" sizes=\"auto, (max-width: 280px) 100vw, 280px\" \/><\/p>\n<p><b>Descri\u00e7\u00e3o:\u00a0<\/b>\u00d3culos de seguran\u00e7a, constitu\u00eddos de um arco de material pl\u00e1stico preto com um pino central e duas fendas nas extremidades utilizadas para o encaixe de um visor de policarbonato.<\/p>\n<p>&nbsp;<\/p>\n<p>&nbsp;<\/p>\n<h1 style=\"text-align: center;\"><em><strong>\u00d3culos Leopardo (fum\u00ea \/ incolor) &#8211; C.A. 11.268<\/strong><\/em><\/h1>\n<p style=\"text-align: left;\"><img loading=\"lazy\" decoding=\"async\" class=\"wp-image-597 alignleft\" src=\"http:\/\/protevel.com.br\/protevel\/wp-content\/uploads\/2016\/06\/leopardo-cinza-300x199.jpg\" alt=\"leopardo cinza\" width=\"280\" height=\"186\" srcset=\"http:\/\/protevel.com.br\/protevel\/wp-content\/uploads\/2016\/06\/leopardo-cinza-300x199.jpg 300w, http:\/\/protevel.com.br\/protevel\/wp-content\/uploads\/2016\/06\/leopardo-cinza.jpg 678w\" sizes=\"auto, (max-width: 280px) 100vw, 280px\" \/><img loading=\"lazy\" decoding=\"async\" class=\"wp-image-599 alignright\" src=\"http:\/\/protevel.com.br\/protevel\/wp-content\/uploads\/2016\/06\/leopardo-incolor-1-300x199.jpg\" alt=\"leopardo incolor\" width=\"280\" height=\"186\" srcset=\"http:\/\/protevel.com.br\/protevel\/wp-content\/uploads\/2016\/06\/leopardo-incolor-1-300x199.jpg 300w, http:\/\/protevel.com.br\/protevel\/wp-content\/uploads\/2016\/06\/leopardo-incolor-1.jpg 678w\" sizes=\"auto, (max-width: 280px) 100vw, 280px\" \/><\/p>\n<p><b>Descri\u00e7\u00e3o:\u00a0<\/b>\u00d3culos de seguran\u00e7a com arma\u00e7\u00e3o e visor confeccionados em uma \u00fanica pe\u00e7a de policarbonato com ponte e apoio nasal injetado na mesma pe\u00e7a e hastes tipo esp\u00e1tula.<\/p>\n<p>&nbsp;<\/p>\n<p>&nbsp;<\/p>\n<h1><\/h1>\n<h1 style=\"text-align: center;\"><em><strong>\u00d3culos Veneza fum\u00ea &#8211; C.A. 35.157<\/strong><\/em><\/h1>\n<p style=\"text-align: center;\"><img loading=\"lazy\" decoding=\"async\" class=\"wp-image-609 alignleft\" src=\"http:\/\/protevel.com.br\/protevel\/wp-content\/uploads\/2016\/06\/\u00f3culos-veneza-cinza-300x200.jpg\" alt=\"\u00f3culos-veneza-cinza\" width=\"281\" height=\"187\" srcset=\"http:\/\/protevel.com.br\/protevel\/wp-content\/uploads\/2016\/06\/\u00f3culos-veneza-cinza-300x200.jpg 300w, http:\/\/protevel.com.br\/protevel\/wp-content\/uploads\/2016\/06\/\u00f3culos-veneza-cinza.jpg 675w\" sizes=\"auto, (max-width: 281px) 100vw, 281px\" \/><\/p>\n<p><b>Descri\u00e7\u00e3o:\u00a0<\/b>\u00d3culos de seguran\u00e7a, constitu\u00eddos de um arco de material pl\u00e1stico azul, apoio nasal de silicone e fendas nas extremidades. Possui visor em policarbonato.<\/p>\n<p>&nbsp;<\/p>\n<p>&nbsp;<\/p>\n<p>&nbsp;<\/p>\n<p>&nbsp;<\/p>\n<p>&nbsp;<\/p>\n<h1><\/h1>\n<h1 style=\"text-align: center;\"><em><strong>\u00d3culos Jamaica fum\u00ea &#8211; C.A. 35.156<\/strong><\/em><\/h1>\n<p style=\"text-align: center;\"><img loading=\"lazy\" decoding=\"async\" class=\"wp-image-595 alignleft\" src=\"http:\/\/protevel.com.br\/protevel\/wp-content\/uploads\/2016\/06\/\u00f3culos-jamaica-cinza-300x200.jpg\" alt=\"\u00f3culos-jamaica-cinza\" width=\"279\" height=\"186\" srcset=\"http:\/\/protevel.com.br\/protevel\/wp-content\/uploads\/2016\/06\/\u00f3culos-jamaica-cinza-300x200.jpg 300w, http:\/\/protevel.com.br\/protevel\/wp-content\/uploads\/2016\/06\/\u00f3culos-jamaica-cinza.jpg 675w\" sizes=\"auto, (max-width: 279px) 100vw, 279px\" \/><\/p>\n<p><b>Descri\u00e7\u00e3o:\u00a0<\/b>\u00d3culos de seguran\u00e7a, constitu\u00eddos de arma\u00e7\u00e3o e visor confeccionado em uma \u00fanica pe\u00e7a de policarbonato, com apoio nasal male\u00e1vel e hastes tipo esp\u00e1tula. Possui sistema de ventila\u00e7\u00e3o indireta nas hastes que facilita na utiliza\u00e7\u00e3o com abafador de ru\u00eddo.<\/p>\n<p>&nbsp;<\/p>\n<p>&nbsp;<\/p>\n<p>&nbsp;<\/p>\n<p>&nbsp;<\/p>\n<h1 style=\"text-align: center;\"><em><strong>\u00d3culos Guepardo fum\u00ea &#8211; C.A. 16.900<\/strong><\/em><\/h1>\n<p style=\"text-align: center;\"><img loading=\"lazy\" decoding=\"async\" class=\"wp-image-590 alignleft\" src=\"http:\/\/protevel.com.br\/protevel\/wp-content\/uploads\/2016\/06\/Guepardo_Cinza-300x202.jpg\" alt=\"Guepardo_Cinza\" width=\"279\" height=\"188\" srcset=\"http:\/\/protevel.com.br\/protevel\/wp-content\/uploads\/2016\/06\/Guepardo_Cinza-300x202.jpg 300w, http:\/\/protevel.com.br\/protevel\/wp-content\/uploads\/2016\/06\/Guepardo_Cinza.jpg 667w\" sizes=\"auto, (max-width: 279px) 100vw, 279px\" \/><\/p>\n<p><b>Descri\u00e7\u00e3o:\u00a0<\/b>\u00d3culos de seguran\u00e7a constitu\u00eddos de arma\u00e7\u00e3o e visor confeccionados em uma \u00fanica pe\u00e7a de policarbonato, com apoio nasal injetado do mesmo material e hastes tipo esp\u00e1tula.<\/p>\n<p>&nbsp;<\/p>\n<p>&nbsp;<\/p>\n<p>&nbsp;<\/p>\n<p>&nbsp;<\/p>\n<p>&nbsp;<\/p>\n<h1 style=\"text-align: center;\"><em><strong>\u00d3culos Puma Marrom &#8211; C.A. 15.684<\/strong><\/em><\/h1>\n<p style=\"text-align: center;\"><img loading=\"lazy\" decoding=\"async\" class=\"wp-image-603 alignleft\" src=\"http:\/\/protevel.com.br\/protevel\/wp-content\/uploads\/2016\/06\/OculosPumaMarrom-300x217.jpg\" alt=\"OculosPumaMarrom\" width=\"279\" height=\"202\" srcset=\"http:\/\/protevel.com.br\/protevel\/wp-content\/uploads\/2016\/06\/OculosPumaMarrom-300x217.jpg 300w, http:\/\/protevel.com.br\/protevel\/wp-content\/uploads\/2016\/06\/OculosPumaMarrom.jpg 623w\" sizes=\"auto, (max-width: 279px) 100vw, 279px\" \/><\/p>\n<p><b>Descri\u00e7\u00e3o:\u00a0<\/b>\u00d3culos de seguran\u00e7a com arma\u00e7\u00e3o e visor confeccionados em uma \u00fanica pe\u00e7a de policarbonato com apoio nasal em pl\u00e1stico male\u00e1vel e hastes tipo esp\u00e1tula, confeccionadas do mesmo material do visor e com acabamento emborrachado.<\/p>\n<p>&nbsp;<\/p>\n<p>&nbsp;<\/p>\n<p>&nbsp;<\/p>\n<p>&nbsp;<\/p>\n<p>&nbsp;<\/p>\n<h1 style=\"text-align: center;\"><em><strong>\u00d3culos Castor II incolor &#8211; C.A. 15.618<\/strong><\/em><\/h1>\n<p><img loading=\"lazy\" decoding=\"async\" class=\"wp-image-588 alignleft\" src=\"http:\/\/protevel.com.br\/protevel\/wp-content\/uploads\/2016\/06\/castor-ii-300x199.jpg\" alt=\"castor ii\" width=\"280\" height=\"186\" srcset=\"http:\/\/protevel.com.br\/protevel\/wp-content\/uploads\/2016\/06\/castor-ii-300x199.jpg 300w, http:\/\/protevel.com.br\/protevel\/wp-content\/uploads\/2016\/06\/castor-ii.jpg 678w\" sizes=\"auto, (max-width: 280px) 100vw, 280px\" \/><\/p>\n<p><b>Descri\u00e7\u00e3o: <\/b>\u00d3culos de seguran\u00e7a com arma\u00e7\u00e3o e visor confeccionados em uma \u00fanica pe\u00e7a de policarbonato com prote\u00e7\u00e3o superior e lateral injetada na mesma pe\u00e7a.<\/p>\n<p>&nbsp;<\/p>\n<p>&nbsp;<\/p>\n<p>&nbsp;<\/p>\n<p>&nbsp;<\/p>\n<p>&nbsp;<\/p>\n<h1 style=\"text-align: center;\"><em><strong>\u00d3culos Panda &#8211; C.A. 10.344<\/strong><\/em><\/h1>\n<p style=\"text-align: center;\"><img loading=\"lazy\" decoding=\"async\" class=\"wp-image-601 alignleft\" src=\"http:\/\/protevel.com.br\/protevel\/wp-content\/uploads\/2016\/06\/panda-300x199.jpg\" alt=\"panda\" width=\"280\" height=\"186\" srcset=\"http:\/\/protevel.com.br\/protevel\/wp-content\/uploads\/2016\/06\/panda-300x199.jpg 300w, http:\/\/protevel.com.br\/protevel\/wp-content\/uploads\/2016\/06\/panda.jpg 678w\" sizes=\"auto, (max-width: 280px) 100vw, 280px\" \/><\/p>\n<p><b>Descri\u00e7\u00e3o:\u00a0<\/b>\u00d3culos de seguran\u00e7a constitu\u00eddos de arma\u00e7\u00e3o e visor em uma \u00fanica pe\u00e7a de policarbonato com meia borda superior e meia prote\u00e7\u00e3o nas bordas. As hastes, do tipo esp\u00e1tula, s\u00e3o confeccionadas do mesmo material da arma\u00e7\u00e3o, possuem 6 fendas para ventila\u00e7\u00e3o e s\u00e3o fixas \u00e0 arma\u00e7\u00e3o atrav\u00e9s de pinos pl\u00e1sticos.<\/p>\n<p>&nbsp;<\/p>\n<p>&nbsp;<\/p>\n<p>&nbsp;<\/p>\n<p>&nbsp;<\/p>\n<p>&nbsp;<\/p>\n<h1 style=\"text-align: center;\"><em><strong>\u00d3culos R\u00e3 incolor &#8211; C.A. 11.285<\/strong><\/em><\/h1>\n<p style=\"text-align: center;\"><img loading=\"lazy\" decoding=\"async\" class=\"wp-image-605 alignleft\" src=\"http:\/\/protevel.com.br\/protevel\/wp-content\/uploads\/2016\/06\/r\u00e3-300x199.jpg\" alt=\"r\u00e3\" width=\"280\" height=\"186\" srcset=\"http:\/\/protevel.com.br\/protevel\/wp-content\/uploads\/2016\/06\/r\u00e3-300x199.jpg 300w, http:\/\/protevel.com.br\/protevel\/wp-content\/uploads\/2016\/06\/r\u00e3.jpg 678w\" sizes=\"auto, (max-width: 280px) 100vw, 280px\" \/><\/p>\n<p><b>Descri\u00e7\u00e3o:\u00a0<\/b>\u00d3culos de seguran\u00e7a, modelo ampla-vis\u00e3o, constitu\u00eddos de arma\u00e7\u00e3o confeccionada em uma \u00fanica pe\u00e7a de PVC flex\u00edvel transparente, com ventila\u00e7\u00e3o direta composta de orif\u00edcios no modelo perfurado e duas v\u00e1lvulas localizadas na parte inferior e superior da arma\u00e7\u00e3o para ventila\u00e7\u00e3o indireta no modelo valvulado e visor de policarbonato incolor.<\/p>\n<p>&nbsp;<\/p>\n<p>&nbsp;<\/p>\n<p>&nbsp;<\/p>\n<h1 style=\"text-align: center;\"><em><strong>\u00d3culos Tahiti incolor &#8211; C.A. 25.715<\/strong><\/em><\/h1>\n<p style=\"text-align: center;\"><img loading=\"lazy\" decoding=\"async\" class=\"wp-image-607 alignleft\" src=\"http:\/\/protevel.com.br\/protevel\/wp-content\/uploads\/2016\/06\/tahiti-300x199.jpg\" alt=\"tahiti\" width=\"280\" height=\"186\" srcset=\"http:\/\/protevel.com.br\/protevel\/wp-content\/uploads\/2016\/06\/tahiti-300x199.jpg 300w, http:\/\/protevel.com.br\/protevel\/wp-content\/uploads\/2016\/06\/tahiti.jpg 678w\" sizes=\"auto, (max-width: 280px) 100vw, 280px\" \/><\/p>\n<p><b>Descri\u00e7\u00e3o:\u00a0<\/b>\u00d3culos de seguran\u00e7a, constitu\u00eddos de arma\u00e7\u00e3o confeccionada em uma \u00fanica pe\u00e7a de pl\u00e1stico com espuma na parte interna, com ventila\u00e7\u00e3o indireta com fendas localizadas nas bordas da arma\u00e7\u00e3o, e semi- hastes tipo presilhas com el\u00e1stico e visor de policarbonato.<\/p>\n<p>&nbsp;<\/p>\n<p>&nbsp;<\/p>\n<p>&nbsp;<\/p>\n<h1 style=\"text-align: center;\"><em><strong>\u00d3culos Angra incolor &#8211; C.A. 20.857<\/strong><\/em><\/h1>\n<p><img loading=\"lazy\" decoding=\"async\" class=\"alignleft\" src=\"http:\/\/kalipso.com.br\/_up\/a82763e8.jpg\" alt=\"foto\" width=\"272\" height=\"181\" \/><\/p>\n<p><b>Descri\u00e7\u00e3o:\u00a0<\/b><\/p>\n<ul>\u00d3culos de seguran\u00e7a, modelo ampla-vis\u00e3o, constitu\u00eddos de arma\u00e7\u00e3o confeccionada em uma \u00fanica pe\u00e7a de PVC flex\u00edvel com sistema de ventila\u00e7\u00e3o indireta, tirante de el\u00e1stico e visor de policarbonato incolor.<\/ul>\n<p>&nbsp;<\/p>\n","protected":false},"excerpt":{"rendered":"<p>\u00d3culos Jaguar (fum\u00ea \/ incolor) &#8211; C.A. 10.346 Descri\u00e7\u00e3o:\u00a0\u00d3culos de seguran\u00e7a, constitu\u00eddos de um arco de material pl\u00e1stico preto com um pino central e duas fendas nas extremidades utilizadas para o encaixe de um visor de policarbonato. &nbsp; &nbsp; \u00d3culos Leopardo (fum\u00ea \/ incolor) &#8211; C.A. 11.268 Descri\u00e7\u00e3o:\u00a0\u00d3culos de seguran\u00e7a com arma\u00e7\u00e3o e visor confeccionados ..<br \/><a href=\"http:\/\/protevel.com.br\/protevel\/produtos\/protecao-ao-olhos-e-face\/kalipso\/\" title=\"Read more\">Read more<\/a><\/p>\n","protected":false},"author":2,"featured_media":0,"parent":582,"menu_order":0,"comment_status":"closed","ping_status":"closed","template":"","meta":{"om_disable_all_campaigns":false,"footnotes":""},"class_list":["post-585","page","type-page","status-publish","hentry"],"aioseo_notices":[],"_links":{"self":[{"href":"http:\/\/protevel.com.br\/protevel\/wp-json\/wp\/v2\/pages\/585","targetHints":{"allow":["GET"]}}],"collection":[{"href":"http:\/\/protevel.com.br\/protevel\/wp-json\/wp\/v2\/pages"}],"about":[{"href":"http:\/\/protevel.com.br\/protevel\/wp-json\/wp\/v2\/types\/page"}],"author":[{"embeddable":true,"href":"http:\/\/protevel.com.br\/protevel\/wp-json\/wp\/v2\/users\/2"}],"replies":[{"embeddable":true,"href":"http:\/\/protevel.com.br\/protevel\/wp-json\/wp\/v2\/comments?post=585"}],"version-history":[{"count":31,"href":"http:\/\/protevel.com.br\/protevel\/wp-json\/wp\/v2\/pages\/585\/revisions"}],"predecessor-version":[{"id":1004,"href":"http:\/\/protevel.com.br\/protevel\/wp-json\/wp\/v2\/pages\/585\/revisions\/1004"}],"up":[{"embeddable":true,"href":"http:\/\/protevel.com.br\/protevel\/wp-json\/wp\/v2\/pages\/582"}],"wp:attachment":[{"href":"http:\/\/protevel.com.br\/protevel\/wp-json\/wp\/v2\/media?parent=585"}],"curies":[{"name":"wp","href":"https:\/\/api.w.org\/{rel}","templated":true}]}}