{"id":660,"date":"2016-06-29T14:12:40","date_gmt":"2016-06-29T17:12:40","guid":{"rendered":"http:\/\/protevel.com.br\/protevel\/?page_id=660"},"modified":"2019-04-11T16:28:50","modified_gmt":"2019-04-11T19:28:50","slug":"protecao-respiratoria","status":"publish","type":"page","link":"http:\/\/protevel.com.br\/protevel\/produtos\/protecao-respiratoria\/","title":{"rendered":"Prote\u00e7\u00e3o respirat\u00f3ria"},"content":{"rendered":"<p>&nbsp;<\/p>\n<p>&nbsp;<\/p>\n<p>&nbsp;<\/p>\n<p>&nbsp;<\/p>\n","protected":false},"excerpt":{"rendered":"<p>&nbsp; &nbsp; &nbsp; &nbsp;<\/p>\n","protected":false},"author":2,"featured_media":0,"parent":11,"menu_order":0,"comment_status":"closed","ping_status":"closed","template":"","meta":{"om_disable_all_campaigns":false,"footnotes":""},"class_list":["post-660","page","type-page","status-publish","hentry"],"aioseo_notices":[],"_links":{"self":[{"href":"http:\/\/protevel.com.br\/protevel\/wp-json\/wp\/v2\/pages\/660","targetHints":{"allow":["GET"]}}],"collection":[{"href":"http:\/\/protevel.com.br\/protevel\/wp-json\/wp\/v2\/pages"}],"about":[{"href":"http:\/\/protevel.com.br\/protevel\/wp-json\/wp\/v2\/types\/page"}],"author":[{"embeddable":true,"href":"http:\/\/protevel.com.br\/protevel\/wp-json\/wp\/v2\/users\/2"}],"replies":[{"embeddable":true,"href":"http:\/\/protevel.com.br\/protevel\/wp-json\/wp\/v2\/comments?post=660"}],"version-history":[{"count":4,"href":"http:\/\/protevel.com.br\/protevel\/wp-json\/wp\/v2\/pages\/660\/revisions"}],"predecessor-version":[{"id":1022,"href":"http:\/\/protevel.com.br\/protevel\/wp-json\/wp\/v2\/pages\/660\/revisions\/1022"}],"up":[{"embeddable":true,"href":"http:\/\/protevel.com.br\/protevel\/wp-json\/wp\/v2\/pages\/11"}],"wp:attachment":[{"href":"http:\/\/protevel.com.br\/protevel\/wp-json\/wp\/v2\/media?parent=660"}],"curies":[{"name":"wp","href":"https:\/\/api.w.org\/{rel}","templated":true}]}}