{"id":681,"date":"2016-06-29T14:47:48","date_gmt":"2016-06-29T17:47:48","guid":{"rendered":"http:\/\/protevel.com.br\/protevel\/?page_id=681"},"modified":"2019-04-11T16:27:30","modified_gmt":"2019-04-11T19:27:30","slug":"honeywell","status":"publish","type":"page","link":"http:\/\/protevel.com.br\/protevel\/produtos\/protecao-respiratoria\/honeywell\/","title":{"rendered":"HONEYWELL"},"content":{"rendered":"<p>&nbsp;<\/p>\n<h1 style=\"text-align: center;\">North 4200 &#8211; C.A. 29.272<\/h1>\n<p><img loading=\"lazy\" decoding=\"async\" class=\"size-medium wp-image-683 alignleft\" src=\"http:\/\/protevel.com.br\/protevel\/wp-content\/uploads\/2016\/06\/North4200-300x240.jpg\" alt=\"North4200\" width=\"300\" height=\"240\" srcset=\"http:\/\/protevel.com.br\/protevel\/wp-content\/uploads\/2016\/06\/North4200-300x240.jpg 300w, http:\/\/protevel.com.br\/protevel\/wp-content\/uploads\/2016\/06\/North4200.jpg 600w\" sizes=\"auto, (max-width: 300px) 100vw, 300px\" \/><\/p>\n<p align=\"justify\"><span lang=\"PT-BR\">Nova esp\u00e9cie\u00a0de respiradores. M\u00e1scara reutiliz\u00e1vel com filtros descart\u00e1veis.\u00a0<\/span><span lang=\"PT-BR\">Este respirador \u00a0ir\u00e1 atender e superar as necessidades dos trabalhadores, profissionais de seguran\u00e7a e gestores de compras.\u00a0<\/span><span lang=\"PT-BR\">Compromisso entre economia,\u00a0conforto e prote\u00e7\u00e3o.<\/span><\/p>\n<div class=\"padded\">\n<p>&nbsp;<\/p>\n<p>&nbsp;<\/p>\n<\/div>\n","protected":false},"excerpt":{"rendered":"<p>&nbsp; North 4200 &#8211; C.A. 29.272 Nova esp\u00e9cie\u00a0de respiradores. M\u00e1scara reutiliz\u00e1vel com filtros descart\u00e1veis.\u00a0Este respirador \u00a0ir\u00e1 atender e superar as necessidades dos trabalhadores, profissionais de seguran\u00e7a e gestores de compras.\u00a0Compromisso entre economia,\u00a0conforto e prote\u00e7\u00e3o. &nbsp; &nbsp;<\/p>\n","protected":false},"author":2,"featured_media":0,"parent":660,"menu_order":0,"comment_status":"closed","ping_status":"closed","template":"","meta":{"om_disable_all_campaigns":false,"footnotes":""},"class_list":["post-681","page","type-page","status-publish","hentry"],"aioseo_notices":[],"_links":{"self":[{"href":"http:\/\/protevel.com.br\/protevel\/wp-json\/wp\/v2\/pages\/681","targetHints":{"allow":["GET"]}}],"collection":[{"href":"http:\/\/protevel.com.br\/protevel\/wp-json\/wp\/v2\/pages"}],"about":[{"href":"http:\/\/protevel.com.br\/protevel\/wp-json\/wp\/v2\/types\/page"}],"author":[{"embeddable":true,"href":"http:\/\/protevel.com.br\/protevel\/wp-json\/wp\/v2\/users\/2"}],"replies":[{"embeddable":true,"href":"http:\/\/protevel.com.br\/protevel\/wp-json\/wp\/v2\/comments?post=681"}],"version-history":[{"count":6,"href":"http:\/\/protevel.com.br\/protevel\/wp-json\/wp\/v2\/pages\/681\/revisions"}],"predecessor-version":[{"id":1021,"href":"http:\/\/protevel.com.br\/protevel\/wp-json\/wp\/v2\/pages\/681\/revisions\/1021"}],"up":[{"embeddable":true,"href":"http:\/\/protevel.com.br\/protevel\/wp-json\/wp\/v2\/pages\/660"}],"wp:attachment":[{"href":"http:\/\/protevel.com.br\/protevel\/wp-json\/wp\/v2\/media?parent=681"}],"curies":[{"name":"wp","href":"https:\/\/api.w.org\/{rel}","templated":true}]}}