{"id":7,"date":"2016-03-16T01:57:44","date_gmt":"2016-03-16T01:57:44","guid":{"rendered":"http:\/\/protevel.com.br\/protevel\/?page_id=7"},"modified":"2024-12-13T14:30:54","modified_gmt":"2024-12-13T17:30:54","slug":"empresa","status":"publish","type":"page","link":"http:\/\/protevel.com.br\/protevel\/empresa\/","title":{"rendered":"Empresa"},"content":{"rendered":"<p>&nbsp;<\/p>\n<p style=\"text-align: justify;\"><strong>MISS\u00c3O:<\/strong> Temos como miss\u00e3o integrar experi\u00eancia, tecnologia, iniciativa e inova\u00e7\u00e3o em produtos de seguran\u00e7a, dia a dia, mesclamos integridade, responsabilidade e coopera\u00e7\u00e3o, oferecendo o suporte necess\u00e1rio para a melhoria dos resultados dos nossos clientes, atrav\u00e9s do compromisso no desenvolvimento de produtos da mais alta qualidade, criando relacionamentos de longo prazo atrav\u00e9s da nossa intensa dedica\u00e7\u00e3o.<\/p>\n<p>&nbsp;<\/p>\n<p style=\"text-align: justify;\"><strong>VIS\u00c3O:<\/strong> A Protevel E.P.I \u00e9 formada a partir de um sonho, trazendo equipamentos da mais alta qualidade, para melhor atender seus clientes. Proporcionando um ambiente amigo e confi\u00e1vel, assim dando ao cliente seguran\u00e7a e acima de tudo profissionalismo e efici\u00eancia.<\/p>\n<p>&nbsp;<\/p>\n<p style=\"text-align: justify;\"><strong>VALORES<\/strong>: Honestidade, companheirismo, profissionalismo, efici\u00eancia e respeito.<\/p>\n","protected":false},"excerpt":{"rendered":"<p>&nbsp; MISS\u00c3O: Temos como miss\u00e3o integrar experi\u00eancia, tecnologia, iniciativa e inova\u00e7\u00e3o em produtos de seguran\u00e7a, dia a dia, mesclamos integridade, responsabilidade e coopera\u00e7\u00e3o, oferecendo o suporte necess\u00e1rio para a melhoria dos resultados dos nossos clientes, atrav\u00e9s do compromisso no desenvolvimento de produtos da mais alta qualidade, criando relacionamentos de longo prazo atrav\u00e9s da nossa intensa ..<br \/><a href=\"http:\/\/protevel.com.br\/protevel\/empresa\/\" title=\"Read more\">Read more<\/a><\/p>\n","protected":false},"author":1,"featured_media":0,"parent":0,"menu_order":1,"comment_status":"closed","ping_status":"closed","template":"","meta":{"om_disable_all_campaigns":false,"footnotes":""},"class_list":["post-7","page","type-page","status-publish","hentry"],"aioseo_notices":[],"_links":{"self":[{"href":"http:\/\/protevel.com.br\/protevel\/wp-json\/wp\/v2\/pages\/7","targetHints":{"allow":["GET"]}}],"collection":[{"href":"http:\/\/protevel.com.br\/protevel\/wp-json\/wp\/v2\/pages"}],"about":[{"href":"http:\/\/protevel.com.br\/protevel\/wp-json\/wp\/v2\/types\/page"}],"author":[{"embeddable":true,"href":"http:\/\/protevel.com.br\/protevel\/wp-json\/wp\/v2\/users\/1"}],"replies":[{"embeddable":true,"href":"http:\/\/protevel.com.br\/protevel\/wp-json\/wp\/v2\/comments?post=7"}],"version-history":[{"count":5,"href":"http:\/\/protevel.com.br\/protevel\/wp-json\/wp\/v2\/pages\/7\/revisions"}],"predecessor-version":[{"id":161,"href":"http:\/\/protevel.com.br\/protevel\/wp-json\/wp\/v2\/pages\/7\/revisions\/161"}],"wp:attachment":[{"href":"http:\/\/protevel.com.br\/protevel\/wp-json\/wp\/v2\/media?parent=7"}],"curies":[{"name":"wp","href":"https:\/\/api.w.org\/{rel}","templated":true}]}}