{"id":724,"date":"2016-06-30T15:32:13","date_gmt":"2016-06-30T18:32:13","guid":{"rendered":"http:\/\/protevel.com.br\/protevel\/?page_id=724"},"modified":"2019-03-20T17:48:32","modified_gmt":"2019-03-20T20:48:32","slug":"honeywell","status":"publish","type":"page","link":"http:\/\/protevel.com.br\/protevel\/produtos\/protecao-auditiva\/honeywell\/","title":{"rendered":"Honeywell"},"content":{"rendered":"<h1 style=\"text-align: center;\">Thunder T3 26 dB &#8211; C.A. 15.245<\/h1>\n<p><img loading=\"lazy\" decoding=\"async\" class=\" wp-image-734 alignleft\" src=\"http:\/\/protevel.com.br\/protevel\/wp-content\/uploads\/2016\/06\/1010970-HL-Thunder-T3-main-268x300.jpg\" alt=\"1010970-HL-Thunder-T3 main\" width=\"297\" height=\"332\" srcset=\"http:\/\/protevel.com.br\/protevel\/wp-content\/uploads\/2016\/06\/1010970-HL-Thunder-T3-main-268x300.jpg 268w, http:\/\/protevel.com.br\/protevel\/wp-content\/uploads\/2016\/06\/1010970-HL-Thunder-T3-main.jpg 290w\" sizes=\"auto, (max-width: 297px) 100vw, 297px\" \/><\/p>\n<p style=\"text-align: center;\"><strong>Descri\u00e7\u00e3o do produto:<\/strong><\/p>\n<p>Abafador para bloqueio de ru\u00eddos em constru\u00e7\u00e3o diel\u00e9trica. Tem tecnologia de controle de fluxo de ar e almofadas substitu\u00edveis.<\/p>\n<p style=\"text-align: center;\"><strong>Caracter\u00edsticas:<\/strong><\/p>\n<p>Tecnologia patenteada de controle de fluxo de ar para uma \u00f3tima atenua\u00e7\u00e3o tamb\u00e9m em baixa frequ\u00eancia;\u00a0Constru\u00e7\u00e3o diel\u00e9trica (sem partes met\u00e1licas); Almofadas que se ajustam \u00e0 press\u00e3o e s\u00e3o substitu\u00edveis;\u00a0Ajuste de altura quick-click, que permanece fixo durante o uso;\u00a0Faixa de fixa\u00e7\u00e3o externa indeform\u00e1vel com ventila\u00e7\u00e3o interna.\u00a0 Atenua\u00e7\u00e3o NRRsf: 26 dB<\/p>\n<p>&nbsp;<\/p>\n<p>&nbsp;<\/p>\n<p>&nbsp;<\/p>\n<p>&nbsp;<\/p>\n<h1 style=\"text-align: center;\">X-Treme 19 dB &#8211; C.A. 16.197<\/h1>\n<p><img loading=\"lazy\" decoding=\"async\" class=\"alignleft\" src=\"https:\/\/www.honeywellsafety.com\/assets\/0\/324\/1250\/1254\/1255\/4ab55765-b11f-4dd4-a57b-505904ac640d.jpg\" alt=\"HL_X-Treme\" width=\"300\" height=\"300\" \/><\/p>\n<p>Ideal para situa\u00e7\u00f5es de trabalho que demandam troca frequente dos plugues ou em locais onde a higiene limita a reutiliza\u00e7\u00e3o. X-Treme \u00e9 um dos plugues descart\u00e1veis mais vendidos no mundo e oferece prote\u00e7\u00e3o e conforto para qualquer tipo de canal auditivo. Economia de plugue com atenua\u00e7\u00e3o de abafador.<\/p>\n","protected":false},"excerpt":{"rendered":"<p>Thunder T3 26 dB &#8211; C.A. 15.245 Descri\u00e7\u00e3o do produto: Abafador para bloqueio de ru\u00eddos em constru\u00e7\u00e3o diel\u00e9trica. Tem tecnologia de controle de fluxo de ar e almofadas substitu\u00edveis. Caracter\u00edsticas: Tecnologia patenteada de controle de fluxo de ar para uma \u00f3tima atenua\u00e7\u00e3o tamb\u00e9m em baixa frequ\u00eancia;\u00a0Constru\u00e7\u00e3o diel\u00e9trica (sem partes met\u00e1licas); Almofadas que se ajustam \u00e0 ..<br \/><a href=\"http:\/\/protevel.com.br\/protevel\/produtos\/protecao-auditiva\/honeywell\/\" title=\"Read more\">Read more<\/a><\/p>\n","protected":false},"author":2,"featured_media":0,"parent":705,"menu_order":0,"comment_status":"closed","ping_status":"closed","template":"","meta":{"om_disable_all_campaigns":false,"footnotes":""},"class_list":["post-724","page","type-page","status-publish","hentry"],"aioseo_notices":[],"_links":{"self":[{"href":"http:\/\/protevel.com.br\/protevel\/wp-json\/wp\/v2\/pages\/724","targetHints":{"allow":["GET"]}}],"collection":[{"href":"http:\/\/protevel.com.br\/protevel\/wp-json\/wp\/v2\/pages"}],"about":[{"href":"http:\/\/protevel.com.br\/protevel\/wp-json\/wp\/v2\/types\/page"}],"author":[{"embeddable":true,"href":"http:\/\/protevel.com.br\/protevel\/wp-json\/wp\/v2\/users\/2"}],"replies":[{"embeddable":true,"href":"http:\/\/protevel.com.br\/protevel\/wp-json\/wp\/v2\/comments?post=724"}],"version-history":[{"count":12,"href":"http:\/\/protevel.com.br\/protevel\/wp-json\/wp\/v2\/pages\/724\/revisions"}],"predecessor-version":[{"id":958,"href":"http:\/\/protevel.com.br\/protevel\/wp-json\/wp\/v2\/pages\/724\/revisions\/958"}],"up":[{"embeddable":true,"href":"http:\/\/protevel.com.br\/protevel\/wp-json\/wp\/v2\/pages\/705"}],"wp:attachment":[{"href":"http:\/\/protevel.com.br\/protevel\/wp-json\/wp\/v2\/media?parent=724"}],"curies":[{"name":"wp","href":"https:\/\/api.w.org\/{rel}","templated":true}]}}