{"id":756,"date":"2016-07-04T15:17:22","date_gmt":"2016-07-04T18:17:22","guid":{"rendered":"http:\/\/protevel.com.br\/protevel\/?page_id=756"},"modified":"2024-09-10T11:48:55","modified_gmt":"2024-09-10T14:48:55","slug":"dgmaster","status":"publish","type":"page","link":"http:\/\/protevel.com.br\/protevel\/produtos\/trabalho-em-altura\/dgmaster\/","title":{"rendered":"DGMASTER"},"content":{"rendered":"<p><img loading=\"lazy\" decoding=\"async\" class=\"wp-image-1130  aligncenter\" src=\"http:\/\/protevel.com.br\/protevel\/wp-content\/uploads\/2024\/09\/DGMASTERLOGO-300x130.png\" alt=\"\" width=\"414\" height=\"179\" srcset=\"http:\/\/protevel.com.br\/protevel\/wp-content\/uploads\/2024\/09\/DGMASTERLOGO-300x130.png 300w, http:\/\/protevel.com.br\/protevel\/wp-content\/uploads\/2024\/09\/DGMASTERLOGO-1024x444.png 1024w, http:\/\/protevel.com.br\/protevel\/wp-content\/uploads\/2024\/09\/DGMASTERLOGO-768x333.png 768w, http:\/\/protevel.com.br\/protevel\/wp-content\/uploads\/2024\/09\/DGMASTERLOGO.png 1461w\" sizes=\"auto, (max-width: 414px) 100vw, 414px\" \/><\/p>\n<p style=\"text-align: center;\"><b>CINTO PQ3 DG5100<\/b><\/p>\n<p style=\"text-align: center;\"><img loading=\"lazy\" decoding=\"async\" class=\"alignnone size-medium wp-image-760\" src=\"http:\/\/protevel.com.br\/protevel\/wp-content\/uploads\/2016\/07\/dg-5100_a-200x300.jpg\" alt=\"dg-5100_a\" width=\"200\" height=\"300\" srcset=\"http:\/\/protevel.com.br\/protevel\/wp-content\/uploads\/2016\/07\/dg-5100_a-200x300.jpg 200w, http:\/\/protevel.com.br\/protevel\/wp-content\/uploads\/2016\/07\/dg-5100_a.jpg 400w\" sizes=\"auto, (max-width: 200px) 100vw, 200px\" \/><\/p>\n<p style=\"text-align: left;\">Descri\u00e7\u00e3o:<\/p>\n<p style=\"text-align: left;\">Cinto tipo paraquedista \/abdominal confeccionado em fita de poli\u00e9ster, possuindo tr\u00eas argolas em D, sendo uma na regi\u00e3o dorsal para ancoragem de duas na regi\u00e3o da cintura para posicionamento e descanso dos conectores dos talabartes.<\/p>\n<p style=\"text-align: left;\">Possui acolchoamento na lombar, fivelas duplas para ajustes no suspens\u00f3rio, na cintura e pernas.<\/p>\n<p style=\"text-align: left;\">Fita secund\u00e1ria com ajuste na regi\u00e3o peitoral.<\/p>\n<p style=\"text-align: left;\">Atividades Constru\u00e7\u00e3o Civil, Ind\u00fastria e Telecomunica\u00e7\u00e3o.<\/p>\n<p style=\"text-align: left;\">Informa\u00e7\u00f5es t\u00e9cnicas:<\/p>\n<p style=\"text-align: left;\">&#8211; F- fita prim\u00e1ria de alta resist\u00eancia de 45 mm.<\/p>\n<p style=\"text-align: left;\">Fivelas duplas de ajuste e argolas em D em a\u00e7o.<\/p>\n<p style=\"text-align: left;\">C.A. 38065<\/p>\n<p style=\"text-align: center;\"><b>CINTO PQ3 DG6002<\/b><\/p>\n<p style=\"text-align: center;\"><img loading=\"lazy\" decoding=\"async\" class=\"alignnone size-medium wp-image-763\" src=\"http:\/\/protevel.com.br\/protevel\/wp-content\/uploads\/2016\/07\/dg-6002_a-200x300.jpg\" alt=\"dg-6002_a\" width=\"200\" height=\"300\" srcset=\"http:\/\/protevel.com.br\/protevel\/wp-content\/uploads\/2016\/07\/dg-6002_a-200x300.jpg 200w, http:\/\/protevel.com.br\/protevel\/wp-content\/uploads\/2016\/07\/dg-6002_a.jpg 400w\" sizes=\"auto, (max-width: 200px) 100vw, 200px\" \/><\/p>\n<p style=\"text-align: left;\">Descri\u00e7\u00e3o:<\/p>\n<p style=\"text-align: left;\">Cinto tipo paraquedista confeccionado em fita de poli\u00e9ster, possuindo tr\u00eas argolas tipo D em a\u00e7o, sendo uma na regi\u00e3o dorsal para ancoragem e duas na regi\u00e3o da cintura para descanso dos conectores talabartes.<\/p>\n<p style=\"text-align: left;\">Fivelas duplas em a\u00e7o, nas pernas e cintura para regulagem.<\/p>\n<p style=\"text-align: left;\">Fita secund\u00e1ria para ajuste na regi\u00e3o peitoral.<\/p>\n<p style=\"text-align: left;\">Atividades Constru\u00e7\u00e3o Civil e Ind\u00fastria.<\/p>\n<p style=\"text-align: left;\">Informa\u00e7\u00f5es t\u00e9cnicas:<\/p>\n<p style=\"text-align: left;\">\u00a0Fitas prim\u00e1rias de alta resist\u00eancia de 45 mm e fita secund\u00e1ria de 25 mm.<\/p>\n<p style=\"text-align: left;\">Fivelas duplas e argola D em a\u00e7o.<\/p>\n<p style=\"text-align: left;\">Costuras refor\u00e7adas.<\/p>\n<p style=\"text-align: left;\">C.A. 36900<\/p>\n<p style=\"text-align: center;\"><b>TALABARTE 90 CM FITA &#8211; DG 8002<\/b><\/p>\n<p style=\"text-align: center;\"><img loading=\"lazy\" decoding=\"async\" class=\"alignnone size-medium wp-image-765\" src=\"http:\/\/protevel.com.br\/protevel\/wp-content\/uploads\/2016\/07\/dg-8002_b-300x200.jpg\" alt=\"dg-8002_b\" width=\"300\" height=\"200\" srcset=\"http:\/\/protevel.com.br\/protevel\/wp-content\/uploads\/2016\/07\/dg-8002_b-300x200.jpg 300w, http:\/\/protevel.com.br\/protevel\/wp-content\/uploads\/2016\/07\/dg-8002_b.jpg 600w\" sizes=\"auto, (max-width: 300px) 100vw, 300px\" \/><\/p>\n<p style=\"text-align: left;\">Descri\u00e7\u00e3o:<\/p>\n<p style=\"text-align: left;\">Talabarte de seguran\u00e7a simples, confeccionado em fita de poli\u00e9ster de 45mm, em uma extremidade 1 mosquet\u00e3o trava dupla de 17 mm na outra extremidade la\u00e7ada para conex\u00e3o no cintur\u00e3o de seguran\u00e7a.<\/p>\n<p style=\"text-align: left;\">Fivelas duplas em a\u00e7o, nas pernas e cintura para regulagem.<\/p>\n<p style=\"text-align: left;\">Fita secund\u00e1ria para ajuste na regi\u00e3o peitoral.<\/p>\n<p style=\"text-align: left;\">Atividades Utilizado para reten\u00e7\u00e3o de quedas em movimenta\u00e7\u00e3o vertical e horizontal.<\/p>\n<p style=\"text-align: left;\">Informa\u00e7\u00f5es t\u00e9cnicas:<\/p>\n<p style=\"text-align: left;\">1 Mosquet\u00e3o de 17mm;.<\/p>\n<p style=\"text-align: left;\">1 la\u00e7ada para conex\u00e3o no cintur\u00e3o de seguran\u00e7a.<\/p>\n<p style=\"text-align: left;\">C.A. 36899 \/ 36900 \/ 38064 \/ 38065 \/ 38066 \/ 38067<\/p>\n<p style=\"text-align: center;\"><b>TALABARTE &#8220;Y&#8221; (55) EM FITA SEM ABSORVEDOR DE IMPACTO &#8211; DG 8004<\/b><\/p>\n<p style=\"text-align: center;\"><img loading=\"lazy\" decoding=\"async\" class=\"alignnone size-medium wp-image-767\" src=\"http:\/\/protevel.com.br\/protevel\/wp-content\/uploads\/2016\/07\/dg-8004_b-300x200.jpg\" alt=\"dg-8004_b\" width=\"300\" height=\"200\" srcset=\"http:\/\/protevel.com.br\/protevel\/wp-content\/uploads\/2016\/07\/dg-8004_b-300x200.jpg 300w, http:\/\/protevel.com.br\/protevel\/wp-content\/uploads\/2016\/07\/dg-8004_b.jpg 600w\" sizes=\"auto, (max-width: 300px) 100vw, 300px\" \/><\/p>\n<p style=\"text-align: left;\">Descri\u00e7\u00e3o:<\/p>\n<p style=\"text-align: left;\">Talabarte\u00a0<span style=\"line-height: 1.5;\">\u201cY\u201d de Seguran\u00e7a possui fita de poli\u00e9ster com 45 mm de largura, dois conectores classe A com abertura de 55 mm na la\u00e7ada na outra extremidade para conex\u00e3o no cintur\u00e3o de seguran\u00e7a. <\/span><\/p>\n<p style=\"text-align: left;\"><span style=\"line-height: 1.5;\">Atividades Utilizado para reten\u00e7\u00e3o de quedas. <\/span><\/p>\n<p style=\"text-align: left;\"><span style=\"line-height: 1.5;\">Informa\u00e7\u00f5es t\u00e9cnicas <\/span><\/p>\n<p style=\"text-align: left;\"><span style=\"line-height: 1.5;\">Fita: Poli\u00e9ster. <\/span><\/p>\n<p style=\"text-align: left;\"><span style=\"line-height: 1.5;\">Conectores Classe \u201cA\u201d em A\u00e7o: Abertura de 55 mm. <\/span><\/p>\n<p style=\"text-align: left;\"><span style=\"line-height: 1.5;\">Comprimento: 90 cm.<\/span><\/p>\n<p style=\"text-align: left;\">C.A. 36899 \/ 36900 \/ 38064 \/ 38065 \/ 38066 \/ 38067<\/p>\n<p style=\"text-align: center;\"><b>TALABARTE &#8220;Y&#8221; (55\/17) ELASTIZADO EM FITA COM ABSORVEDOR DE IMPACTO &#8211; DG 8010<\/b><\/p>\n<p style=\"text-align: center;\"><img loading=\"lazy\" decoding=\"async\" class=\"alignnone size-medium wp-image-769\" src=\"http:\/\/protevel.com.br\/protevel\/wp-content\/uploads\/2016\/07\/dg-8010_a-300x200.jpg\" alt=\"dg-8010_a\" width=\"300\" height=\"200\" srcset=\"http:\/\/protevel.com.br\/protevel\/wp-content\/uploads\/2016\/07\/dg-8010_a-300x200.jpg 300w, http:\/\/protevel.com.br\/protevel\/wp-content\/uploads\/2016\/07\/dg-8010_a.jpg 600w\" sizes=\"auto, (max-width: 300px) 100vw, 300px\" \/><\/p>\n<p style=\"text-align: left;\">Descri\u00e7\u00e3o:<\/p>\n<p style=\"text-align: left;\">Talabarte \u201cY\u201d de Seguran\u00e7a possui fita de poli\u00e9ster el\u00e1stica com 45 mm de largura, dois conectores classe A com abertura de 55 mm, um conector classe T com abertura de 17 mm e ABS.<\/p>\n<p style=\"text-align: left;\">Atividades Utilizado para reten\u00e7\u00e3o de quedas em movimenta\u00e7\u00e3o vertical e horizontal.<\/p>\n<p style=\"text-align: left;\">Informa\u00e7\u00f5es t\u00e9cnicas:<\/p>\n<p style=\"text-align: left;\">Fita: Poli\u00e9ster. Conectores Classe A: Abertura de 55 mm.<\/p>\n<p style=\"text-align: left;\">Conectores Classe T: 17 mm.<\/p>\n<p style=\"text-align: left;\">C.A. 36899 \/ 36900 \/ 38064 \/ 38065 \/ 38066 \/ 38067<\/p>\n<p style=\"text-align: center;\"><b>TRAVA-QUEDAS PARA CORDA 12mm &#8211; DG\u00a09000<\/b><\/p>\n<p style=\"text-align: center;\"><img loading=\"lazy\" decoding=\"async\" class=\"alignnone size-medium wp-image-774\" src=\"http:\/\/protevel.com.br\/protevel\/wp-content\/uploads\/2016\/07\/dg-9000-00-300x185.jpg\" alt=\"dg-9000-00\" width=\"300\" height=\"185\" srcset=\"http:\/\/protevel.com.br\/protevel\/wp-content\/uploads\/2016\/07\/dg-9000-00-300x185.jpg 300w, http:\/\/protevel.com.br\/protevel\/wp-content\/uploads\/2016\/07\/dg-9000-00.jpg 340w\" sizes=\"auto, (max-width: 300px) 100vw, 300px\" \/><\/p>\n<p style=\"text-align: left;\">Descri\u00e7\u00e3o:<\/p>\n<p style=\"text-align: left;\">Dispositivo Trava Quedas com extensor de 200 mm para corda de 12 mm, confeccionado em a\u00e7o.<\/p>\n<p style=\"text-align: left;\">Conector classe T de 17 mm utilizado no ponto de conex\u00e3o dorsal ou peitoral do cintur\u00e3o tipo paraquedista \/ abdominal.<\/p>\n<p style=\"text-align: left;\">Aplica\u00e7\u00e3o &#8211; Deslocamento vertical acompanhando o trabalhador na subida e descida e trava autom\u00e1tica em caso de queda. Extensor de 200 mm<\/p>\n<p style=\"text-align: left;\">C.A. 36899 \/ 36900 \/ 38064 \/ 38065 \/ 38066 \/ 38067<\/p>\n","protected":false},"excerpt":{"rendered":"<p>CINTO PQ3 DG5100 Descri\u00e7\u00e3o: Cinto tipo paraquedista \/abdominal confeccionado em fita de poli\u00e9ster, possuindo tr\u00eas argolas em D, sendo uma na regi\u00e3o dorsal para ancoragem de duas na regi\u00e3o da cintura para posicionamento e descanso dos conectores dos talabartes. Possui acolchoamento na lombar, fivelas duplas para ajustes no suspens\u00f3rio, na cintura e pernas. Fita secund\u00e1ria ..<br \/><a href=\"http:\/\/protevel.com.br\/protevel\/produtos\/trabalho-em-altura\/dgmaster\/\" title=\"Read more\">Read more<\/a><\/p>\n","protected":false},"author":2,"featured_media":0,"parent":751,"menu_order":0,"comment_status":"closed","ping_status":"closed","template":"","meta":{"om_disable_all_campaigns":false,"footnotes":""},"class_list":["post-756","page","type-page","status-publish","hentry"],"aioseo_notices":[],"_links":{"self":[{"href":"http:\/\/protevel.com.br\/protevel\/wp-json\/wp\/v2\/pages\/756","targetHints":{"allow":["GET"]}}],"collection":[{"href":"http:\/\/protevel.com.br\/protevel\/wp-json\/wp\/v2\/pages"}],"about":[{"href":"http:\/\/protevel.com.br\/protevel\/wp-json\/wp\/v2\/types\/page"}],"author":[{"embeddable":true,"href":"http:\/\/protevel.com.br\/protevel\/wp-json\/wp\/v2\/users\/2"}],"replies":[{"embeddable":true,"href":"http:\/\/protevel.com.br\/protevel\/wp-json\/wp\/v2\/comments?post=756"}],"version-history":[{"count":21,"href":"http:\/\/protevel.com.br\/protevel\/wp-json\/wp\/v2\/pages\/756\/revisions"}],"predecessor-version":[{"id":1136,"href":"http:\/\/protevel.com.br\/protevel\/wp-json\/wp\/v2\/pages\/756\/revisions\/1136"}],"up":[{"embeddable":true,"href":"http:\/\/protevel.com.br\/protevel\/wp-json\/wp\/v2\/pages\/751"}],"wp:attachment":[{"href":"http:\/\/protevel.com.br\/protevel\/wp-json\/wp\/v2\/media?parent=756"}],"curies":[{"name":"wp","href":"https:\/\/api.w.org\/{rel}","templated":true}]}}