{"id":777,"date":"2016-07-21T10:49:00","date_gmt":"2016-07-21T13:49:00","guid":{"rendered":"http:\/\/protevel.com.br\/protevel\/?page_id=777"},"modified":"2016-07-21T11:49:55","modified_gmt":"2016-07-21T14:49:55","slug":"msa","status":"publish","type":"page","link":"http:\/\/protevel.com.br\/protevel\/produtos\/trabalho-em-altura\/msa\/","title":{"rendered":"MSA"},"content":{"rendered":"<p><img loading=\"lazy\" decoding=\"async\" class=\"alignnone size-medium wp-image-616 aligncenter\" src=\"http:\/\/protevel.com.br\/protevel\/wp-content\/uploads\/2016\/06\/msa-300x143.png\" alt=\"msa\" width=\"300\" height=\"143\" \/><\/p>\n<p>&nbsp;<\/p>\n<h1 style=\"text-align: center;\">Cinto paraquedista 3 argolas &#8211; 278341<\/h1>\n<p style=\"text-align: center;\"><img loading=\"lazy\" decoding=\"async\" class=\"alignnone size-medium wp-image-778\" src=\"http:\/\/protevel.com.br\/protevel\/wp-content\/uploads\/2016\/07\/278341-146x300.jpg\" alt=\"278341\" width=\"146\" height=\"300\" srcset=\"http:\/\/protevel.com.br\/protevel\/wp-content\/uploads\/2016\/07\/278341-146x300.jpg 146w, http:\/\/protevel.com.br\/protevel\/wp-content\/uploads\/2016\/07\/278341.jpg 194w\" sizes=\"auto, (max-width: 146px) 100vw, 146px\" \/><\/p>\n<p style=\"text-align: left;\">Qualidade, conforto e valor s\u00e3o as principais caracter\u00edsticas da linha Workman. O cinto paraquedista Workman possui diversas configura\u00e7\u00f5es, s\u00e3o leves e possuem componentes de grande durabilidade.<\/p>\n<p style=\"text-align: left;\">C.A. 35056<\/p>\n<p style=\"text-align: left;\">Descri\u00e7\u00e3o:<\/p>\n<p style=\"text-align: left;\">Cintur\u00e3o de seguran\u00e7a paraquedista\/abdominal WORKMAN 4 ARGOLA, com dois elementos de engate contra queda, sendo 1 dorsal e 1 peitoral, ambos em a\u00e7o, e dois elementos de engate laterais para posicionamento e restri\u00e7\u00e3o em a\u00e7o. Quatro fivelas em a\u00e7o para fechamento com ajuste. Utilizado com os talabartes e trava quedas: Talabartes de seguran\u00e7a contra queda-Ref.: 1) 218477. 2) 218478. 3) PN 218624. 4) PN 218625. 5) 278446. 6) 311278. 7) 311279. 8) 311280. 9) 311281. 10) 311282. 11) 311288. Talabartes de posicionamento e restri\u00e7\u00e3o: 1) 218479. 2) PN 218835. 3) 278413. 4) PN 311713. 5) PN 311714. 6) PN 311715. Trava quedas-Ref.: 1) 10121777. 2) 10120723. 3) 10153904. 4) 10153902. 5) PN 218629. 6) PN 218630. 7) PN 218631. 8) PN 218648. 9) PN 218639. 10) PN 218638. 11) PN 311283. 12) PN 311284.<\/p>\n<p style=\"text-align: left;\">Atestado de conformidade Inmetro: Portaria INMETRO 388, de 24 de Julho de 2012.<\/p>\n<p style=\"text-align: left;\">Normas t\u00e9cnicas:<\/p>\n<p style=\"text-align: left;\">ABNT NBR 15837:2010 \u00a0\/\u00a0ABNT NBR 14629:2010 \/ ABNT NBR 14628:2010 \/ ABNT NBR 14627:2010 \u00a0\/ ABNT NBR 14626:2010 \/ ABNT NBR 15834:2010 \/ ABNT NBR 15836:2010 \/ ABNT NBR 15835:2010<\/p>\n<h1 style=\"text-align: center;\">Cinto paraquedista WORKMAN UTILITY &#8211; 218580<\/h1>\n<p style=\"text-align: center;\"><img loading=\"lazy\" decoding=\"async\" class=\"alignnone size-medium wp-image-784\" src=\"http:\/\/protevel.com.br\/protevel\/wp-content\/uploads\/2016\/07\/218580-155x300.jpg\" alt=\"218580\" width=\"155\" height=\"300\" srcset=\"http:\/\/protevel.com.br\/protevel\/wp-content\/uploads\/2016\/07\/218580-155x300.jpg 155w, http:\/\/protevel.com.br\/protevel\/wp-content\/uploads\/2016\/07\/218580.jpg 206w\" sizes=\"auto, (max-width: 155px) 100vw, 155px\" \/><\/p>\n<p style=\"text-align: left;\">Qualidade, conforto e valor s\u00e3o as principais caracter\u00edsticas da linha Workman. O cinto paraquedista Workman possui diversas configura\u00e7\u00f5es, s\u00e3o leves e possuem componentes de grande durabilidade.<\/p>\n<p style=\"text-align: left;\">C.A. 35006<\/p>\n<p style=\"text-align: left;\">Descri\u00e7\u00e3o:<\/p>\n<p style=\"text-align: left;\">Cintur\u00e3o de seguran\u00e7a paraquedista\/Abdominal, com dois elementos de engate contra queda, sendo um dorsal em a\u00e7o e um peitoral em fita. Dois elementos laterais em a\u00e7o para posicionamento. Uma fivela em a\u00e7o para fechamento com ajuste, uma fivela em pl\u00e1stico para fechamento e ajuste, duas fivelas em a\u00e7o para ajuste e duas fivelas em alum\u00ednio para fechamento e ajuste. Cont\u00e9m almofada na regi\u00e3o lombar, na regi\u00e3o sub p\u00e9lvica e na regi\u00e3o das pernas. O Cintur\u00e3o \u00e9 utilizado com os seguintes talabartes e travaquedas: 1) Talabartes de seguran\u00e7a contra queda \u2013 218477; 218478; PN 218624; 278446; 311278; 311279; 311280; 311281; 311282; 311288; PN 218623; PN 218625. 2) Talabartes de posicionamento e restri\u00e7\u00e3o \u2013 218479; PN 218835; 278413; PN 311713; PN 311714; PN 311715; PN 218836. 3) Travaquedas \u2013 10121777; 10120723; 10153904; 10153902; PN 218630; PN 218631; PN 218648; PN 218639; PN 218638; PN 311283; PN 311284; 10160717; 10160718; PN 218626; PN 218627; PN 218629; PN 218838; PN 62810-00; PN 62816-00; PN 62826-00; PN 62841-00; MINI PFL &#8211; 10157851; MINI PFL &#8211; 10159658; MINI PFL &#8211; 10159659.<\/p>\n<p style=\"text-align: left;\">Atestado de conformidade Inmetro: Portaria INMETRO 388, de 24 de Julho de 2012.<\/p>\n<p style=\"text-align: left;\">Normas t\u00e9cnicas:<\/p>\n<p style=\"text-align: left;\">ABNT NBR 15837:2010 \u00a0\/\u00a0ABNT NBR 14629:2010 \/ ABNT NBR 14628:2010 \/ ABNT NBR 14627:2010 \u00a0\/ ABNT NBR 14626:2010 \/ ABNT NBR 15834:2010 \/ ABNT NBR 15836:2010 \/ ABNT NBR 15835:2010<\/p>\n<h1 style=\"text-align: center;\">Cinto paraquedista Arcsafe &#8211; 218813<\/h1>\n<p style=\"text-align: center;\"><img loading=\"lazy\" decoding=\"async\" class=\"alignnone size-medium wp-image-787\" src=\"http:\/\/protevel.com.br\/protevel\/wp-content\/uploads\/2016\/07\/ArcSafeHarnesses_000230000200001005_BR-155x300.png\" alt=\"ArcSafeHarnesses_000230000200001005_BR\" width=\"155\" height=\"300\" srcset=\"http:\/\/protevel.com.br\/protevel\/wp-content\/uploads\/2016\/07\/ArcSafeHarnesses_000230000200001005_BR-155x300.png 155w, http:\/\/protevel.com.br\/protevel\/wp-content\/uploads\/2016\/07\/ArcSafeHarnesses_000230000200001005_BR.png 305w\" sizes=\"auto, (max-width: 155px) 100vw, 155px\" \/><\/p>\n<p style=\"text-align: left;\">Este cinto paraquedista \u00e9 testado e aprovado pelas Normas ASTM F887-05, para arco el\u00e9trico at\u00e9 40cal\/cm2, e ap\u00f3s submetido ao teste de arco el\u00e9trico \u00e9 aplicado um teste din\u00e2mico de queda de acordo com a ANSI Z359.<\/p>\n<p style=\"text-align: left;\">C.A. 35871<\/p>\n<p style=\"text-align: left;\">Descri\u00e7\u00e3o:<\/p>\n<p style=\"text-align: left;\">Cintur\u00e3o de seguran\u00e7a paraquedista ARCSAFE, com dois elementos de engate contra queda, sendo um dorsal e<br \/>\num peitoral, ambos em la\u00e7os de poli\u00e9ster, tr\u00eas fivelas em a\u00e7o para fechamento com ajuste e duas fivelas de a\u00e7o para ajuste.<br \/>\nN\u00e3o cont\u00e9m almofadas. O cintur\u00e3o \u00e9 utilizado com os seguintes talabartes e trava quedas: 1) Talabartes &#8211; 218477; 218478; PN218623; PN 218624; PN 218625; 278446; 311278; 311279; 311280; 311281; 311282; 311288; PN 218815; PN 218816; PN10145181; 2) Trava quedas: 10120723; 10121777; 10160717; 10160718; PN 218626; PN 218627; PN 218629; PN 218630; PN218631; PN 218648; PN 218838; PN 62810-00; PN 62816-00; PN 62826-00; PN 62841-00; PN 218638; PN 311283; PN311284; PN 218639.<\/p>\n<p style=\"text-align: left;\">Atestado de conformidade Inmetro: Portaria INMETRO n.\u00ba 388, de 24 de julho de 2012<br \/>\nNormas t\u00e9cnicas: ABNT NBR 15836:2010, ABNT NBR 15834:2010, ABNT NBR 14626:2010, ABNT NBR 14627:2010, ABNT\u00a0NBR 14628:2010, ABNT NBR 14629:2010<\/p>\n<h1 style=\"text-align: center;\">Talabarte Duplo c\/ elastico 1,2 m c\/ ABS ganchos 55mm &#8211; 311288<\/h1>\n<p style=\"text-align: left;\"><img loading=\"lazy\" decoding=\"async\" class=\"size-medium wp-image-790 aligncenter\" src=\"http:\/\/protevel.com.br\/protevel\/wp-content\/uploads\/2016\/07\/311288-150x300.jpg\" alt=\"311288\" width=\"150\" height=\"300\" srcset=\"http:\/\/protevel.com.br\/protevel\/wp-content\/uploads\/2016\/07\/311288-150x300.jpg 150w, http:\/\/protevel.com.br\/protevel\/wp-content\/uploads\/2016\/07\/311288.jpg 159w\" sizes=\"auto, (max-width: 150px) 100vw, 150px\" \/><\/p>\n<p style=\"text-align: left;\">Equipamento de seguran\u00e7a utilizado para prote\u00e7\u00e3o contra risco de queda na movimenta\u00e7\u00e3o do trabalhor em altura, sendo utilizado em conjunto com cintur\u00e3o de seguran\u00e7a tipo paraquedista. Este equipamento \u00e9 desenvolvido com el\u00e1sticos internos para reduzir o comprimento total do talabarte quando o mesmo estiver em descanso.<\/p>\n<p style=\"text-align: left;\">Talabarte Duplo fabricado em fita tubular de material sint\u00e9tico com 45mm de largura, espessura de 1,0mm e resist\u00eancia de 23kN. Possui el\u00e1stico interno em material sint\u00e9tico. O Talabarte com absorvedor de energia da MSA \u00e9 muito leve, inclui uma transparente e dur\u00e1vel capa de prote\u00e7\u00e3o sobre a etiqueta, o que aumenta a vida \u00fatil e permite f\u00e1cil inspe\u00e7\u00e3o. O absorvedor de energia \u00e9 projetado para limitar o impacto de uma queda em at\u00e9 6kN. Possui dois conectores fabricados em a\u00e7o, em formato gancho, com abertura de 55mm e sistema dupla trava autom\u00e1tica. Na sua extremidade existe um conector em a\u00e7o, em formato oval com abertura de 19mm e sistema trava rosqueada.<\/p>\n<p style=\"text-align: left;\">Normas t\u00e9cnicas: ABNT NBR 15.834-2010 e NBR 14.629-2010.<\/p>\n<p style=\"text-align: left;\">\n<h1 style=\"text-align: center;\">Trava quedas para uso em corda 12mm &#8211; 218638<\/h1>\n<p style=\"text-align: center;\"><img loading=\"lazy\" decoding=\"async\" class=\"alignnone size-medium wp-image-792\" src=\"http:\/\/protevel.com.br\/protevel\/wp-content\/uploads\/2016\/07\/218638-300x265.jpg\" alt=\"218638\" width=\"300\" height=\"265\" srcset=\"http:\/\/protevel.com.br\/protevel\/wp-content\/uploads\/2016\/07\/218638-300x265.jpg 300w, http:\/\/protevel.com.br\/protevel\/wp-content\/uploads\/2016\/07\/218638.jpg 400w\" sizes=\"auto, (max-width: 300px) 100vw, 300px\" \/><\/p>\n<p style=\"text-align: left;\">Descri\u00e7\u00e3o:<\/p>\n<p style=\"text-align: left;\">O Trava Quedas para uso em corda \u00e9 fabricado em a\u00e7o inoxid\u00e1vel e conector com sistema dupla trava roscada. O Dispositivo \u00e9 utilizado em cordas de di\u00e2metro entre \u00d812,7-14mm e resist\u00eancia de ruptura m\u00ednima de 20kN, conforme NR18. Possui olhal para engate do conector. Na extremidade do olhal existe um rolamento deslizante para que o dispositivo deslize suavemente na corda. Possui grava\u00e7\u00e3o de indica\u00e7\u00e3o do sentido correto de montagem na corda. O Trava Quedas possui um dispositivo de seguran\u00e7a que impede a montagem em sentido inverso ao sistema. Mesmo que o usu\u00e1rio tente montar o Trava Quedas de forma errada o mesmo n\u00e3o permitir\u00e1 que isto ocorra, pois o fechamento n\u00e3o poss\u00edvel. Existe um pino Articulado que facilita a movimenta\u00e7\u00e3o tanto no sentido de subida como de descida do usu\u00e1rio, al\u00e9m de realizar o travamento de forma eficiente em caso de queda. Sistema de Trava Roscada e Trava de Seguran\u00e7a para abertura e fechamento do Trava Quedas \u00e0 corda. Rolamento deslizante para a corda.<\/p>\n<p style=\"text-align: left;\">Normas t\u00e9cnicas: NBR 14.626\/2010<\/p>\n","protected":false},"excerpt":{"rendered":"<p>&nbsp; Cinto paraquedista 3 argolas &#8211; 278341 Qualidade, conforto e valor s\u00e3o as principais caracter\u00edsticas da linha Workman. O cinto paraquedista Workman possui diversas configura\u00e7\u00f5es, s\u00e3o leves e possuem componentes de grande durabilidade. C.A. 35056 Descri\u00e7\u00e3o: Cintur\u00e3o de seguran\u00e7a paraquedista\/abdominal WORKMAN 4 ARGOLA, com dois elementos de engate contra queda, sendo 1 dorsal e 1 ..<br \/><a href=\"http:\/\/protevel.com.br\/protevel\/produtos\/trabalho-em-altura\/msa\/\" title=\"Read more\">Read more<\/a><\/p>\n","protected":false},"author":2,"featured_media":0,"parent":751,"menu_order":0,"comment_status":"closed","ping_status":"closed","template":"","meta":{"om_disable_all_campaigns":false,"footnotes":""},"class_list":["post-777","page","type-page","status-publish","hentry"],"aioseo_notices":[],"_links":{"self":[{"href":"http:\/\/protevel.com.br\/protevel\/wp-json\/wp\/v2\/pages\/777","targetHints":{"allow":["GET"]}}],"collection":[{"href":"http:\/\/protevel.com.br\/protevel\/wp-json\/wp\/v2\/pages"}],"about":[{"href":"http:\/\/protevel.com.br\/protevel\/wp-json\/wp\/v2\/types\/page"}],"author":[{"embeddable":true,"href":"http:\/\/protevel.com.br\/protevel\/wp-json\/wp\/v2\/users\/2"}],"replies":[{"embeddable":true,"href":"http:\/\/protevel.com.br\/protevel\/wp-json\/wp\/v2\/comments?post=777"}],"version-history":[{"count":9,"href":"http:\/\/protevel.com.br\/protevel\/wp-json\/wp\/v2\/pages\/777\/revisions"}],"predecessor-version":[{"id":793,"href":"http:\/\/protevel.com.br\/protevel\/wp-json\/wp\/v2\/pages\/777\/revisions\/793"}],"up":[{"embeddable":true,"href":"http:\/\/protevel.com.br\/protevel\/wp-json\/wp\/v2\/pages\/751"}],"wp:attachment":[{"href":"http:\/\/protevel.com.br\/protevel\/wp-json\/wp\/v2\/media?parent=777"}],"curies":[{"name":"wp","href":"https:\/\/api.w.org\/{rel}","templated":true}]}}