{"id":848,"date":"2019-03-18T13:43:09","date_gmt":"2019-03-18T16:43:09","guid":{"rendered":"http:\/\/protevel.com.br\/protevel\/?page_id=848"},"modified":"2020-03-16T08:12:55","modified_gmt":"2020-03-16T11:12:55","slug":"estival","status":"publish","type":"page","link":"http:\/\/protevel.com.br\/protevel\/produtos\/botas\/estival\/","title":{"rendered":"Estival"},"content":{"rendered":"<p style=\"text-align: center;\"><img decoding=\"async\" src=\"https:\/\/static.wixstatic.com\/media\/1970c9_d76a13f3ccef4daf813bf578cae5edd4~mv2.png\/v1\/fill\/w_319,h_36,al_c,q_80,usm_0.66_1.00_0.01\/1970c9_d76a13f3ccef4daf813bf578cae5edd4~mv2.webp\"><\/p>\n<h2 class=\"font_2\" style=\"text-align: center;\">SAPATO ENERGY EN1002 &#8211; C.A. 28.140<\/h2>\n<p><img decoding=\"async\" class=\"alignleft\" src=\"https:\/\/static.wixstatic.com\/media\/1970c9_8a0516c5527d4846998a3ea8c3f708d5~mv2.jpg\/v1\/fill\/w_745,h_522,al_c,q_90,usm_0.66_1.00_0.01\/1970c9_8a0516c5527d4846998a3ea8c3f708d5~mv2.webp\"><\/p>\n<p class=\"font_8\"><span class=\"color_14\">Cal\u00e7ado de seguran\u00e7a tipo t\u00eanis, confeccionado em microfibra ecol\u00f3gica hidrofugada, fechamento atrav\u00e9s de el\u00e1stico e&nbsp;fast-close, forro em material n\u00e3o tecido, palmilha de montagem fixada no cabedal pelo sistema strobel, palmilha de conforto (calcanheira) em EVA macio, biqueira pl\u00e1stica (PVC) e solado em Poliuretano (PU) bidensidade com pontos de rota\u00e7\u00e3o, canais de escoamento e freio resistente a \u00f3leos, graxos e combust\u00edveis.&nbsp;<\/span><\/p>\n<h2 class=\"font_2\" style=\"text-align: center;\">BOTINA ADVENTURE MARROM AD6000 &#8211; C.A. 40.376<\/h2>\n<p><img decoding=\"async\" class=\"alignleft\" src=\"https:\/\/static.wixstatic.com\/media\/1970c9_295759e93e03444baf0568e1150a448b~mv2.png\/v1\/fill\/w_745,h_522,al_c,q_90,usm_0.66_1.00_0.01\/1970c9_295759e93e03444baf0568e1150a448b~mv2.webp\"><\/p>\n<p>Cal\u00e7ado tipo bota at\u00e9 o tornozelo, confeccionado em couro nobuck de alta resist\u00eancia, tecido,&nbsp;fechamento em atacador, forra\u00e7\u00e3o em material n\u00e3o tecido respir\u00e1vel, palmilha de montagem fixada no cabedal, palmilha de conforto em EVA com microfuros para respira\u00e7\u00e3o, biqueira pl\u00e1stica PVC, solado de borracha resistente a \u00f3leos, graxos e combust\u00edveis.<\/p>\n<h2 class=\"font_2\" style=\"text-align: center;\">BOTINA ADVENTURE PA\u00c7OCA AD8000 &#8211; C.A. 40.376<\/h2>\n<p><img decoding=\"async\" class=\"alignleft\" src=\"https:\/\/static.wixstatic.com\/media\/1970c9_8cb175a7f8e244728113ad9f62d2a4ad~mv2.jpg\/v1\/fill\/w_745,h_522,al_c,q_90,usm_0.66_1.00_0.01\/1970c9_8cb175a7f8e244728113ad9f62d2a4ad~mv2.webp\"><\/p>\n<p>Cal\u00e7ado tipo bota at\u00e9 o tornozelo, confeccionado em couro nobuck de alta resist\u00eancia, fechamento em atacador, forra\u00e7\u00e3o em material n\u00e3o tecido respir\u00e1vel, palmilha de montagem fixada no cabedal, palmilha de conforto em EVA com microfuros para respira\u00e7\u00e3o, biqueira pl\u00e1stica PVC, solado de borracha resistente a \u00f3leos, graxos e combust\u00edveis.<\/p>\n","protected":false},"excerpt":{"rendered":"<p>SAPATO ENERGY EN1002 &#8211; C.A. 28.140 Cal\u00e7ado de seguran\u00e7a tipo t\u00eanis, confeccionado em microfibra ecol\u00f3gica hidrofugada, fechamento atrav\u00e9s de el\u00e1stico e&nbsp;fast-close, forro em material n\u00e3o tecido, palmilha de montagem fixada no cabedal pelo sistema strobel, palmilha de conforto (calcanheira) em EVA macio, biqueira pl\u00e1stica (PVC) e solado em Poliuretano (PU) bidensidade com pontos de rota\u00e7\u00e3o, ..<br \/><a href=\"http:\/\/protevel.com.br\/protevel\/produtos\/botas\/estival\/\" title=\"Read more\">Read more<\/a><\/p>\n","protected":false},"author":2,"featured_media":0,"parent":17,"menu_order":0,"comment_status":"closed","ping_status":"closed","template":"","meta":{"om_disable_all_campaigns":false,"footnotes":""},"class_list":["post-848","page","type-page","status-publish","hentry"],"aioseo_notices":[],"_links":{"self":[{"href":"http:\/\/protevel.com.br\/protevel\/wp-json\/wp\/v2\/pages\/848","targetHints":{"allow":["GET"]}}],"collection":[{"href":"http:\/\/protevel.com.br\/protevel\/wp-json\/wp\/v2\/pages"}],"about":[{"href":"http:\/\/protevel.com.br\/protevel\/wp-json\/wp\/v2\/types\/page"}],"author":[{"embeddable":true,"href":"http:\/\/protevel.com.br\/protevel\/wp-json\/wp\/v2\/users\/2"}],"replies":[{"embeddable":true,"href":"http:\/\/protevel.com.br\/protevel\/wp-json\/wp\/v2\/comments?post=848"}],"version-history":[{"count":9,"href":"http:\/\/protevel.com.br\/protevel\/wp-json\/wp\/v2\/pages\/848\/revisions"}],"predecessor-version":[{"id":1054,"href":"http:\/\/protevel.com.br\/protevel\/wp-json\/wp\/v2\/pages\/848\/revisions\/1054"}],"up":[{"embeddable":true,"href":"http:\/\/protevel.com.br\/protevel\/wp-json\/wp\/v2\/pages\/17"}],"wp:attachment":[{"href":"http:\/\/protevel.com.br\/protevel\/wp-json\/wp\/v2\/media?parent=848"}],"curies":[{"name":"wp","href":"https:\/\/api.w.org\/{rel}","templated":true}]}}