{"id":902,"date":"2019-03-19T15:59:52","date_gmt":"2019-03-19T18:59:52","guid":{"rendered":"http:\/\/protevel.com.br\/protevel\/?page_id=902"},"modified":"2020-03-16T08:13:36","modified_gmt":"2020-03-16T11:13:36","slug":"gogowear","status":"publish","type":"page","link":"http:\/\/protevel.com.br\/protevel\/produtos\/botas\/gogowear\/","title":{"rendered":"Gogowear"},"content":{"rendered":"<h1 class=\"title\" style=\"text-align: center;\">Coturno Adventure em Couro Gogowear Picker Grafite &#8211; C.A. 39.810<\/h1>\n<p><img loading=\"lazy\" decoding=\"async\" width=\"401\" height=\"312\" class=\"alignleft\" src=\"https:\/\/img.irroba.com.br\/fit-in\/900x700\/filters:fill(fff):format(webp)\/lojagogo\/catalog\/fotos\/sapatenis\/picker\/02.JPG\"><\/p>\n<p>Voc\u00ea n\u00e3o precisa estar a todo tempo muito s\u00e9rio, muito formal.&nbsp;Oferecemos diversas possibilidades para viver a vida intensamente, nutrindo a mem\u00f3ria de momentos inesquec\u00edveis e sem abrir m\u00e3o do conforto e qualidade.<\/p>\n<p><span style=\"font-family: Tahoma, sans-serif;\"><span style=\"color: #424242;\">Muito mais confort\u00e1vel<\/span><\/span><\/p>\n<p><span style=\"font-family: Tahoma, sans-serif;\"><span style=\"color: #424242;\">Visual atraente<\/span><\/span><\/p>\n<p><span style=\"font-family: Tahoma, sans-serif;\"><span style=\"color: #424242;\">Menos calor<\/span><\/span><\/p>\n<p><span style=\"font-family: Tahoma, sans-serif;\"><span style=\"color: #424242;\">Maior durabilidade<\/span><\/span><\/p>\n","protected":false},"excerpt":{"rendered":"<p>Coturno Adventure em Couro Gogowear Picker Grafite &#8211; C.A. 39.810 Voc\u00ea n\u00e3o precisa estar a todo tempo muito s\u00e9rio, muito formal.&nbsp;Oferecemos diversas possibilidades para viver a vida intensamente, nutrindo a mem\u00f3ria de momentos inesquec\u00edveis e sem abrir m\u00e3o do conforto e qualidade. Muito mais confort\u00e1vel Visual atraente Menos calor Maior durabilidade<\/p>\n","protected":false},"author":2,"featured_media":0,"parent":17,"menu_order":0,"comment_status":"closed","ping_status":"closed","template":"","meta":{"om_disable_all_campaigns":false,"footnotes":""},"class_list":["post-902","page","type-page","status-publish","hentry"],"aioseo_notices":[],"_links":{"self":[{"href":"http:\/\/protevel.com.br\/protevel\/wp-json\/wp\/v2\/pages\/902","targetHints":{"allow":["GET"]}}],"collection":[{"href":"http:\/\/protevel.com.br\/protevel\/wp-json\/wp\/v2\/pages"}],"about":[{"href":"http:\/\/protevel.com.br\/protevel\/wp-json\/wp\/v2\/types\/page"}],"author":[{"embeddable":true,"href":"http:\/\/protevel.com.br\/protevel\/wp-json\/wp\/v2\/users\/2"}],"replies":[{"embeddable":true,"href":"http:\/\/protevel.com.br\/protevel\/wp-json\/wp\/v2\/comments?post=902"}],"version-history":[{"count":2,"href":"http:\/\/protevel.com.br\/protevel\/wp-json\/wp\/v2\/pages\/902\/revisions"}],"predecessor-version":[{"id":1056,"href":"http:\/\/protevel.com.br\/protevel\/wp-json\/wp\/v2\/pages\/902\/revisions\/1056"}],"up":[{"embeddable":true,"href":"http:\/\/protevel.com.br\/protevel\/wp-json\/wp\/v2\/pages\/17"}],"wp:attachment":[{"href":"http:\/\/protevel.com.br\/protevel\/wp-json\/wp\/v2\/media?parent=902"}],"curies":[{"name":"wp","href":"https:\/\/api.w.org\/{rel}","templated":true}]}}