{"id":929,"date":"2019-03-20T15:03:58","date_gmt":"2019-03-20T18:03:58","guid":{"rendered":"http:\/\/protevel.com.br\/protevel\/?page_id=929"},"modified":"2019-03-20T15:47:54","modified_gmt":"2019-03-20T18:47:54","slug":"lalan","status":"publish","type":"page","link":"http:\/\/protevel.com.br\/protevel\/produtos\/luvas\/lalan\/","title":{"rendered":"Lalan"},"content":{"rendered":"<h1 style=\"text-align: center;\">Latex Silver Amarela &#8211; C.A. 41.037<\/h1>\n<h4><img loading=\"lazy\" decoding=\"async\" class=\"alignleft\" src=\"http:\/\/lalan.com.br\/wp-content\/uploads\/multiuso.png\" width=\"400\" height=\"321\" \/>Caracter\u00edsticas<\/h4>\n<ul>\n<li>Tratamento Silver que proporciona sensibilidade extra, maior conforto e f\u00e1cil cal\u00e7amento;<\/li>\n<li>Punho com virola que facilita o cal\u00e7amento e trabalhos com l\u00edquidos, pois sua virola veda na medida certa e impede que estes l\u00edquidos escorram para dentro da luva;<\/li>\n<li>Clorada para diminuir os res\u00edduos qu\u00edmicos, melhorar as propriedades mec\u00e2nicas e tornar a superf\u00edcie mais macia\/confort\u00e1vel;<\/li>\n<li>Formato anat\u00f4mico que oferece conforto e minimiza a fadiga das m\u00e3os;<\/li>\n<li>Texturizada na palma e dedos para uma melhor ader\u00eancia em superf\u00edcies secas ou molhadas;<\/li>\n<li>Hipoalerg\u00eanicas (menor probabilidade ao risco de alergias);<\/li>\n<li>F\u00e1cil higieniza\u00e7\u00e3o;<\/li>\n<li>Reutiliz\u00e1vel.<\/li>\n<\/ul>\n<h4>Indica\u00e7\u00f5es<\/h4>\n<p>Agricultura, ind\u00fastria automotiva, limpeza, laborat\u00f3rios, produtos qu\u00edmicos, horticultura, manuten\u00e7\u00e3o geral e manipula\u00e7\u00e3o de alimentos.<\/p>\n<p>&nbsp;<\/p>\n<h1 style=\"text-align: center;\">Latex Silver Verde &#8211; C.A. 39.562<\/h1>\n<h4><img loading=\"lazy\" decoding=\"async\" class=\"alignleft\" src=\"http:\/\/lalan.com.br\/wp-content\/uploads\/2017\/12\/silver-verde.jpg\" width=\"397\" height=\"266\" \/>Caracter\u00edsticas<\/h4>\n<ul>\n<li>Tratamento silver que proporciona sensibilidade extra, maior conforto e f\u00e1cil cal\u00e7amento;<\/li>\n<li>Clorada para diminuir os res\u00edduos qu\u00edmicos e acabamento externo liso;<\/li>\n<li>Formato anat\u00f4mico que oferece conforto e minimiza a fadiga das m\u00e3os;<\/li>\n<li>Texturizada na palma e dedos para uma melhor ader\u00eancia em superf\u00edcies secas ou molhadas;<\/li>\n<\/ul>\n<h4>Indica\u00e7\u00f5es<\/h4>\n<p>Agricultura, ind\u00fastria automotiva, limpeza, laborat\u00f3rios, produtos qu\u00edmicos, horticultura, manuten\u00e7\u00e3o geral e manipula\u00e7\u00e3o de alimentos.<\/p>\n<p>&nbsp;<\/p>\n<h1 style=\"text-align: center;\">CUT N5 \u2013 AdvanSafety\u00ae &#8211; C.A. 39.558<\/h1>\n<h4><img loading=\"lazy\" decoding=\"async\" class=\"alignleft\" src=\"http:\/\/lalan.com.br\/wp-content\/uploads\/2017\/03\/cut-n5.jpg\" width=\"401\" height=\"269\" \/>Caracter\u00edsticas<\/h4>\n<ul>\n<li>Alta resist\u00eancia em polietileno promovendo resist\u00eancia ao corte;<\/li>\n<li>Luva com um ajuste confort\u00e1vel, alta resist\u00eancia \u00e0 abras\u00e3o, rasgos e furos;<\/li>\n<\/ul>\n<h4>Indica\u00e7\u00f5es<\/h4>\n<p>Ind\u00fastria automotiva, transporte, log\u00edstica, ind\u00fastria de vidros, industria metal\u00fargica, constru\u00e7\u00e3o civil, saneamento, ind\u00fastria qu\u00edmica e outros.<\/p>\n<p>&nbsp;<\/p>\n<h1 style=\"text-align: center;\">NITRILAN \u2013 AdvanSafety\u00ae &#8211; C.A. 39.565<\/h1>\n<h4><img loading=\"lazy\" decoding=\"async\" class=\"alignleft\" src=\"http:\/\/lalan.com.br\/wp-content\/uploads\/2016\/11\/luva-de-nitrilo-com-forro-verde.jpg\" width=\"400\" height=\"282\" \/>Caracter\u00edsticas<\/h4>\n<ul>\n<li>M\u00e1xima abras\u00e3o de acordo com a norma EN<\/li>\n<li>Puro algod\u00e3o em flocos que absorve o suor e mant\u00e9m as m\u00e3os frescas e secas<\/li>\n<li>Formato anat\u00f4mico que oferece conforto e minimiza a fadiga das m\u00e3os<\/li>\n<li>Texturizada na palma e dedos para uma melhor ader\u00eancia em superf\u00edcies secas ou molhadas<\/li>\n<\/ul>\n<h4>Indica\u00e7\u00f5es<\/h4>\n<p>Agricultura, ind\u00fastria automotiva, limpeza, laborat\u00f3rios, produtos qu\u00edmicos, horticultura, manuten\u00e7\u00e3o geral, manipula\u00e7\u00e3o de alimentos, log\u00edstica, manipula\u00e7\u00e3o de \u00f3leo e g\u00e1s, tintas e outros<\/p>\n<p>&nbsp;<\/p>\n<h1 style=\"text-align: center;\">NITRIFOODS AMBI AZUL \u2013 AdvanSafety\u00ae &#8211; C.A. 39.620<\/h1>\n<h4><img loading=\"lazy\" decoding=\"async\" class=\"alignleft\" src=\"http:\/\/lalan.com.br\/wp-content\/uploads\/2016\/12\/ambidestra-azul.jpg\" width=\"399\" height=\"268\" \/>Caracter\u00edsticas<\/h4>\n<ul>\n<li>Protege de alguns solventes, \u00f3leos e graxas;<\/li>\n<li>Clorada para diminuir os res\u00edduos qu\u00edmicos;<\/li>\n<li>Formato anat\u00f4mico que oferece conforto e minimiza a fadiga das m\u00e3os;<\/li>\n<li>Texturizada na palma e dedos para uma melhor ader\u00eancia em superf\u00edcies secas ou molhadas;<\/li>\n<\/ul>\n<h4>Indica\u00e7\u00f5es<\/h4>\n<p>Ind\u00fastria automotiva, limpeza, laborat\u00f3rios, produtos qu\u00edmicos, horticultura, manuten\u00e7\u00e3o geral, manipula\u00e7\u00e3o de alimentos, log\u00edstica, manipula\u00e7\u00e3o de \u00f3leo e g\u00e1s, tintas e outros.<\/p>\n<p>&nbsp;<\/p>\n<h1 style=\"text-align: center;\">NITRIFOODS AMBI VERDE AdvanSafety\u00ae &#8211; C.A. 39.620<\/h1>\n<h4><img loading=\"lazy\" decoding=\"async\" class=\"alignleft\" src=\"http:\/\/lalan.com.br\/wp-content\/uploads\/2017\/12\/ambidestra-verde.jpg\" width=\"401\" height=\"269\" \/>Caracter\u00edsticas<\/h4>\n<ul>\n<li>Protege de alguns solventes, \u00f3leos e graxas;<\/li>\n<li>Clorada para diminuir os res\u00edduos qu\u00edmicos;<\/li>\n<li>Formato anat\u00f4mico que oferece conforto e minimiza a fadiga das m\u00e3os;<\/li>\n<li>Texturizada na palma e dedos para uma melhor ader\u00eancia em superf\u00edcies secas ou molhadas;<\/li>\n<\/ul>\n<h4>Indica\u00e7\u00f5es<\/h4>\n<p>Ind\u00fastria automotiva, limpeza, laborat\u00f3rios, produtos qu\u00edmicos, horticultura, manuten\u00e7\u00e3o geral, manipula\u00e7\u00e3o de alimentos, log\u00edstica, manipula\u00e7\u00e3o de \u00f3leo e g\u00e1s, tintas e outros.<\/p>\n","protected":false},"excerpt":{"rendered":"<p>Latex Silver Amarela &#8211; C.A. 41.037 Caracter\u00edsticas Tratamento Silver que proporciona sensibilidade extra, maior conforto e f\u00e1cil cal\u00e7amento; Punho com virola que facilita o cal\u00e7amento e trabalhos com l\u00edquidos, pois sua virola veda na medida certa e impede que estes l\u00edquidos escorram para dentro da luva; Clorada para diminuir os res\u00edduos qu\u00edmicos, melhorar as propriedades ..<br \/><a href=\"http:\/\/protevel.com.br\/protevel\/produtos\/luvas\/lalan\/\" title=\"Read more\">Read more<\/a><\/p>\n","protected":false},"author":2,"featured_media":0,"parent":193,"menu_order":0,"comment_status":"closed","ping_status":"closed","template":"","meta":{"om_disable_all_campaigns":false,"footnotes":""},"class_list":["post-929","page","type-page","status-publish","hentry"],"aioseo_notices":[],"_links":{"self":[{"href":"http:\/\/protevel.com.br\/protevel\/wp-json\/wp\/v2\/pages\/929","targetHints":{"allow":["GET"]}}],"collection":[{"href":"http:\/\/protevel.com.br\/protevel\/wp-json\/wp\/v2\/pages"}],"about":[{"href":"http:\/\/protevel.com.br\/protevel\/wp-json\/wp\/v2\/types\/page"}],"author":[{"embeddable":true,"href":"http:\/\/protevel.com.br\/protevel\/wp-json\/wp\/v2\/users\/2"}],"replies":[{"embeddable":true,"href":"http:\/\/protevel.com.br\/protevel\/wp-json\/wp\/v2\/comments?post=929"}],"version-history":[{"count":8,"href":"http:\/\/protevel.com.br\/protevel\/wp-json\/wp\/v2\/pages\/929\/revisions"}],"predecessor-version":[{"id":938,"href":"http:\/\/protevel.com.br\/protevel\/wp-json\/wp\/v2\/pages\/929\/revisions\/938"}],"up":[{"embeddable":true,"href":"http:\/\/protevel.com.br\/protevel\/wp-json\/wp\/v2\/pages\/193"}],"wp:attachment":[{"href":"http:\/\/protevel.com.br\/protevel\/wp-json\/wp\/v2\/media?parent=929"}],"curies":[{"name":"wp","href":"https:\/\/api.w.org\/{rel}","templated":true}]}}